{"id":16965,"date":"2024-09-09T02:17:39","date_gmt":"2024-09-09T02:17:39","guid":{"rendered":"https:\/\/www.nogometnionline.com\/?post_type=product&#038;p=16965"},"modified":"2024-09-09T02:17:44","modified_gmt":"2024-09-09T02:17:44","slug":"moski-nogometni-dresi-bayer-04-leverkusen-gostujoci-2024-2025-z-imenom","status":"publish","type":"product","link":"https:\/\/www.nogometnizaotroke.com\/en\/product\/moski-nogometni-dresi-bayer-04-leverkusen-gostujoci-2024-2025-z-imenom\/","title":{"rendered":"Mo\u0161ki Nogometni dresi Bayer 04 Leverkusen Gostujo\u010di 2024-2025 z imenom"},"content":{"rendered":"<p>Gostujo\u010di dres Bayer 04 Leverkusen 2024\/25 ima belo osnovo z zna\u010dilnim sivim cik-cak \u010drtastim vzorcem, ki poteka navpi\u010dno \u010dez majico. Bakreni poudarki dodajo pridih prefinjenosti, z emblemom Bayer 04 in izvezenim logotipom Castore, ki se pojavljata v tem odtenku na prsih.Imena in \u0161tevilke igralcev na hrbtni strani so prav tako upodobljene v svetle\u010dem bakrenem odtenku. \u00bbWerkself\u00ab, vzdevek ekipe, je vklju\u010den v vratni izrez z bakrenimi \u010drkami. Logotip glavnega sponzorja Barmenia je prikazan v \u010drni barvi na prsih, medtem ko zlati tisk prvakov Bundeslige na desnem rokavu slu\u017ei kot opomnik na nedavno zmagoslavje kluba.<\/p>\n<p>Tips for socks: the T-shirt does not include socks by default. If you want socks, select the sock options to pay for them.<\/p>\n<p>Printing tip: If the name and number in the image are exactly what you want, you don't need to enter it again. If it is not, then enter the name and number you want.<\/p>\n<p>Washing tip: It is recommended to hand wash football jerseys. If you want to use a washing machine, remember to turn the jersey over and then wash it. And fill the machine with cold water and use a gentle wash cycle to protect the colours more.<\/p>","protected":false},"excerpt":{"rendered":"<p>Gostujo\u010di dres Bayer 04 Leverkusen 2024\/25 ima belo osnovo z zna\u010dilnim sivim cik-cak \u010drtastim vzorcem, ki poteka navpi\u010dno \u010dez majico. Bakreni poudarki dodajo pridih prefinjenosti, z emblemom Bayer 04 in izvezenim logotipom Castore, ki se pojavljata v tem odtenku na prsih.Imena in \u0161tevilke igralcev na hrbtni strani so prav tako upodobljene v svetle\u010dem bakrenem odtenku. [&hellip;]<\/p>","protected":false},"featured_media":16967,"comment_status":"open","ping_status":"closed","template":"","meta":[],"product_brand":[],"product_cat":[888,140],"product_tag":[890,150,217,153,891,148,889,147],"class_list":{"0":"post-16965","1":"product","2":"type-product","3":"status-publish","4":"has-post-thumbnail","6":"product_cat-nogometni-dresi-bayer-leverkusen","7":"product_cat-moski","8":"product_tag-bayer-leverkusen-dresi-z-lastnim-imenom","9":"product_tag-moski-nogometni-dresi","10":"product_tag-najcenejsi-nogometni-dresi","11":"product_tag-nogometni-dresi","12":"product_tag-poceni-bayer-leverkusen-dresi","13":"product_tag-poceni-nogometni-dresi","14":"product_tag-poceni-nogometni-dresi-bayer-leverkusen-z-lastnim-imenom-online","15":"product_tag-slovenski-nogometni-dresi","17":"first","18":"instock","19":"shipping-taxable","20":"purchasable","21":"product-type-variable"},"_links":{"self":[{"href":"https:\/\/www.nogometnizaotroke.com\/en\/wp-json\/wp\/v2\/product\/16965","targetHints":{"allow":["GET"]}}],"collection":[{"href":"https:\/\/www.nogometnizaotroke.com\/en\/wp-json\/wp\/v2\/product"}],"about":[{"href":"https:\/\/www.nogometnizaotroke.com\/en\/wp-json\/wp\/v2\/types\/product"}],"replies":[{"embeddable":true,"href":"https:\/\/www.nogometnizaotroke.com\/en\/wp-json\/wp\/v2\/comments?post=16965"}],"wp:featuredmedia":[{"embeddable":true,"href":"https:\/\/www.nogometnizaotroke.com\/en\/wp-json\/wp\/v2\/media\/16967"}],"wp:attachment":[{"href":"https:\/\/www.nogometnizaotroke.com\/en\/wp-json\/wp\/v2\/media?parent=16965"}],"wp:term":[{"taxonomy":"product_brand","embeddable":true,"href":"https:\/\/www.nogometnizaotroke.com\/en\/wp-json\/wp\/v2\/product_brand?post=16965"},{"taxonomy":"product_cat","embeddable":true,"href":"https:\/\/www.nogometnizaotroke.com\/en\/wp-json\/wp\/v2\/product_cat?post=16965"},{"taxonomy":"product_tag","embeddable":true,"href":"https:\/\/www.nogometnizaotroke.com\/en\/wp-json\/wp\/v2\/product_tag?post=16965"}],"curies":[{"name":"wp","href":"https:\/\/api.w.org\/{rel}","templated":true}]}}