{"id":16780,"date":"2024-09-04T05:39:41","date_gmt":"2024-09-04T05:39:41","guid":{"rendered":"https:\/\/www.nogometnionline.com\/?post_type=product&#038;p=16780"},"modified":"2024-09-04T05:39:45","modified_gmt":"2024-09-04T05:39:45","slug":"otroski-nogometni-dresi-kompleti-za-otroke-real-betis-domaci-2024-2025","status":"publish","type":"product","link":"https:\/\/www.nogometnizaotroke.com\/en\/product\/otroski-nogometni-dresi-kompleti-za-otroke-real-betis-domaci-2024-2025\/","title":{"rendered":"Otro\u0161ki Nogometni Dresi Kompleti za otroke Real Betis Doma\u010di 2024-2025"},"content":{"rendered":"<p>Dres Hummel Real Betis 2024-25 ima dizajn, ki spominja na polo majico iz zgodnjih 90-ih, s polo ovratnikom na gumbe.Dres Hummel Real Betis 24-25 ima \u0161e vedno tradicionalne belo\/zelene \u010drte z mat\/sijajnim \u017eakard blagom za klasi\u010den ob\u010dutek.<\/p>\n<p>Tips for socks: the T-shirt does not include socks by default. If you want socks, select the sock options to pay for them.<\/p>\n<p>Printing tip: If the name and number in the image are exactly what you want, you don't need to enter it again. If it is not, then enter the name and number you want.<\/p>\n<p>Washing tip: It is recommended to hand wash football jerseys. If you want to use a washing machine, remember to turn the jersey over and then wash it. And fill the machine with cold water and use a gentle wash cycle to protect the colours more.<\/p>","protected":false},"excerpt":{"rendered":"<p>Dres Hummel Real Betis 2024-25 ima dizajn, ki spominja na polo majico iz zgodnjih 90-ih, s polo ovratnikom na gumbe.Dres Hummel Real Betis 24-25 ima \u0161e vedno tradicionalne belo\/zelene \u010drte z mat\/sijajnim \u017eakard blagom za klasi\u010den ob\u010dutek. Nasveti za nogavice: Majica ne vsebuje nogavic privzeto. \u010ce \u017eelite nogavice, izberite mo\u017enosti nogavic, da jih pla\u010date. Nasveti [&hellip;]<\/p>","protected":false},"featured_media":16782,"comment_status":"open","ping_status":"closed","template":"","meta":[],"product_brand":[],"product_cat":[73,65],"product_tag":[153,697,220,159,148,696,147],"class_list":{"0":"post-16780","1":"product","2":"type-product","3":"status-publish","4":"has-post-thumbnail","6":"product_cat-otroski","7":"product_cat-nogometni-dresi-real-betis","8":"product_tag-nogometni-dresi","9":"product_tag-nogometni-dresi-real-betis-z-lastnim-imenom","10":"product_tag-nogometni-dresi-za-otroke","11":"product_tag-otroski-nogometni-dresi","12":"product_tag-poceni-nogometni-dresi","13":"product_tag-poceni-nogometni-dresi-real-betis","14":"product_tag-slovenski-nogometni-dresi","16":"first","17":"instock","18":"shipping-taxable","19":"purchasable","20":"product-type-variable"},"_links":{"self":[{"href":"https:\/\/www.nogometnizaotroke.com\/en\/wp-json\/wp\/v2\/product\/16780","targetHints":{"allow":["GET"]}}],"collection":[{"href":"https:\/\/www.nogometnizaotroke.com\/en\/wp-json\/wp\/v2\/product"}],"about":[{"href":"https:\/\/www.nogometnizaotroke.com\/en\/wp-json\/wp\/v2\/types\/product"}],"replies":[{"embeddable":true,"href":"https:\/\/www.nogometnizaotroke.com\/en\/wp-json\/wp\/v2\/comments?post=16780"}],"wp:featuredmedia":[{"embeddable":true,"href":"https:\/\/www.nogometnizaotroke.com\/en\/wp-json\/wp\/v2\/media\/16782"}],"wp:attachment":[{"href":"https:\/\/www.nogometnizaotroke.com\/en\/wp-json\/wp\/v2\/media?parent=16780"}],"wp:term":[{"taxonomy":"product_brand","embeddable":true,"href":"https:\/\/www.nogometnizaotroke.com\/en\/wp-json\/wp\/v2\/product_brand?post=16780"},{"taxonomy":"product_cat","embeddable":true,"href":"https:\/\/www.nogometnizaotroke.com\/en\/wp-json\/wp\/v2\/product_cat?post=16780"},{"taxonomy":"product_tag","embeddable":true,"href":"https:\/\/www.nogometnizaotroke.com\/en\/wp-json\/wp\/v2\/product_tag?post=16780"}],"curies":[{"name":"wp","href":"https:\/\/api.w.org\/{rel}","templated":true}]}}