{"id":16751,"date":"2024-09-03T13:03:42","date_gmt":"2024-09-03T13:03:42","guid":{"rendered":"https:\/\/www.nogometnionline.com\/?post_type=product&#038;p=16751"},"modified":"2024-09-03T13:05:33","modified_gmt":"2024-09-03T13:05:33","slug":"najcenejsi-nogometni-dresi-borussia-monchengladbach-domaci-2024-2025","status":"publish","type":"product","link":"https:\/\/www.nogometnizaotroke.com\/en\/product\/najcenejsi-nogometni-dresi-borussia-monchengladbach-domaci-2024-2025\/","title":{"rendered":"Najcenej\u0161i Nogometni dresi Borussia Monchengladbach Doma\u010di 2024-2025"},"content":{"rendered":"<p>Dresi Borussia Monchengladbach Doma\u010di 2024-25 predstavlja edinstven videz, ki zdru\u017euje belo osnovo z dvema zelenima \u010drtama na sprednji strani, ob vsaki pa \u010drna \u010drta na zunanji strani.Drugi \u010drni in zeleni elementi vklju\u010dujejo ovratnik, man\u0161ete in \u010drto na spodnjem delu hrbta.<\/p>\n<p>Tips for socks: the T-shirt does not include socks by default. If you want socks, select the sock options to pay for them.<\/p>\n<p>Printing tip: If the name and number in the image are exactly what you want, you don't need to enter it again. If it is not, then enter the name and number you want.<\/p>\n<p>Washing tip: It is recommended to hand wash football jerseys. If you want to use a washing machine, remember to turn the jersey over and then wash it. And fill the machine with cold water and use a gentle wash cycle to protect the colours more.<\/p>","protected":false},"excerpt":{"rendered":"<p>Dresi Borussia Monchengladbach Doma\u010di 2024-25 predstavlja edinstven videz, ki zdru\u017euje belo osnovo z dvema zelenima \u010drtama na sprednji strani, ob vsaki pa \u010drna \u010drta na zunanji strani.Drugi \u010drni in zeleni elementi vklju\u010dujejo ovratnik, man\u0161ete in \u010drto na spodnjem delu hrbta. Nasveti za nogavice: Majica ne vsebuje nogavic privzeto. \u010ce \u017eelite nogavice, izberite mo\u017enosti nogavic, da [&hellip;]<\/p>","protected":false},"featured_media":16753,"comment_status":"open","ping_status":"closed","template":"","meta":[],"product_brand":[],"product_cat":[140,63],"product_tag":[150,217,153,1275,148,1276,1277,147],"class_list":{"0":"post-16751","1":"product","2":"type-product","3":"status-publish","4":"has-post-thumbnail","6":"product_cat-moski","7":"product_cat-nogometni-dresi-borussia-monchengladbach","8":"product_tag-moski-nogometni-dresi","9":"product_tag-najcenejsi-nogometni-dresi","10":"product_tag-nogometni-dresi","11":"product_tag-nogometni-dresi-borussia-monchengladbach-z-lastnim-imenom","12":"product_tag-poceni-nogometni-dresi","13":"product_tag-poceni-nogometni-dresi-borussia-monchengladbach","14":"product_tag-poceni-nogometni-dresi-borussia-monchengladbach-z-lastnim-imenom-online","15":"product_tag-slovenski-nogometni-dresi","17":"first","18":"instock","19":"shipping-taxable","20":"purchasable","21":"product-type-variable"},"_links":{"self":[{"href":"https:\/\/www.nogometnizaotroke.com\/en\/wp-json\/wp\/v2\/product\/16751","targetHints":{"allow":["GET"]}}],"collection":[{"href":"https:\/\/www.nogometnizaotroke.com\/en\/wp-json\/wp\/v2\/product"}],"about":[{"href":"https:\/\/www.nogometnizaotroke.com\/en\/wp-json\/wp\/v2\/types\/product"}],"replies":[{"embeddable":true,"href":"https:\/\/www.nogometnizaotroke.com\/en\/wp-json\/wp\/v2\/comments?post=16751"}],"wp:featuredmedia":[{"embeddable":true,"href":"https:\/\/www.nogometnizaotroke.com\/en\/wp-json\/wp\/v2\/media\/16753"}],"wp:attachment":[{"href":"https:\/\/www.nogometnizaotroke.com\/en\/wp-json\/wp\/v2\/media?parent=16751"}],"wp:term":[{"taxonomy":"product_brand","embeddable":true,"href":"https:\/\/www.nogometnizaotroke.com\/en\/wp-json\/wp\/v2\/product_brand?post=16751"},{"taxonomy":"product_cat","embeddable":true,"href":"https:\/\/www.nogometnizaotroke.com\/en\/wp-json\/wp\/v2\/product_cat?post=16751"},{"taxonomy":"product_tag","embeddable":true,"href":"https:\/\/www.nogometnizaotroke.com\/en\/wp-json\/wp\/v2\/product_tag?post=16751"}],"curies":[{"name":"wp","href":"https:\/\/api.w.org\/{rel}","templated":true}]}}