{"id":16730,"date":"2024-09-03T12:27:00","date_gmt":"2024-09-03T12:27:00","guid":{"rendered":"https:\/\/www.nogometnionline.com\/?post_type=product&#038;p=16730"},"modified":"2024-09-03T12:27:04","modified_gmt":"2024-09-03T12:27:04","slug":"poceni-nogometni-dresi-feyenoord-domaci-2024-2025-santiago-gimenez-29","status":"publish","type":"product","link":"https:\/\/www.nogometnizaotroke.com\/en\/product\/poceni-nogometni-dresi-feyenoord-domaci-2024-2025-santiago-gimenez-29\/","title":{"rendered":"Poceni Nogometni dresi Feyenoord Doma\u010di 2024-2025 Santiago Gimenez 29"},"content":{"rendered":"<p>Nogometna majica dresi Feyenoord Doma\u010di 2024-2025\u00a0 je oblikovana pol in pol z rde\u010do na desni in belo na levi. Rokavi so kontrastnih barv z belo na desni in rde\u010do na levi strani.Okrogel ovratnik in man\u0161ete so \u010drne barve.<\/p>\n<p>Tips for socks: the T-shirt does not include socks by default. If you want socks, select the sock options to pay for them.<\/p>\n<p>Printing tip: If the name and number in the image are exactly what you want, you don't need to enter it again. If it is not, then enter the name and number you want.<\/p>\n<p>Washing tip: It is recommended to hand wash football jerseys. If you want to use a washing machine, remember to turn the jersey over and then wash it. And fill the machine with cold water and use a gentle wash cycle to protect the colours more.<\/p>","protected":false},"excerpt":{"rendered":"<p>Nogometna majica dresi Feyenoord Doma\u010di 2024-2025\u00a0 je oblikovana pol in pol z rde\u010do na desni in belo na levi. Rokavi so kontrastnih barv z belo na desni in rde\u010do na levi strani.Okrogel ovratnik in man\u0161ete so \u010drne barve. Nasveti za nogavice: Majica ne vsebuje nogavic privzeto. \u010ce \u017eelite nogavice, izberite mo\u017enosti nogavic, da jih pla\u010date. [&hellip;]<\/p>","protected":false},"featured_media":16732,"comment_status":"open","ping_status":"closed","template":"","meta":[],"product_brand":[],"product_cat":[140,61],"product_tag":[150,217,153,1271,148,1272,1273,147],"class_list":{"0":"post-16730","1":"product","2":"type-product","3":"status-publish","4":"has-post-thumbnail","6":"product_cat-moski","7":"product_cat-nogometni-dresi-feyenoord","8":"product_tag-moski-nogometni-dresi","9":"product_tag-najcenejsi-nogometni-dresi","10":"product_tag-nogometni-dresi","11":"product_tag-nogometni-dresi-feyenoord-z-lastnim-imenom","12":"product_tag-poceni-nogometni-dresi","13":"product_tag-poceni-nogometni-dresi-feyenoord","14":"product_tag-poceni-nogometni-dresi-feyenoord-z-lastnim-imenom-online","15":"product_tag-slovenski-nogometni-dresi","17":"first","18":"instock","19":"shipping-taxable","20":"purchasable","21":"product-type-variable"},"_links":{"self":[{"href":"https:\/\/www.nogometnizaotroke.com\/en\/wp-json\/wp\/v2\/product\/16730","targetHints":{"allow":["GET"]}}],"collection":[{"href":"https:\/\/www.nogometnizaotroke.com\/en\/wp-json\/wp\/v2\/product"}],"about":[{"href":"https:\/\/www.nogometnizaotroke.com\/en\/wp-json\/wp\/v2\/types\/product"}],"replies":[{"embeddable":true,"href":"https:\/\/www.nogometnizaotroke.com\/en\/wp-json\/wp\/v2\/comments?post=16730"}],"wp:featuredmedia":[{"embeddable":true,"href":"https:\/\/www.nogometnizaotroke.com\/en\/wp-json\/wp\/v2\/media\/16732"}],"wp:attachment":[{"href":"https:\/\/www.nogometnizaotroke.com\/en\/wp-json\/wp\/v2\/media?parent=16730"}],"wp:term":[{"taxonomy":"product_brand","embeddable":true,"href":"https:\/\/www.nogometnizaotroke.com\/en\/wp-json\/wp\/v2\/product_brand?post=16730"},{"taxonomy":"product_cat","embeddable":true,"href":"https:\/\/www.nogometnizaotroke.com\/en\/wp-json\/wp\/v2\/product_cat?post=16730"},{"taxonomy":"product_tag","embeddable":true,"href":"https:\/\/www.nogometnizaotroke.com\/en\/wp-json\/wp\/v2\/product_tag?post=16730"}],"curies":[{"name":"wp","href":"https:\/\/api.w.org\/{rel}","templated":true}]}}