{"id":16683,"date":"2024-09-02T08:00:53","date_gmt":"2024-09-02T08:00:53","guid":{"rendered":"https:\/\/www.nogometnionline.com\/?post_type=product&#038;p=16683"},"modified":"2024-11-15T05:54:55","modified_gmt":"2024-11-15T05:54:55","slug":"poceni-moski-nogometni-dresi-al-nassr-domaci-2024-25-rumena","status":"publish","type":"product","link":"https:\/\/www.nogometnizaotroke.com\/en\/product\/poceni-moski-nogometni-dresi-al-nassr-domaci-2024-25-rumena\/","title":{"rendered":"Poceni Mo\u0161ki Nogometni dresi Al-Nassr Doma\u010di 2024-25 rumena"},"content":{"rendered":"<p>Nogometni dresi Al-Nassr Doma\u010di 2024-25 ima klasi\u010dne barve ekipe. V glavnem je rumena v kombinaciji z modrimi logotipi in plo\u0161\u010dami. Uradne barve so &#8220;Impact Yellow\/Team Royal Blue&#8221;.Dres Al-Nassr 24-25 ima ovratnik v obliki \u010drke V z modro\/rumenimi \u010drtami zadaj.<\/p>\n<p>Tips for socks: the T-shirt does not include socks by default. If you want socks, select the sock options to pay for them.<\/p>\n<p>Printing tip: If the name and number in the image are exactly what you want, you don't need to enter it again. If it is not, then enter the name and number you want.<\/p>\n<p>Washing tip: It is recommended to hand wash football jerseys. If you want to use a washing machine, remember to turn the jersey over and then wash it. And fill the machine with cold water and use a gentle wash cycle to protect the colours more.<\/p>","protected":false},"excerpt":{"rendered":"<p>Nogometni dresi Al-Nassr Doma\u010di 2024-25 ima klasi\u010dne barve ekipe. V glavnem je rumena v kombinaciji z modrimi logotipi in plo\u0161\u010dami. Uradne barve so &#8220;Impact Yellow\/Team Royal Blue&#8221;.Dres Al-Nassr 24-25 ima ovratnik v obliki \u010drke V z modro\/rumenimi \u010drtami zadaj. Nasveti za nogavice: Majica ne vsebuje nogavic privzeto. \u010ce \u017eelite nogavice, izberite mo\u017enosti nogavic, da jih [&hellip;]<\/p>","protected":false},"featured_media":16685,"comment_status":"open","ping_status":"closed","template":"","meta":[],"product_brand":[],"product_cat":[598,140],"product_tag":[150,217,153,1259,667,148,1258,599,147],"class_list":{"0":"post-16683","1":"product","2":"type-product","3":"status-publish","4":"has-post-thumbnail","6":"product_cat-nogometni-dresi-al-nassr","7":"product_cat-moski","8":"product_tag-moski-nogometni-dresi","9":"product_tag-najcenejsi-nogometni-dresi","10":"product_tag-nogometni-dresi","11":"product_tag-nogometni-dresi-al-nassr-z-lastnim-imenom","12":"product_tag-nogometni-dresi-za-otroski-z-lastnim-tiskom","13":"product_tag-poceni-nogometni-dresi","14":"product_tag-poceni-nogometni-dresi-al-nassr","15":"product_tag-poceni-nogometni-dresi-al-nassr-z-lastnim-imenom-online","16":"product_tag-slovenski-nogometni-dresi","18":"first","19":"instock","20":"shipping-taxable","21":"purchasable","22":"product-type-variable"},"_links":{"self":[{"href":"https:\/\/www.nogometnizaotroke.com\/en\/wp-json\/wp\/v2\/product\/16683","targetHints":{"allow":["GET"]}}],"collection":[{"href":"https:\/\/www.nogometnizaotroke.com\/en\/wp-json\/wp\/v2\/product"}],"about":[{"href":"https:\/\/www.nogometnizaotroke.com\/en\/wp-json\/wp\/v2\/types\/product"}],"replies":[{"embeddable":true,"href":"https:\/\/www.nogometnizaotroke.com\/en\/wp-json\/wp\/v2\/comments?post=16683"}],"wp:featuredmedia":[{"embeddable":true,"href":"https:\/\/www.nogometnizaotroke.com\/en\/wp-json\/wp\/v2\/media\/16685"}],"wp:attachment":[{"href":"https:\/\/www.nogometnizaotroke.com\/en\/wp-json\/wp\/v2\/media?parent=16683"}],"wp:term":[{"taxonomy":"product_brand","embeddable":true,"href":"https:\/\/www.nogometnizaotroke.com\/en\/wp-json\/wp\/v2\/product_brand?post=16683"},{"taxonomy":"product_cat","embeddable":true,"href":"https:\/\/www.nogometnizaotroke.com\/en\/wp-json\/wp\/v2\/product_cat?post=16683"},{"taxonomy":"product_tag","embeddable":true,"href":"https:\/\/www.nogometnizaotroke.com\/en\/wp-json\/wp\/v2\/product_tag?post=16683"}],"curies":[{"name":"wp","href":"https:\/\/api.w.org\/{rel}","templated":true}]}}