{"id":16570,"date":"2024-08-29T05:04:22","date_gmt":"2024-08-29T05:04:22","guid":{"rendered":"https:\/\/www.nogometnionline.com\/?post_type=product&#038;p=16570"},"modified":"2024-08-29T05:04:26","modified_gmt":"2024-08-29T05:04:26","slug":"otroski-nogometni-dresi-kompleti-za-otroke-poljska-gostujoci-ep-2024-z-lastnim-imenom","status":"publish","type":"product","link":"https:\/\/www.nogometnizaotroke.com\/en\/product\/otroski-nogometni-dresi-kompleti-za-otroke-poljska-gostujoci-ep-2024-z-lastnim-imenom\/","title":{"rendered":"Kids Soccer Jerseys Kits for Kids Poland Hosting EP 2024 with their own name"},"content":{"rendered":"<p>Gostujo\u010di dres Poljske 2024 je veliko modernej\u0161i od doma\u010di dres.Nogometni dres Poljske Euro 2024 v gosteh je rde\u010d z nenavadno gradientno grafi\u010dno podobo v razli\u010dnih odtenkih oran\u017ene, kostanjeve in rde\u010de. Gradient je sestavljen iz kri\u017ea.<\/p>\n<p>Tips for socks: the T-shirt does not include socks by default. If you want socks, select the sock options to pay for them.<\/p>\n<p>Printing tip: If the name and number in the image are exactly what you want, you don't need to enter it again. If it is not, then enter the name and number you want.<\/p>\n<p>Washing tip: It is recommended to hand wash football jerseys. If you want to use a washing machine, remember to turn the jersey over and then wash it. And fill the machine with cold water and use a gentle wash cycle to protect the colours more.<\/p>","protected":false},"excerpt":{"rendered":"<p>Gostujo\u010di dres Poljske 2024 je veliko modernej\u0161i od doma\u010di dres.Nogometni dres Poljske Euro 2024 v gosteh je rde\u010d z nenavadno gradientno grafi\u010dno podobo v razli\u010dnih odtenkih oran\u017ene, kostanjeve in rde\u010de. Gradient je sestavljen iz kri\u017ea. Nasveti za nogavice: Majica ne vsebuje nogavic privzeto. \u010ce \u017eelite nogavice, izberite mo\u017enosti nogavic, da jih pla\u010date. Nasveti za tiskom: [&hellip;]<\/p>","protected":false},"featured_media":16572,"comment_status":"open","ping_status":"closed","template":"","meta":[],"product_brand":[],"product_cat":[73,98],"product_tag":[782,153,1237,159,768,148,1236,790,147],"class_list":{"0":"post-16570","1":"product","2":"type-product","3":"status-publish","4":"has-post-thumbnail","6":"product_cat-otroski","7":"product_cat-dresi-poljska-reprezentance","8":"product_tag-euro-2024-dresi","9":"product_tag-nogometni-dresi","10":"product_tag-otroske-poljska-ep-2024-dresi-za-nogomet","11":"product_tag-otroski-nogometni-dresi","12":"product_tag-poceni-moski-nogometni-dresi","13":"product_tag-poceni-nogometni-dresi","14":"product_tag-poljska-ep-2024-nogometni-dresi-za-otroske","15":"product_tag-poljska-euro-2024-dresi","16":"product_tag-slovenski-nogometni-dresi","18":"first","19":"instock","20":"shipping-taxable","21":"purchasable","22":"product-type-variable"},"_links":{"self":[{"href":"https:\/\/www.nogometnizaotroke.com\/en\/wp-json\/wp\/v2\/product\/16570","targetHints":{"allow":["GET"]}}],"collection":[{"href":"https:\/\/www.nogometnizaotroke.com\/en\/wp-json\/wp\/v2\/product"}],"about":[{"href":"https:\/\/www.nogometnizaotroke.com\/en\/wp-json\/wp\/v2\/types\/product"}],"replies":[{"embeddable":true,"href":"https:\/\/www.nogometnizaotroke.com\/en\/wp-json\/wp\/v2\/comments?post=16570"}],"wp:featuredmedia":[{"embeddable":true,"href":"https:\/\/www.nogometnizaotroke.com\/en\/wp-json\/wp\/v2\/media\/16572"}],"wp:attachment":[{"href":"https:\/\/www.nogometnizaotroke.com\/en\/wp-json\/wp\/v2\/media?parent=16570"}],"wp:term":[{"taxonomy":"product_brand","embeddable":true,"href":"https:\/\/www.nogometnizaotroke.com\/en\/wp-json\/wp\/v2\/product_brand?post=16570"},{"taxonomy":"product_cat","embeddable":true,"href":"https:\/\/www.nogometnizaotroke.com\/en\/wp-json\/wp\/v2\/product_cat?post=16570"},{"taxonomy":"product_tag","embeddable":true,"href":"https:\/\/www.nogometnizaotroke.com\/en\/wp-json\/wp\/v2\/product_tag?post=16570"}],"curies":[{"name":"wp","href":"https:\/\/api.w.org\/{rel}","templated":true}]}}