{"id":16505,"date":"2024-08-28T03:51:27","date_gmt":"2024-08-28T03:51:27","guid":{"rendered":"https:\/\/www.nogometnionline.com\/?post_type=product&#038;p=16505"},"modified":"2024-08-28T03:51:31","modified_gmt":"2024-08-28T03:51:31","slug":"poceni-moski-nogometni-dresi-inter-milan-gostujoci-2024-25-bela-lautaro-martinez-10","status":"publish","type":"product","link":"https:\/\/www.nogometnizaotroke.com\/en\/product\/poceni-moski-nogometni-dresi-inter-milan-gostujoci-2024-25-bela-lautaro-martinez-10\/","title":{"rendered":"Poceni Mo\u0161ki Nogometni dresi Inter Milan Gostujo\u010di 2024-25 bela Lautaro Martinez 10"},"content":{"rendered":"<p>Novi dizajn Inter Milan 2024\/25 Gostujo\u010di dresi prevladuje sve\u017ea bela podlaga, ki simbolizira utele\u0161enje milanskega sloga in elegance. To neokrnjeno platno je premi\u0161ljeno poudarjeno s subtilnimi sivimi toni, barvo, ki je globoko zakoreninjena v DNK Interja, ki krasi ramena, prsi in rokave.V sredi\u0161\u010du nadomestnega dresi 2024\/25 je identiteta milanskega Vinterja ponosno prikazana z vrnitvijo motiva ribarnice. Klubska zna\u010dka z monogramom in dve zvezdi, ki predstavljata zdaj \u017ee dvajset Sudetov, sta na vidnem mestu nad srcem in stalen opomnik na slavno zgodovino ekipe. Dodatek klasi\u010dnega ovratnika dizajnu srajce vzbuja ob\u010dutek nostalgije in obuja spomine na ne\u0161teto nepozabnih trenutkov v nogometni zgodovini.<\/p>\n<p>Tips for socks: the T-shirt does not include socks by default. If you want socks, select the sock options to pay for them.<\/p>\n<p>Printing tip: If the name and number in the image are exactly what you want, you don't need to enter it again. If it is not, then enter the name and number you want.<\/p>\n<p>Washing tip: It is recommended to hand wash football jerseys. If you want to use a washing machine, remember to turn the jersey over and then wash it. And fill the machine with cold water and use a gentle wash cycle to protect the colours more.<\/p>","protected":false},"excerpt":{"rendered":"<p>Novi dizajn Inter Milan 2024\/25 Gostujo\u010di dresi prevladuje sve\u017ea bela podlaga, ki simbolizira utele\u0161enje milanskega sloga in elegance. To neokrnjeno platno je premi\u0161ljeno poudarjeno s subtilnimi sivimi toni, barvo, ki je globoko zakoreninjena v DNK Interja, ki krasi ramena, prsi in rokave.V sredi\u0161\u010du nadomestnega dresi 2024\/25 je identiteta milanskega Vinterja ponosno prikazana z vrnitvijo motiva [&hellip;]<\/p>","protected":false},"featured_media":16507,"comment_status":"open","ping_status":"closed","template":"","meta":[],"product_brand":[],"product_cat":[140,47],"product_tag":[1226,150,153,480,479,148,197,147],"class_list":{"0":"post-16505","1":"product","2":"type-product","3":"status-publish","4":"has-post-thumbnail","6":"product_cat-moski","7":"product_cat-nogometni-dresi-inter-milan","8":"product_tag-lautaro-martinez-dresi","9":"product_tag-moski-nogometni-dresi","10":"product_tag-nogometni-dresi","11":"product_tag-nogometni-dresi-inter-milan-prodaja","12":"product_tag-nogometni-dresi-inter-milan-z-lastnim-tiskom","13":"product_tag-poceni-nogometni-dresi","14":"product_tag-poceni-nogometni-dresi-inter-milan-z-lastnim-imenom-online","15":"product_tag-slovenski-nogometni-dresi","17":"first","18":"instock","19":"shipping-taxable","20":"purchasable","21":"product-type-variable"},"_links":{"self":[{"href":"https:\/\/www.nogometnizaotroke.com\/en\/wp-json\/wp\/v2\/product\/16505","targetHints":{"allow":["GET"]}}],"collection":[{"href":"https:\/\/www.nogometnizaotroke.com\/en\/wp-json\/wp\/v2\/product"}],"about":[{"href":"https:\/\/www.nogometnizaotroke.com\/en\/wp-json\/wp\/v2\/types\/product"}],"replies":[{"embeddable":true,"href":"https:\/\/www.nogometnizaotroke.com\/en\/wp-json\/wp\/v2\/comments?post=16505"}],"wp:featuredmedia":[{"embeddable":true,"href":"https:\/\/www.nogometnizaotroke.com\/en\/wp-json\/wp\/v2\/media\/16507"}],"wp:attachment":[{"href":"https:\/\/www.nogometnizaotroke.com\/en\/wp-json\/wp\/v2\/media?parent=16505"}],"wp:term":[{"taxonomy":"product_brand","embeddable":true,"href":"https:\/\/www.nogometnizaotroke.com\/en\/wp-json\/wp\/v2\/product_brand?post=16505"},{"taxonomy":"product_cat","embeddable":true,"href":"https:\/\/www.nogometnizaotroke.com\/en\/wp-json\/wp\/v2\/product_cat?post=16505"},{"taxonomy":"product_tag","embeddable":true,"href":"https:\/\/www.nogometnizaotroke.com\/en\/wp-json\/wp\/v2\/product_tag?post=16505"}],"curies":[{"name":"wp","href":"https:\/\/api.w.org\/{rel}","templated":true}]}}