{"id":16318,"date":"2024-08-24T12:49:05","date_gmt":"2024-08-24T12:49:05","guid":{"rendered":"https:\/\/www.nogometnionline.com\/?post_type=product&#038;p=16318"},"modified":"2024-08-24T12:49:10","modified_gmt":"2024-08-24T12:49:10","slug":"poceni-nogometni-dresi-fc-bayern-munich-gostujoci-2024-25-leroy-sane-10","status":"publish","type":"product","link":"https:\/\/www.nogometnizaotroke.com\/en\/product\/poceni-nogometni-dresi-fc-bayern-munich-gostujoci-2024-25-leroy-sane-10\/","title":{"rendered":"Cheap Soccer Jerseys FC Bayern Munich Away 2024-25 Leroy Sane 10"},"content":{"rendered":"<p>Gostujo\u010di dresi Bayern Munich 2024\u201325 je navdihnil kip &#8216;Bavarske&#8217;, ki pooseblja mo\u010d domovine kluba in stoji v sredi\u0161\u010du Theresienwiese v M\u00fcnchnu. Jersey vklju\u010duje modre in zelene vijuge na elegantni \u010drni podlagi, ki odseva barvne odtenke, vidne na povr\u0161ini kipa; podrobnosti uporabljajo bronasto barvo, ozna\u010deno kot Glimmers of &#8216;Bavaria&#8217; z znamenitim &#8216;Mia San Mia&#8217; na zgornji hrbtni strani.<\/p>\n<p>Tips for socks: the T-shirt does not include socks by default. If you want socks, select the sock options to pay for them.<\/p>\n<p>Printing tip: If the name and number in the image are exactly what you want, you don't need to enter it again. If it is not, then enter the name and number you want.<\/p>\n<p>Washing tip: It is recommended to hand wash football jerseys. If you want to use a washing machine, remember to turn the jersey over and then wash it. And fill the machine with cold water and use a gentle wash cycle to protect the colours more.<\/p>","protected":false},"excerpt":{"rendered":"<p>Gostujo\u010di dresi Bayern Munich 2024\u201325 je navdihnil kip &#8216;Bavarske&#8217;, ki pooseblja mo\u010d domovine kluba in stoji v sredi\u0161\u010du Theresienwiese v M\u00fcnchnu. Jersey vklju\u010duje modre in zelene vijuge na elegantni \u010drni podlagi, ki odseva barvne odtenke, vidne na povr\u0161ini kipa; podrobnosti uporabljajo bronasto barvo, ozna\u010deno kot Glimmers of &#8216;Bavaria&#8217; z znamenitim &#8216;Mia San Mia&#8217; na zgornji [&hellip;]<\/p>","protected":false},"featured_media":16320,"comment_status":"open","ping_status":"closed","template":"","meta":[],"product_brand":[],"product_cat":[140,40],"product_tag":[377,950,150,1197,378,194,148,1196,374,147],"class_list":{"0":"post-16318","1":"product","2":"type-product","3":"status-publish","4":"has-post-thumbnail","6":"product_cat-moski","7":"product_cat-nogometni-dresi-bayern-munich","8":"product_tag-dresi-bayern-munich-za-moski","9":"product_tag-leroy-sane-dresi","10":"product_tag-moski-nogometni-dresi","11":"product_tag-nogometni-dresi-bayern-munich-z-lastnim-imenom","12":"product_tag-nogometni-dresi-bayern-munich-za-moski-z-lastnim-tiskom","13":"product_tag-poceni-moski-nogometni-dresi-bayern-munich-z-lastnim-imenom","14":"product_tag-poceni-nogometni-dresi","15":"product_tag-poceni-nogometni-dresi-bayern-munich","16":"product_tag-poceni-nogometni-dresi-bayern-munich-z-lastnim-imenom-online","17":"product_tag-slovenski-nogometni-dresi","19":"first","20":"instock","21":"shipping-taxable","22":"purchasable","23":"product-type-variable"},"_links":{"self":[{"href":"https:\/\/www.nogometnizaotroke.com\/en\/wp-json\/wp\/v2\/product\/16318","targetHints":{"allow":["GET"]}}],"collection":[{"href":"https:\/\/www.nogometnizaotroke.com\/en\/wp-json\/wp\/v2\/product"}],"about":[{"href":"https:\/\/www.nogometnizaotroke.com\/en\/wp-json\/wp\/v2\/types\/product"}],"replies":[{"embeddable":true,"href":"https:\/\/www.nogometnizaotroke.com\/en\/wp-json\/wp\/v2\/comments?post=16318"}],"wp:featuredmedia":[{"embeddable":true,"href":"https:\/\/www.nogometnizaotroke.com\/en\/wp-json\/wp\/v2\/media\/16320"}],"wp:attachment":[{"href":"https:\/\/www.nogometnizaotroke.com\/en\/wp-json\/wp\/v2\/media?parent=16318"}],"wp:term":[{"taxonomy":"product_brand","embeddable":true,"href":"https:\/\/www.nogometnizaotroke.com\/en\/wp-json\/wp\/v2\/product_brand?post=16318"},{"taxonomy":"product_cat","embeddable":true,"href":"https:\/\/www.nogometnizaotroke.com\/en\/wp-json\/wp\/v2\/product_cat?post=16318"},{"taxonomy":"product_tag","embeddable":true,"href":"https:\/\/www.nogometnizaotroke.com\/en\/wp-json\/wp\/v2\/product_tag?post=16318"}],"curies":[{"name":"wp","href":"https:\/\/api.w.org\/{rel}","templated":true}]}}