{"id":16296,"date":"2024-08-23T09:29:01","date_gmt":"2024-08-23T09:29:01","guid":{"rendered":"https:\/\/www.nogometnionline.com\/?post_type=product&#038;p=16296"},"modified":"2024-08-23T09:29:06","modified_gmt":"2024-08-23T09:29:06","slug":"moski-nogometni-dresi-za-nogomet-rb-leipzig-gostujoci-2024-2025","status":"publish","type":"product","link":"https:\/\/www.nogometnizaotroke.com\/en\/product\/moski-nogometni-dresi-za-nogomet-rb-leipzig-gostujoci-2024-2025\/","title":{"rendered":"Men's Soccer Jerseys for RB Leipzig Away 2024-2025"},"content":{"rendered":"<p>Gostujo\u010di dresi RB Leipzig 2024-25 ima eleganten dizajn za klub v lasti Red Bulls. Zdru\u017euje dva odtenka rde\u010de v edinstvenem vzorcu z vsemi logotipi v beli barvi.Dizajn gostujo\u010dega dresa Leipziga 24-25 simbolizira klub &#8220;Unstoppable&#8221;.Klubski grb gostujo\u010dega dresa RB Leipzig 2024-25 je bel na rde\u010de-rjavi podlagi, izdelan iz visokokakovostnega TPU s 3D u\u010dinkom. Ovratnica je \u017eivo rde\u010de barve in ima spredaj kostanjev vlo\u017eek.<\/p>\n<p>Tips for socks: the T-shirt does not include socks by default. If you want socks, select the sock options to pay for them.<\/p>\n<p>Printing tip: If the name and number in the image are exactly what you want, you don't need to enter it again. If it is not, then enter the name and number you want.<\/p>\n<p>Washing tip: It is recommended to hand wash football jerseys. If you want to use a washing machine, remember to turn the jersey over and then wash it. And fill the machine with cold water and use a gentle wash cycle to protect the colours more.<\/p>","protected":false},"excerpt":{"rendered":"<p>Gostujo\u010di dresi RB Leipzig 2024-25 ima eleganten dizajn za klub v lasti Red Bulls. Zdru\u017euje dva odtenka rde\u010de v edinstvenem vzorcu z vsemi logotipi v beli barvi.Dizajn gostujo\u010dega dresa Leipziga 24-25 simbolizira klub &#8220;Unstoppable&#8221;.Klubski grb gostujo\u010dega dresa RB Leipzig 2024-25 je bel na rde\u010de-rjavi podlagi, izdelan iz visokokakovostnega TPU s 3D u\u010dinkom. Ovratnica je \u017eivo [&hellip;]<\/p>","protected":false},"featured_media":16298,"comment_status":"open","ping_status":"closed","template":"","meta":[],"product_brand":[],"product_cat":[140,62],"product_tag":[150,153,555,1193,554,545,148,1192,199],"class_list":{"0":"post-16296","1":"product","2":"type-product","3":"status-publish","4":"has-post-thumbnail","6":"product_cat-moski","7":"product_cat-nogometni-dresi-rb-leipzig","8":"product_tag-moski-nogometni-dresi","9":"product_tag-nogometni-dresi","10":"product_tag-nogometni-dresi-rb-leipzig-prodaja","11":"product_tag-nogometni-dresi-rb-leipzig-z-lastnim-imenom","12":"product_tag-nogometni-dresi-rb-leipzig-z-lastnim-tiskom","13":"product_tag-nogometni-dresi-slovenija","14":"product_tag-poceni-nogometni-dresi","15":"product_tag-poceni-nogometni-dresi-rb-leipzig","16":"product_tag-poceni-nogometni-dresi-rb-leipzig-z-lastnim-imenom-online","18":"first","19":"instock","20":"shipping-taxable","21":"purchasable","22":"product-type-variable"},"_links":{"self":[{"href":"https:\/\/www.nogometnizaotroke.com\/en\/wp-json\/wp\/v2\/product\/16296","targetHints":{"allow":["GET"]}}],"collection":[{"href":"https:\/\/www.nogometnizaotroke.com\/en\/wp-json\/wp\/v2\/product"}],"about":[{"href":"https:\/\/www.nogometnizaotroke.com\/en\/wp-json\/wp\/v2\/types\/product"}],"replies":[{"embeddable":true,"href":"https:\/\/www.nogometnizaotroke.com\/en\/wp-json\/wp\/v2\/comments?post=16296"}],"wp:featuredmedia":[{"embeddable":true,"href":"https:\/\/www.nogometnizaotroke.com\/en\/wp-json\/wp\/v2\/media\/16298"}],"wp:attachment":[{"href":"https:\/\/www.nogometnizaotroke.com\/en\/wp-json\/wp\/v2\/media?parent=16296"}],"wp:term":[{"taxonomy":"product_brand","embeddable":true,"href":"https:\/\/www.nogometnizaotroke.com\/en\/wp-json\/wp\/v2\/product_brand?post=16296"},{"taxonomy":"product_cat","embeddable":true,"href":"https:\/\/www.nogometnizaotroke.com\/en\/wp-json\/wp\/v2\/product_cat?post=16296"},{"taxonomy":"product_tag","embeddable":true,"href":"https:\/\/www.nogometnizaotroke.com\/en\/wp-json\/wp\/v2\/product_tag?post=16296"}],"curies":[{"name":"wp","href":"https:\/\/api.w.org\/{rel}","templated":true}]}}