{"id":16275,"date":"2024-08-23T09:03:50","date_gmt":"2024-08-23T09:03:50","guid":{"rendered":"https:\/\/www.nogometnionline.com\/?post_type=product&#038;p=16275"},"modified":"2024-08-23T09:03:55","modified_gmt":"2024-08-23T09:03:55","slug":"moski-nogometni-dresi-rb-leipzig-domaci-2024-25-bela-rdeca-kurzarm-openda-11","status":"publish","type":"product","link":"https:\/\/www.nogometnizaotroke.com\/en\/product\/moski-nogometni-dresi-rb-leipzig-domaci-2024-25-bela-rdeca-kurzarm-openda-11\/","title":{"rendered":"Men's Soccer Jerseys RB Leipzig Home 2024-25 white red Kurzarm Openda 11"},"content":{"rendered":"<p>The RB Leipzig 2024-2025 jersey features a modern design in white and red club colours. What makes the RB Leipzig 2024-2025 jersey particularly distinctive is the design on the front.44.The RB Leipzig 24-25 jersey features a unique red graphic. The pattern is inspired by the University of Leipzig.Both the collar and the cuffs of the RasenBallsport Leipzig 24-25 home jersey are red.<\/p>\n<p>Tips for socks: the T-shirt does not include socks by default. If you want socks, select the sock options to pay for them.<\/p>\n<p>Printing tip: If the name and number in the image are exactly what you want, you don't need to enter it again. If it is not, then enter the name and number you want.<\/p>\n<p>Washing tip: It is recommended to hand wash football jerseys. If you want to use a washing machine, remember to turn the jersey over and then wash it. And fill the machine with cold water and use a gentle wash cycle to protect the colours more.<\/p>","protected":false},"excerpt":{"rendered":"<p>Dres RB Leipzig 2024-2025 ima sodoben dizajn v beli in rde\u010di klubski barvi. Kar \u0161e posebej odlikuje dres RB Leipzig 2024-2025, je dizajn na sprednji strani.44.Dres RB Leipzig 24-25 ima edinstveno rde\u010do grafi\u010dno podobo. Vzorec se zgleduje po Univerzi v Leipzigu.Tako ovratnik kot man\u0161ete doma\u010dega dresa RasenBallsport Leipzig 24-25 so rde\u010de barve. Nasveti za nogavice: [&hellip;]<\/p>","protected":false},"featured_media":16277,"comment_status":"open","ping_status":"closed","template":"","meta":[],"product_brand":[],"product_cat":[140,62],"product_tag":[153,555,1193,554,545,159,148,1192,199],"class_list":{"0":"post-16275","1":"product","2":"type-product","3":"status-publish","4":"has-post-thumbnail","6":"product_cat-moski","7":"product_cat-nogometni-dresi-rb-leipzig","8":"product_tag-nogometni-dresi","9":"product_tag-nogometni-dresi-rb-leipzig-prodaja","10":"product_tag-nogometni-dresi-rb-leipzig-z-lastnim-imenom","11":"product_tag-nogometni-dresi-rb-leipzig-z-lastnim-tiskom","12":"product_tag-nogometni-dresi-slovenija","13":"product_tag-otroski-nogometni-dresi","14":"product_tag-poceni-nogometni-dresi","15":"product_tag-poceni-nogometni-dresi-rb-leipzig","16":"product_tag-poceni-nogometni-dresi-rb-leipzig-z-lastnim-imenom-online","18":"first","19":"instock","20":"shipping-taxable","21":"purchasable","22":"product-type-variable"},"_links":{"self":[{"href":"https:\/\/www.nogometnizaotroke.com\/en\/wp-json\/wp\/v2\/product\/16275","targetHints":{"allow":["GET"]}}],"collection":[{"href":"https:\/\/www.nogometnizaotroke.com\/en\/wp-json\/wp\/v2\/product"}],"about":[{"href":"https:\/\/www.nogometnizaotroke.com\/en\/wp-json\/wp\/v2\/types\/product"}],"replies":[{"embeddable":true,"href":"https:\/\/www.nogometnizaotroke.com\/en\/wp-json\/wp\/v2\/comments?post=16275"}],"wp:featuredmedia":[{"embeddable":true,"href":"https:\/\/www.nogometnizaotroke.com\/en\/wp-json\/wp\/v2\/media\/16277"}],"wp:attachment":[{"href":"https:\/\/www.nogometnizaotroke.com\/en\/wp-json\/wp\/v2\/media?parent=16275"}],"wp:term":[{"taxonomy":"product_brand","embeddable":true,"href":"https:\/\/www.nogometnizaotroke.com\/en\/wp-json\/wp\/v2\/product_brand?post=16275"},{"taxonomy":"product_cat","embeddable":true,"href":"https:\/\/www.nogometnizaotroke.com\/en\/wp-json\/wp\/v2\/product_cat?post=16275"},{"taxonomy":"product_tag","embeddable":true,"href":"https:\/\/www.nogometnizaotroke.com\/en\/wp-json\/wp\/v2\/product_tag?post=16275"}],"curies":[{"name":"wp","href":"https:\/\/api.w.org\/{rel}","templated":true}]}}