{"id":16200,"date":"2024-08-21T03:43:33","date_gmt":"2024-08-21T03:43:33","guid":{"rendered":"https:\/\/www.nogometnionline.com\/?post_type=product&#038;p=16200"},"modified":"2024-08-21T03:43:38","modified_gmt":"2024-08-21T03:43:38","slug":"otroski-nogometni-dresi-kompleti-za-otroke-liverpool-domaci-2024-25-dominik-szoboszlai-8","status":"publish","type":"product","link":"https:\/\/www.nogometnizaotroke.com\/en\/product\/otroski-nogometni-dresi-kompleti-za-otroke-liverpool-domaci-2024-25-dominik-szoboszlai-8\/","title":{"rendered":"Kids Soccer Jerseys Kits for Kids Liverpool Home 2024-25 Dominik Szoboszlai 8"},"content":{"rendered":"<p>The shirt for Liverpool Home Jerseys 2024-25 is a combination of red, white and chrome yellow. The body is red, the logos are yellow and white is used for sponsor logos and details.What makes the Liverpool 24-25 home kit stand out is the design on the front. It has yellow stripes that form the YNWA design.<\/p>\n<p>Tips for socks: the T-shirt does not include socks by default. If you want socks, select the sock options to pay for them.<\/p>\n<p>Printing tip: If the name and number in the image are exactly what you want, you don't need to enter it again. If it is not, then enter the name and number you want.<\/p>\n<p>Washing tip: It is recommended to hand wash football jerseys. If you want to use a washing machine, remember to turn the jersey over and then wash it. And fill the machine with cold water and use a gentle wash cycle to protect the colours more.<\/p>","protected":false},"excerpt":{"rendered":"<p>Majica za Liverpool Doma\u010di dresi 2024-25 je kombinacija rde\u010da, Bela in v krom rumeni barvi. Telo je rde\u010de, logotipi so rumeni, bela pa je uporabljena za sponzorske logotipe in podrobnosti.Kar omogo\u010da, da doma\u010di komplet Liverpool 24-25 izstopa, je dizajn na sprednji strani. Ima rumene \u010drte, ki tvorijo dizajn YNWA. Nasveti za nogavice: Majica ne vsebuje [&hellip;]<\/p>","protected":false},"featured_media":16202,"comment_status":"open","ping_status":"closed","template":"","meta":[],"product_brand":[],"product_cat":[73,39],"product_tag":[945,876,837,875,284,159,148,295,147],"class_list":{"0":"post-16200","1":"product","2":"type-product","3":"status-publish","4":"has-post-thumbnail","6":"product_cat-otroski","7":"product_cat-nogometni-dresi-liverpool","8":"product_tag-dominik-szoboszlai-dresi","9":"product_tag-dresi-liverpool-za-otroski","10":"product_tag-dresi-za-nogomet","11":"product_tag-liverpool-dresi-2024","12":"product_tag-otroski-dresi-liverpool-z-lastnim-imenom","13":"product_tag-otroski-nogometni-dresi","14":"product_tag-poceni-nogometni-dresi","15":"product_tag-poceni-nogometni-dresi-liverpool-z-lastnim-imenom-online","16":"product_tag-slovenski-nogometni-dresi","18":"first","19":"instock","20":"shipping-taxable","21":"purchasable","22":"product-type-variable"},"_links":{"self":[{"href":"https:\/\/www.nogometnizaotroke.com\/en\/wp-json\/wp\/v2\/product\/16200","targetHints":{"allow":["GET"]}}],"collection":[{"href":"https:\/\/www.nogometnizaotroke.com\/en\/wp-json\/wp\/v2\/product"}],"about":[{"href":"https:\/\/www.nogometnizaotroke.com\/en\/wp-json\/wp\/v2\/types\/product"}],"replies":[{"embeddable":true,"href":"https:\/\/www.nogometnizaotroke.com\/en\/wp-json\/wp\/v2\/comments?post=16200"}],"wp:featuredmedia":[{"embeddable":true,"href":"https:\/\/www.nogometnizaotroke.com\/en\/wp-json\/wp\/v2\/media\/16202"}],"wp:attachment":[{"href":"https:\/\/www.nogometnizaotroke.com\/en\/wp-json\/wp\/v2\/media?parent=16200"}],"wp:term":[{"taxonomy":"product_brand","embeddable":true,"href":"https:\/\/www.nogometnizaotroke.com\/en\/wp-json\/wp\/v2\/product_brand?post=16200"},{"taxonomy":"product_cat","embeddable":true,"href":"https:\/\/www.nogometnizaotroke.com\/en\/wp-json\/wp\/v2\/product_cat?post=16200"},{"taxonomy":"product_tag","embeddable":true,"href":"https:\/\/www.nogometnizaotroke.com\/en\/wp-json\/wp\/v2\/product_tag?post=16200"}],"curies":[{"name":"wp","href":"https:\/\/api.w.org\/{rel}","templated":true}]}}