{"id":15990,"date":"2024-08-17T10:49:28","date_gmt":"2024-08-17T10:49:28","guid":{"rendered":"https:\/\/www.nogometnionline.com\/?post_type=product&#038;p=15990"},"modified":"2024-12-18T13:04:17","modified_gmt":"2024-12-18T13:04:17","slug":"moske-nogometnih-dresov-juventus-tretji-2024-2025-kratki-rokavi","status":"publish","type":"product","link":"https:\/\/www.nogometnizaotroke.com\/en\/product\/moske-nogometnih-dresov-juventus-tretji-2024-2025-kratki-rokavi\/","title":{"rendered":"Mo\u0161ke Nogometnih dresov Juventus Tretji 2024-2025 Kratki rokavi"},"content":{"rendered":"<p>Novi tretji dres Juventus FC 24-25 je prete\u017eno antraciten z zlatimi logotipi.Najbolj zanimiva lastnost tretjega dresa Juventus FC 24-25 je videz logotipa Trefoil in grba Juventus zebra. To prina\u0161a klasiko in nostalgijo v tretji dres Juventusa 24-25.<\/p>\n<p>Tips for socks: the T-shirt does not include socks by default. If you want socks, select the sock options to pay for them.<\/p>\n<p>Printing tip: If the name and number in the image are exactly what you want, you don't need to enter it again. If it is not, then enter the name and number you want.<\/p>\n<p>Washing tip: It is recommended to hand wash football jerseys. If you want to use a washing machine, remember to turn the jersey over and then wash it. And fill the machine with cold water and use a gentle wash cycle to protect the colours more.<\/p>","protected":false},"excerpt":{"rendered":"<p>Novi tretji dres Juventus FC 24-25 je prete\u017eno antraciten z zlatimi logotipi.Najbolj zanimiva lastnost tretjega dresa Juventus FC 24-25 je videz logotipa Trefoil in grba Juventus zebra. To prina\u0161a klasiko in nostalgijo v tretji dres Juventusa 24-25. Nasveti za nogavice: Majica ne vsebuje nogavic privzeto. \u010ce \u017eelite nogavice, izberite mo\u017enosti nogavic, da jih pla\u010date. Nasveti [&hellip;]<\/p>","protected":false},"featured_media":15992,"comment_status":"open","ping_status":"closed","template":"","meta":[],"product_brand":[],"product_cat":[140,36],"product_tag":[153,1095,148,1094,198,373,147],"class_list":{"0":"post-15990","1":"product","2":"type-product","3":"status-publish","4":"has-post-thumbnail","6":"product_cat-moski","7":"product_cat-nogometni-dresi-juventus","8":"product_tag-nogometni-dresi","9":"product_tag-nogometni-dresi-juventus-z-lastnim-imenom","10":"product_tag-poceni-nogometni-dresi","11":"product_tag-poceni-nogometni-dresi-juventus","12":"product_tag-poceni-nogometni-dresi-juventus-z-lastnim-imenom-online","13":"product_tag-poceni-otroski-nogometni-dresi-juventus-z-lastnim-imenom","14":"product_tag-slovenski-nogometni-dresi","16":"first","17":"instock","18":"shipping-taxable","19":"purchasable","20":"product-type-variable"},"_links":{"self":[{"href":"https:\/\/www.nogometnizaotroke.com\/en\/wp-json\/wp\/v2\/product\/15990","targetHints":{"allow":["GET"]}}],"collection":[{"href":"https:\/\/www.nogometnizaotroke.com\/en\/wp-json\/wp\/v2\/product"}],"about":[{"href":"https:\/\/www.nogometnizaotroke.com\/en\/wp-json\/wp\/v2\/types\/product"}],"replies":[{"embeddable":true,"href":"https:\/\/www.nogometnizaotroke.com\/en\/wp-json\/wp\/v2\/comments?post=15990"}],"wp:featuredmedia":[{"embeddable":true,"href":"https:\/\/www.nogometnizaotroke.com\/en\/wp-json\/wp\/v2\/media\/15992"}],"wp:attachment":[{"href":"https:\/\/www.nogometnizaotroke.com\/en\/wp-json\/wp\/v2\/media?parent=15990"}],"wp:term":[{"taxonomy":"product_brand","embeddable":true,"href":"https:\/\/www.nogometnizaotroke.com\/en\/wp-json\/wp\/v2\/product_brand?post=15990"},{"taxonomy":"product_cat","embeddable":true,"href":"https:\/\/www.nogometnizaotroke.com\/en\/wp-json\/wp\/v2\/product_cat?post=15990"},{"taxonomy":"product_tag","embeddable":true,"href":"https:\/\/www.nogometnizaotroke.com\/en\/wp-json\/wp\/v2\/product_tag?post=15990"}],"curies":[{"name":"wp","href":"https:\/\/api.w.org\/{rel}","templated":true}]}}