{"id":15793,"date":"2024-08-15T07:50:12","date_gmt":"2024-08-15T07:50:12","guid":{"rendered":"https:\/\/www.nogometnionline.com\/?post_type=product&#038;p=15793"},"modified":"2024-08-15T07:50:17","modified_gmt":"2024-08-15T07:50:17","slug":"moski-nogometni-dresi-komplet-bvb-borussia-dortmund-domaci-2024-25-z-lastnim-imenom-online","status":"publish","type":"product","link":"https:\/\/www.nogometnizaotroke.com\/en\/product\/moski-nogometni-dresi-komplet-bvb-borussia-dortmund-domaci-2024-25-z-lastnim-imenom-online\/","title":{"rendered":"Men's Soccer Jerseys Complete Set BVB Borussia Dortmund Home 2024-25 Customized Online"},"content":{"rendered":"<p>Borussia Dortmund Doma\u010di dresi 2024-25 nadaljuje ironi\u010den \u010crna in rumena dizajn, ki je sinonim za BVB. V skladu s klubsko dedi\u0161\u010dino je glavni del rumene barve s \u010drtastimi detajli, ki utele\u0161ajo bistvo Borussia Dortmund. \u010crni rokavi dopolnjujejo ovratnik z okroglim izrezom enake barve, kar daje majici \u010disti kroj.<\/p>\n<p>Tips for socks: the T-shirt does not include socks by default. If you want socks, select the sock options to pay for them.<\/p>\n<p>Printing tip: If the name and number in the image are exactly what you want, you don't need to enter it again. If it is not, then enter the name and number you want.<\/p>\n<p>Washing tip: It is recommended to hand wash football jerseys. If you want to use a washing machine, remember to turn the jersey over and then wash it. And fill the machine with cold water and use a gentle wash cycle to protect the colours more.<\/p>","protected":false},"excerpt":{"rendered":"<p>Borussia Dortmund Doma\u010di dresi 2024-25 nadaljuje ironi\u010den \u010crna in rumena dizajn, ki je sinonim za BVB. V skladu s klubsko dedi\u0161\u010dino je glavni del rumene barve s \u010drtastimi detajli, ki utele\u0161ajo bistvo Borussia Dortmund. \u010crni rokavi dopolnjujejo ovratnik z okroglim izrezom enake barve, kar daje majici \u010disti kroj. Nasveti za nogavice: Majica ne vsebuje nogavic [&hellip;]<\/p>","protected":false},"featured_media":15795,"comment_status":"open","ping_status":"closed","template":"","meta":[],"product_brand":[],"product_cat":[140,45],"product_tag":[946,150,153,196,148,147],"class_list":{"0":"post-15793","1":"product","2":"type-product","3":"status-publish","4":"has-post-thumbnail","6":"product_cat-moski","7":"product_cat-nogometni-dresi-dortmund","8":"product_tag-moske-nogometnih-dresov","9":"product_tag-moski-nogometni-dresi","10":"product_tag-nogometni-dresi","11":"product_tag-poceni-moski-nogometni-dresi-dortmund-z-lastnim-imenom","12":"product_tag-poceni-nogometni-dresi","13":"product_tag-slovenski-nogometni-dresi","15":"first","16":"instock","17":"shipping-taxable","18":"purchasable","19":"product-type-variable"},"_links":{"self":[{"href":"https:\/\/www.nogometnizaotroke.com\/en\/wp-json\/wp\/v2\/product\/15793","targetHints":{"allow":["GET"]}}],"collection":[{"href":"https:\/\/www.nogometnizaotroke.com\/en\/wp-json\/wp\/v2\/product"}],"about":[{"href":"https:\/\/www.nogometnizaotroke.com\/en\/wp-json\/wp\/v2\/types\/product"}],"replies":[{"embeddable":true,"href":"https:\/\/www.nogometnizaotroke.com\/en\/wp-json\/wp\/v2\/comments?post=15793"}],"wp:featuredmedia":[{"embeddable":true,"href":"https:\/\/www.nogometnizaotroke.com\/en\/wp-json\/wp\/v2\/media\/15795"}],"wp:attachment":[{"href":"https:\/\/www.nogometnizaotroke.com\/en\/wp-json\/wp\/v2\/media?parent=15793"}],"wp:term":[{"taxonomy":"product_brand","embeddable":true,"href":"https:\/\/www.nogometnizaotroke.com\/en\/wp-json\/wp\/v2\/product_brand?post=15793"},{"taxonomy":"product_cat","embeddable":true,"href":"https:\/\/www.nogometnizaotroke.com\/en\/wp-json\/wp\/v2\/product_cat?post=15793"},{"taxonomy":"product_tag","embeddable":true,"href":"https:\/\/www.nogometnizaotroke.com\/en\/wp-json\/wp\/v2\/product_tag?post=15793"}],"curies":[{"name":"wp","href":"https:\/\/api.w.org\/{rel}","templated":true}]}}