{"id":15499,"date":"2024-08-11T09:06:29","date_gmt":"2024-08-11T09:06:29","guid":{"rendered":"https:\/\/www.nogometnionline.com\/?post_type=product&#038;p=15499"},"modified":"2024-08-11T09:06:34","modified_gmt":"2024-08-11T09:06:34","slug":"moski-nogometni-dresi-brazilija-gostujoci-copa-america-2024-vinicius-junior-7","status":"publish","type":"product","link":"https:\/\/www.nogometnizaotroke.com\/en\/product\/moski-nogometni-dresi-brazilija-gostujoci-copa-america-2024-vinicius-junior-7\/","title":{"rendered":"Men's Soccer Jerseys Brazil Away Copa America 2024 Vinicius Junior 7"},"content":{"rendered":"<p>Brazil Hosting Copa America 2024, it features an all-over print inspired by local nature and textiles. For the first time since 2004, the CBF crest is in the centre of the jersey. The back of the jersey features the players' names in a new font influenced by Brazilian art and design.<\/p>\n<p>Tips for socks: the T-shirt does not include socks by default. If you want socks, select the sock options to pay for them.<\/p>\n<p>Printing tip: If the name and number in the image are exactly what you want, you don't need to enter it again. If it is not, then enter the name and number you want.<\/p>\n<p>Washing tip: It is recommended to hand wash football jerseys. If you want to use a washing machine, remember to turn the jersey over and then wash it. And fill the machine with cold water and use a gentle wash cycle to protect the colours more.<\/p>","protected":false},"excerpt":{"rendered":"<p>Brazilija Gostujo\u010di Copa America 2024 je opremljena s potiskom po vsej povr\u0161ini, ki ga navdihujeta lokalna narava in tekstil. Grb CBF je prvi\u010d po letu 2004 na sredini dresa. Na zadnji strani majice so prikazana imena igralcev v novi pisavi, na katero je vplivala brazilska umetnost in oblikovanje. Nasveti za nogavice: Majica ne vsebuje nogavic [&hellip;]<\/p>","protected":false},"featured_media":15501,"comment_status":"open","ping_status":"closed","template":"","meta":[],"product_brand":[],"product_cat":[140,82],"product_tag":[806,150,153,1122,1126,148,1121,1112,147,1115],"class_list":{"0":"post-15499","1":"product","2":"type-product","3":"status-publish","4":"has-post-thumbnail","6":"product_cat-moski","7":"product_cat-dresi-brazilija-reprezentance","8":"product_tag-brazilija-copa-america-2024-dresi","9":"product_tag-moski-nogometni-dresi","10":"product_tag-nogometni-dresi","11":"product_tag-nogometni-dresi-brazilija-z-lastnim-imenom","12":"product_tag-otroske-nogometni-dresi-vinicius-junior","13":"product_tag-poceni-nogometni-dresi","14":"product_tag-poceni-nogometni-dresi-brazilija","15":"product_tag-poceni-nogometni-dresi-vinicius-junior","16":"product_tag-slovenski-nogometni-dresi","17":"product_tag-vinicius-junior-dresi","19":"first","20":"instock","21":"shipping-taxable","22":"purchasable","23":"product-type-variable"},"_links":{"self":[{"href":"https:\/\/www.nogometnizaotroke.com\/en\/wp-json\/wp\/v2\/product\/15499","targetHints":{"allow":["GET"]}}],"collection":[{"href":"https:\/\/www.nogometnizaotroke.com\/en\/wp-json\/wp\/v2\/product"}],"about":[{"href":"https:\/\/www.nogometnizaotroke.com\/en\/wp-json\/wp\/v2\/types\/product"}],"replies":[{"embeddable":true,"href":"https:\/\/www.nogometnizaotroke.com\/en\/wp-json\/wp\/v2\/comments?post=15499"}],"wp:featuredmedia":[{"embeddable":true,"href":"https:\/\/www.nogometnizaotroke.com\/en\/wp-json\/wp\/v2\/media\/15501"}],"wp:attachment":[{"href":"https:\/\/www.nogometnizaotroke.com\/en\/wp-json\/wp\/v2\/media?parent=15499"}],"wp:term":[{"taxonomy":"product_brand","embeddable":true,"href":"https:\/\/www.nogometnizaotroke.com\/en\/wp-json\/wp\/v2\/product_brand?post=15499"},{"taxonomy":"product_cat","embeddable":true,"href":"https:\/\/www.nogometnizaotroke.com\/en\/wp-json\/wp\/v2\/product_cat?post=15499"},{"taxonomy":"product_tag","embeddable":true,"href":"https:\/\/www.nogometnizaotroke.com\/en\/wp-json\/wp\/v2\/product_tag?post=15499"}],"curies":[{"name":"wp","href":"https:\/\/api.w.org\/{rel}","templated":true}]}}