{"id":15467,"date":"2024-08-10T08:13:58","date_gmt":"2024-08-10T08:13:58","guid":{"rendered":"https:\/\/www.nogometnionline.com\/?post_type=product&#038;p=15467"},"modified":"2024-08-10T08:14:04","modified_gmt":"2024-08-10T08:14:04","slug":"otroske-nogometnih-dresov-wolves-domaci-2024-25-rumena-crna","status":"publish","type":"product","link":"https:\/\/www.nogometnizaotroke.com\/en\/product\/otroske-nogometnih-dresov-wolves-domaci-2024-25-rumena-crna\/","title":{"rendered":"Otro\u0161ke Nogometnih dresov Wolves Doma\u010di 2024-25 rumena \u010drna"},"content":{"rendered":"<p>Komplet Nogometnih dresov Wolves Doma\u010di 2024-25 SUDU se pona\u0161a z atletskim krojem in o\u010darljivim detajlom teksture \u017eakarda, ki je zasnovan tako, da pritegne pozornost, kjer koli se pojavi. Ikoni\u010dna podlaga iz starega zlata, okra\u0161ena z grbom kluba, je poklon slavni dedi\u0161\u010dini Wolves.<\/p>\n<p>Tips for socks: the T-shirt does not include socks by default. If you want socks, select the sock options to pay for them.<\/p>\n<p>Printing tip: If the name and number in the image are exactly what you want, you don't need to enter it again. If it is not, then enter the name and number you want.<\/p>\n<p>Washing tip: It is recommended to hand wash football jerseys. If you want to use a washing machine, remember to turn the jersey over and then wash it. And fill the machine with cold water and use a gentle wash cycle to protect the colours more.<\/p>","protected":false},"excerpt":{"rendered":"<p>Komplet Nogometnih dresov Wolves Doma\u010di 2024-25 SUDU se pona\u0161a z atletskim krojem in o\u010darljivim detajlom teksture \u017eakarda, ki je zasnovan tako, da pritegne pozornost, kjer koli se pojavi. Ikoni\u010dna podlaga iz starega zlata, okra\u0161ena z grbom kluba, je poklon slavni dedi\u0161\u010dini Wolves. Nasveti za nogavice: Majica ne vsebuje nogavic privzeto. \u010ce \u017eelite nogavice, izberite mo\u017enosti [&hellip;]<\/p>","protected":false},"featured_media":15469,"comment_status":"open","ping_status":"closed","template":"","meta":[],"product_brand":[],"product_cat":[73,67],"product_tag":[1116,153,686,1117,684,159,685,148,147],"class_list":{"0":"post-15467","1":"product","2":"type-product","3":"status-publish","4":"has-post-thumbnail","6":"product_cat-otroski","7":"product_cat-nogometni-dresi-wolves","8":"product_tag-dresi-wolves-za-otroke","9":"product_tag-nogometni-dresi","10":"product_tag-nogometni-dresi-wolves-z-lastnim-imenom","11":"product_tag-otroski-dresi-wolves-z-lastnim-imenom","12":"product_tag-otroski-dresi-za-nogomet","13":"product_tag-otroski-nogometni-dresi","14":"product_tag-otroski-nogometni-dresi-wolves","15":"product_tag-poceni-nogometni-dresi","16":"product_tag-slovenski-nogometni-dresi","18":"first","19":"instock","20":"shipping-taxable","21":"purchasable","22":"product-type-variable"},"_links":{"self":[{"href":"https:\/\/www.nogometnizaotroke.com\/en\/wp-json\/wp\/v2\/product\/15467","targetHints":{"allow":["GET"]}}],"collection":[{"href":"https:\/\/www.nogometnizaotroke.com\/en\/wp-json\/wp\/v2\/product"}],"about":[{"href":"https:\/\/www.nogometnizaotroke.com\/en\/wp-json\/wp\/v2\/types\/product"}],"replies":[{"embeddable":true,"href":"https:\/\/www.nogometnizaotroke.com\/en\/wp-json\/wp\/v2\/comments?post=15467"}],"wp:featuredmedia":[{"embeddable":true,"href":"https:\/\/www.nogometnizaotroke.com\/en\/wp-json\/wp\/v2\/media\/15469"}],"wp:attachment":[{"href":"https:\/\/www.nogometnizaotroke.com\/en\/wp-json\/wp\/v2\/media?parent=15467"}],"wp:term":[{"taxonomy":"product_brand","embeddable":true,"href":"https:\/\/www.nogometnizaotroke.com\/en\/wp-json\/wp\/v2\/product_brand?post=15467"},{"taxonomy":"product_cat","embeddable":true,"href":"https:\/\/www.nogometnizaotroke.com\/en\/wp-json\/wp\/v2\/product_cat?post=15467"},{"taxonomy":"product_tag","embeddable":true,"href":"https:\/\/www.nogometnizaotroke.com\/en\/wp-json\/wp\/v2\/product_tag?post=15467"}],"curies":[{"name":"wp","href":"https:\/\/api.w.org\/{rel}","templated":true}]}}