{"id":15032,"date":"2024-07-29T08:45:28","date_gmt":"2024-07-29T08:45:28","guid":{"rendered":"https:\/\/www.nogometnionline.com\/?post_type=product&#038;p=15032"},"modified":"2024-07-29T08:54:41","modified_gmt":"2024-07-29T08:54:41","slug":"poceni-moski-nogometni-dresi-northern-irska-domaci-2024-zelena","status":"publish","type":"product","link":"https:\/\/www.nogometnizaotroke.com\/en\/product\/poceni-moski-nogometni-dresi-northern-irska-domaci-2024-zelena\/","title":{"rendered":"Poceni Mo\u0161ki Nogometni dresi Northern Irska Doma\u010di 2024 Zelena"},"content":{"rendered":"<p>Poceni Mo\u0161ki Nogometni dresi Northern Irska Doma\u010di 2024 Zelena<\/p>","protected":false},"excerpt":{"rendered":"<p>Poceni Mo\u0161ki Nogometni dresi Northern Irska Doma\u010di 2024 Zelena<\/p>","protected":false},"featured_media":15034,"comment_status":"open","ping_status":"closed","template":"","meta":[],"product_brand":[],"product_cat":[140,96],"product_tag":[150,153,1021,148,147],"class_list":{"0":"post-15032","1":"product","2":"type-product","3":"status-publish","4":"has-post-thumbnail","6":"product_cat-moski","7":"product_cat-dresi-northern-irska-reprezentance","8":"product_tag-moski-nogometni-dresi","9":"product_tag-nogometni-dresi","10":"product_tag-northern-irska-dresi","11":"product_tag-poceni-nogometni-dresi","12":"product_tag-slovenski-nogometni-dresi","14":"first","15":"instock","16":"featured","17":"shipping-taxable","18":"purchasable","19":"product-type-variable"},"_links":{"self":[{"href":"https:\/\/www.nogometnizaotroke.com\/en\/wp-json\/wp\/v2\/product\/15032","targetHints":{"allow":["GET"]}}],"collection":[{"href":"https:\/\/www.nogometnizaotroke.com\/en\/wp-json\/wp\/v2\/product"}],"about":[{"href":"https:\/\/www.nogometnizaotroke.com\/en\/wp-json\/wp\/v2\/types\/product"}],"replies":[{"embeddable":true,"href":"https:\/\/www.nogometnizaotroke.com\/en\/wp-json\/wp\/v2\/comments?post=15032"}],"wp:featuredmedia":[{"embeddable":true,"href":"https:\/\/www.nogometnizaotroke.com\/en\/wp-json\/wp\/v2\/media\/15034"}],"wp:attachment":[{"href":"https:\/\/www.nogometnizaotroke.com\/en\/wp-json\/wp\/v2\/media?parent=15032"}],"wp:term":[{"taxonomy":"product_brand","embeddable":true,"href":"https:\/\/www.nogometnizaotroke.com\/en\/wp-json\/wp\/v2\/product_brand?post=15032"},{"taxonomy":"product_cat","embeddable":true,"href":"https:\/\/www.nogometnizaotroke.com\/en\/wp-json\/wp\/v2\/product_cat?post=15032"},{"taxonomy":"product_tag","embeddable":true,"href":"https:\/\/www.nogometnizaotroke.com\/en\/wp-json\/wp\/v2\/product_tag?post=15032"}],"curies":[{"name":"wp","href":"https:\/\/api.w.org\/{rel}","templated":true}]}}