{"id":14835,"date":"2024-07-25T04:07:55","date_gmt":"2024-07-25T04:07:55","guid":{"rendered":"https:\/\/www.nogometnionline.com\/?post_type=product&#038;p=14835"},"modified":"2024-07-25T04:08:06","modified_gmt":"2024-07-25T04:08:06","slug":"moski-nogometni-dresi-reprezentance-ceska-gostujoci-euro-2024-bela-kratek-rokav","status":"publish","type":"product","link":"https:\/\/www.nogometnizaotroke.com\/en\/product\/moski-nogometni-dresi-reprezentance-ceska-gostujoci-euro-2024-bela-kratek-rokav\/","title":{"rendered":"Men's National Team Czech Republic Jerseys Hosting Euro 2024 white Short Sleeve"},"content":{"rendered":"<p>Na podlagi iste predloge gostujo\u010di dres \u010de\u0161ke republike za Euro 2024 predstavlja \u010dist videz v beli barvi z modrimi obrobami. Dizajn gostujo\u010dega dresa \u010ce\u0161ke republike na Euru 2024 se zgleduje po uspe\u0161ni ekipi Eura 2004.<\/p>\n<p>Tips for socks: the T-shirt does not include socks by default. If you want socks, select the sock options to pay for them.<\/p>\n<p>Printing tip: If the name and number in the image are exactly what you want, you don't need to enter it again. If it is not, then enter the name and number you want.<\/p>\n<p>Washing tip: It is recommended to hand wash football jerseys. If you want to use a washing machine, remember to turn the jersey over and then wash it. And fill the machine with cold water and use a gentle wash cycle to protect the colours more.<\/p>","protected":false},"excerpt":{"rendered":"<p>Na podlagi iste predloge gostujo\u010di dres \u010de\u0161ke republike za Euro 2024 predstavlja \u010dist videz v beli barvi z modrimi obrobami. Dizajn gostujo\u010dega dresa \u010ce\u0161ke republike na Euru 2024 se zgleduje po uspe\u0161ni ekipi Eura 2004. Nasveti za nogavice: Majica ne vsebuje nogavic privzeto. \u010ce \u017eelite nogavice, izberite mo\u017enosti nogavic, da jih pla\u010date. Nasveti za tiskom: [&hellip;]<\/p>","protected":false},"featured_media":14837,"comment_status":"open","ping_status":"closed","template":"","meta":[],"product_brand":[],"product_cat":[795,778,140],"product_tag":[796,782,150,153,768,148,147],"class_list":{"0":"post-14835","1":"product","2":"type-product","3":"status-publish","4":"has-post-thumbnail","6":"product_cat-dresi-ceska-reprezentance","7":"product_cat-euro-2024","8":"product_cat-moski","9":"product_tag-ceska-euro-2024-dresi","10":"product_tag-euro-2024-dresi","11":"product_tag-moski-nogometni-dresi","12":"product_tag-nogometni-dresi","13":"product_tag-poceni-moski-nogometni-dresi","14":"product_tag-poceni-nogometni-dresi","15":"product_tag-slovenski-nogometni-dresi","17":"first","18":"instock","19":"shipping-taxable","20":"purchasable","21":"product-type-variable"},"_links":{"self":[{"href":"https:\/\/www.nogometnizaotroke.com\/en\/wp-json\/wp\/v2\/product\/14835","targetHints":{"allow":["GET"]}}],"collection":[{"href":"https:\/\/www.nogometnizaotroke.com\/en\/wp-json\/wp\/v2\/product"}],"about":[{"href":"https:\/\/www.nogometnizaotroke.com\/en\/wp-json\/wp\/v2\/types\/product"}],"replies":[{"embeddable":true,"href":"https:\/\/www.nogometnizaotroke.com\/en\/wp-json\/wp\/v2\/comments?post=14835"}],"wp:featuredmedia":[{"embeddable":true,"href":"https:\/\/www.nogometnizaotroke.com\/en\/wp-json\/wp\/v2\/media\/14837"}],"wp:attachment":[{"href":"https:\/\/www.nogometnizaotroke.com\/en\/wp-json\/wp\/v2\/media?parent=14835"}],"wp:term":[{"taxonomy":"product_brand","embeddable":true,"href":"https:\/\/www.nogometnizaotroke.com\/en\/wp-json\/wp\/v2\/product_brand?post=14835"},{"taxonomy":"product_cat","embeddable":true,"href":"https:\/\/www.nogometnizaotroke.com\/en\/wp-json\/wp\/v2\/product_cat?post=14835"},{"taxonomy":"product_tag","embeddable":true,"href":"https:\/\/www.nogometnizaotroke.com\/en\/wp-json\/wp\/v2\/product_tag?post=14835"}],"curies":[{"name":"wp","href":"https:\/\/api.w.org\/{rel}","templated":true}]}}