{"id":14766,"date":"2024-07-23T01:49:10","date_gmt":"2024-07-23T01:49:10","guid":{"rendered":"https:\/\/www.nogometnionline.com\/?post_type=product&#038;p=14766"},"modified":"2024-07-23T01:49:15","modified_gmt":"2024-07-23T01:49:15","slug":"moski-nogometni-dresi-nizozemska-reprezentance-gostujoci-euro-2024-z-lastnim-tiskom","status":"publish","type":"product","link":"https:\/\/www.nogometnizaotroke.com\/en\/product\/moski-nogometni-dresi-nizozemska-reprezentance-gostujoci-euro-2024-z-lastnim-tiskom\/","title":{"rendered":"Men's Soccer Jerseys Netherlands National Team Hosting Euro 2024 with your own print"},"content":{"rendered":"<p>Gostujo\u010di dres Nizozemske 2024 je ve\u010dinoma mornarsko moder, sekundarne barve pa so oran\u017ena, turkizna in bela. To je podobno barvni paleti nizozemskega doma\u010dega kompleta.Z vidika dizajna izstopa nizozemska ekipa za Euro 2024 v gosteh. Spredaj, zadaj in na rokavih ima oran\u017een in moder vzorec.<\/p>\n<p>Tips for socks: the T-shirt does not include socks by default. If you want socks, select the sock options to pay for them.<\/p>\n<p>Printing tip: If the name and number in the image are exactly what you want, you don't need to enter it again. If it is not, then enter the name and number you want.<\/p>\n<p>Washing tip: It is recommended to hand wash football jerseys. If you want to use a washing machine, remember to turn the jersey over and then wash it. And fill the machine with cold water and use a gentle wash cycle to protect the colours more.<\/p>","protected":false},"excerpt":{"rendered":"<p>Gostujo\u010di dres Nizozemske 2024 je ve\u010dinoma mornarsko moder, sekundarne barve pa so oran\u017ena, turkizna in bela. To je podobno barvni paleti nizozemskega doma\u010dega kompleta.Z vidika dizajna izstopa nizozemska ekipa za Euro 2024 v gosteh. Spredaj, zadaj in na rokavih ima oran\u017een in moder vzorec. Nasveti za nogavice: Majica ne vsebuje nogavic privzeto. \u010ce \u017eelite nogavice, [&hellip;]<\/p>","protected":false},"featured_media":14768,"comment_status":"open","ping_status":"closed","template":"","meta":[],"product_brand":[],"product_cat":[778,140,95],"product_tag":[782,150,781,153,148,780,147],"class_list":{"0":"post-14766","1":"product","2":"type-product","3":"status-publish","4":"has-post-thumbnail","6":"product_cat-euro-2024","7":"product_cat-moski","8":"product_cat-dresi-nizozemska-reprezentance","9":"product_tag-euro-2024-dresi","10":"product_tag-moski-nogometni-dresi","11":"product_tag-nizozemska-euro-2024-dresi","12":"product_tag-nogometni-dresi","13":"product_tag-poceni-nogometni-dresi","14":"product_tag-poceni-otroski-nogometni-dresi","15":"product_tag-slovenski-nogometni-dresi","17":"first","18":"instock","19":"shipping-taxable","20":"purchasable","21":"product-type-variable"},"_links":{"self":[{"href":"https:\/\/www.nogometnizaotroke.com\/en\/wp-json\/wp\/v2\/product\/14766","targetHints":{"allow":["GET"]}}],"collection":[{"href":"https:\/\/www.nogometnizaotroke.com\/en\/wp-json\/wp\/v2\/product"}],"about":[{"href":"https:\/\/www.nogometnizaotroke.com\/en\/wp-json\/wp\/v2\/types\/product"}],"replies":[{"embeddable":true,"href":"https:\/\/www.nogometnizaotroke.com\/en\/wp-json\/wp\/v2\/comments?post=14766"}],"wp:featuredmedia":[{"embeddable":true,"href":"https:\/\/www.nogometnizaotroke.com\/en\/wp-json\/wp\/v2\/media\/14768"}],"wp:attachment":[{"href":"https:\/\/www.nogometnizaotroke.com\/en\/wp-json\/wp\/v2\/media?parent=14766"}],"wp:term":[{"taxonomy":"product_brand","embeddable":true,"href":"https:\/\/www.nogometnizaotroke.com\/en\/wp-json\/wp\/v2\/product_brand?post=14766"},{"taxonomy":"product_cat","embeddable":true,"href":"https:\/\/www.nogometnizaotroke.com\/en\/wp-json\/wp\/v2\/product_cat?post=14766"},{"taxonomy":"product_tag","embeddable":true,"href":"https:\/\/www.nogometnizaotroke.com\/en\/wp-json\/wp\/v2\/product_tag?post=14766"}],"curies":[{"name":"wp","href":"https:\/\/api.w.org\/{rel}","templated":true}]}}