{"id":14738,"date":"2024-07-22T04:11:36","date_gmt":"2024-07-22T04:11:36","guid":{"rendered":"https:\/\/www.nogometnionline.com\/?post_type=product&#038;p=14738"},"modified":"2024-07-22T04:14:23","modified_gmt":"2024-07-22T04:14:23","slug":"moski-nogometni-dresi-euro-2024-italija-gostujoci-bela-kratek-rokav","status":"publish","type":"product","link":"https:\/\/www.nogometnizaotroke.com\/en\/product\/moski-nogometni-dresi-euro-2024-italija-gostujoci-bela-kratek-rokav\/","title":{"rendered":"Mo\u0161ki Nogometni dresi Euro 2024 Italija Gostujo\u010di bela Kratek Rokav"},"content":{"rendered":"<p>Italy Euro 2024 away jerseys combines a white base with blue logos. Inspired by the Teamgeist 2006 World Cup jersey, the Italy 2024 away jersey features a tri-colour panel forming the Italian flag - green, white and red.<\/p>\n<p>Tips for socks: the T-shirt does not include socks by default. If you want socks, select the sock options to pay for them.<\/p>\n<p>Printing tip: If the name and number in the image are exactly what you want, you don't need to enter it again. If it is not, then enter the name and number you want.<\/p>\n<p>Washing tip: It is recommended to hand wash football jerseys. If you want to use a washing machine, remember to turn the jersey over and then wash it. And fill the machine with cold water and use a gentle wash cycle to protect the colours more.<\/p>","protected":false},"excerpt":{"rendered":"<p>Italija dresi Euro 2024 Gostujo\u010di zdru\u017euje belo osnovo z modrimi logotipi. Gostujo\u010di dres Italije 2024 izstopa po plo\u0161\u010dah na obeh straneh.Navdahnjen z dresom svetovnega pokala Teamgeist 2006 ima majica za goste Italija 2024 tribarvno plo\u0161\u010do, ki tvori italijansko zastavo \u2013 zelena, bela in rde\u010da. Nasveti za nogavice: Majica ne vsebuje nogavic privzeto. \u010ce \u017eelite nogavice, [&hellip;]<\/p>","protected":false},"featured_media":14742,"comment_status":"open","ping_status":"closed","template":"","meta":[],"product_brand":[],"product_cat":[778,140,87],"product_tag":[802,150,153,148,147],"class_list":{"0":"post-14738","1":"product","2":"type-product","3":"status-publish","4":"has-post-thumbnail","6":"product_cat-euro-2024","7":"product_cat-moski","8":"product_cat-dresi-italija-reprezentance","9":"product_tag-italija-euro-2024-dresi","10":"product_tag-moski-nogometni-dresi","11":"product_tag-nogometni-dresi","12":"product_tag-poceni-nogometni-dresi","13":"product_tag-slovenski-nogometni-dresi","15":"first","16":"instock","17":"shipping-taxable","18":"purchasable","19":"product-type-variable"},"_links":{"self":[{"href":"https:\/\/www.nogometnizaotroke.com\/en\/wp-json\/wp\/v2\/product\/14738","targetHints":{"allow":["GET"]}}],"collection":[{"href":"https:\/\/www.nogometnizaotroke.com\/en\/wp-json\/wp\/v2\/product"}],"about":[{"href":"https:\/\/www.nogometnizaotroke.com\/en\/wp-json\/wp\/v2\/types\/product"}],"replies":[{"embeddable":true,"href":"https:\/\/www.nogometnizaotroke.com\/en\/wp-json\/wp\/v2\/comments?post=14738"}],"wp:featuredmedia":[{"embeddable":true,"href":"https:\/\/www.nogometnizaotroke.com\/en\/wp-json\/wp\/v2\/media\/14742"}],"wp:attachment":[{"href":"https:\/\/www.nogometnizaotroke.com\/en\/wp-json\/wp\/v2\/media?parent=14738"}],"wp:term":[{"taxonomy":"product_brand","embeddable":true,"href":"https:\/\/www.nogometnizaotroke.com\/en\/wp-json\/wp\/v2\/product_brand?post=14738"},{"taxonomy":"product_cat","embeddable":true,"href":"https:\/\/www.nogometnizaotroke.com\/en\/wp-json\/wp\/v2\/product_cat?post=14738"},{"taxonomy":"product_tag","embeddable":true,"href":"https:\/\/www.nogometnizaotroke.com\/en\/wp-json\/wp\/v2\/product_tag?post=14738"}],"curies":[{"name":"wp","href":"https:\/\/api.w.org\/{rel}","templated":true}]}}