{"id":14713,"date":"2024-07-21T08:39:13","date_gmt":"2024-07-21T08:39:13","guid":{"rendered":"https:\/\/www.nogometnionline.com\/?post_type=product&#038;p=14713"},"modified":"2024-07-21T08:39:18","modified_gmt":"2024-07-21T08:39:18","slug":"poceni-moski-nogometni-dresi-francija-gostujoci-euro-2024-bela","status":"publish","type":"product","link":"https:\/\/www.nogometnizaotroke.com\/en\/product\/poceni-moski-nogometni-dresi-francija-gostujoci-euro-2024-bela\/","title":{"rendered":"Cheap Men's Soccer Jerseys France Hosting Euro 2024 white"},"content":{"rendered":"<p>Gostujo\u010di dres francoskega Euro 2024 zdru\u017euje belo osnovo s kraljevsko modro barvo. Oblika prelivajo\u010dih se \u010drt je najbolj izjemna \u2013 gre od modre (desna stran) do rde\u010de (leva stran).Gostujo\u010di komplet za evropsko prvenstvo v Franciji 2024 ima moder ovratnik in modre man\u0161ete na rokavih.Kar izstopa na sprednji strani, je ogromen, popolnoma obarvan francoski grb, ki je debatiral za Euro 2024 in se bo morda uporabljal tudi po turnirju.<\/p>\n<p>Tips for socks: the T-shirt does not include socks by default. If you want socks, select the sock options to pay for them.<\/p>\n<p>Printing tip: If the name and number in the image are exactly what you want, you don't need to enter it again. If it is not, then enter the name and number you want.<\/p>\n<p>Washing tip: It is recommended to hand wash football jerseys. If you want to use a washing machine, remember to turn the jersey over and then wash it. And fill the machine with cold water and use a gentle wash cycle to protect the colours more.<\/p>","protected":false},"excerpt":{"rendered":"<p>Gostujo\u010di dres francoskega Euro 2024 zdru\u017euje belo osnovo s kraljevsko modro barvo. Oblika prelivajo\u010dih se \u010drt je najbolj izjemna \u2013 gre od modre (desna stran) do rde\u010de (leva stran).Gostujo\u010di komplet za evropsko prvenstvo v Franciji 2024 ima moder ovratnik in modre man\u0161ete na rokavih.Kar izstopa na sprednji strani, je ogromen, popolnoma obarvan francoski grb, ki [&hellip;]<\/p>","protected":false},"featured_media":14715,"comment_status":"open","ping_status":"closed","template":"","meta":[],"product_brand":[],"product_cat":[778,140,76],"product_tag":[786,150,153,148,147],"class_list":{"0":"post-14713","1":"product","2":"type-product","3":"status-publish","4":"has-post-thumbnail","6":"product_cat-euro-2024","7":"product_cat-moski","8":"product_cat-dresi-francija-reprezentance","9":"product_tag-francija-euro-2024-dresi","10":"product_tag-moski-nogometni-dresi","11":"product_tag-nogometni-dresi","12":"product_tag-poceni-nogometni-dresi","13":"product_tag-slovenski-nogometni-dresi","15":"first","16":"instock","17":"shipping-taxable","18":"purchasable","19":"product-type-variable"},"_links":{"self":[{"href":"https:\/\/www.nogometnizaotroke.com\/en\/wp-json\/wp\/v2\/product\/14713","targetHints":{"allow":["GET"]}}],"collection":[{"href":"https:\/\/www.nogometnizaotroke.com\/en\/wp-json\/wp\/v2\/product"}],"about":[{"href":"https:\/\/www.nogometnizaotroke.com\/en\/wp-json\/wp\/v2\/types\/product"}],"replies":[{"embeddable":true,"href":"https:\/\/www.nogometnizaotroke.com\/en\/wp-json\/wp\/v2\/comments?post=14713"}],"wp:featuredmedia":[{"embeddable":true,"href":"https:\/\/www.nogometnizaotroke.com\/en\/wp-json\/wp\/v2\/media\/14715"}],"wp:attachment":[{"href":"https:\/\/www.nogometnizaotroke.com\/en\/wp-json\/wp\/v2\/media?parent=14713"}],"wp:term":[{"taxonomy":"product_brand","embeddable":true,"href":"https:\/\/www.nogometnizaotroke.com\/en\/wp-json\/wp\/v2\/product_brand?post=14713"},{"taxonomy":"product_cat","embeddable":true,"href":"https:\/\/www.nogometnizaotroke.com\/en\/wp-json\/wp\/v2\/product_cat?post=14713"},{"taxonomy":"product_tag","embeddable":true,"href":"https:\/\/www.nogometnizaotroke.com\/en\/wp-json\/wp\/v2\/product_tag?post=14713"}],"curies":[{"name":"wp","href":"https:\/\/api.w.org\/{rel}","templated":true}]}}