{"id":14476,"date":"2024-07-14T13:44:25","date_gmt":"2024-07-14T13:44:25","guid":{"rendered":"https:\/\/www.nogometnionline.com\/?post_type=product&#038;p=14476"},"modified":"2024-07-14T13:44:30","modified_gmt":"2024-07-14T13:44:30","slug":"najcenejsi-otroski-nogometni-dresi-tottenham-hotspur-gostujoci-2024-2025","status":"publish","type":"product","link":"https:\/\/www.nogometnizaotroke.com\/en\/product\/najcenejsi-otroski-nogometni-dresi-tottenham-hotspur-gostujoci-2024-2025\/","title":{"rendered":"Cheapest Tottenham Hotspur Kids Soccer Jerseys Away 2024-2025"},"content":{"rendered":"<p>Ta je vrnitev v 80. leta. Ta Nogometni dresi Tottenham Hotspur Gostujo\u010di 2024-2025, ki posnema nekatere izmed najbolj\u0161ih in najbolj ironi\u010dnih kompletov iz zgodnjih 80-ih, je takoj\u0161en zmagovalec z barvno paleto in oblikovno predlogo, ki ujame slogovni bli\u0161\u010d, hkrati pa ga ohranja nizko. Zgodnja 80. leta je obdobje, ko je Tottenham sprejel svetlo modro kot klubsko barvo, ki jo pogosto najdemo na sekundarnih in tretjih dresih, ti slavni kompleti pa so vklju\u010devali nepozabno sponzorstvo Bospor, ponosno na sprednji strani &#8211; tisto, ki je ostalo v klubu ve\u010d kot desetletje . Dva pokala FA, skupnostni \u0161\u010dit in zmaga v evropskem pokalu od &#8217;80 do &#8217;85 povzemajo uspe\u0161no obdobje in ostanejo v svetlo modri barvi, medtem ko si \u0160pur prizadevajo ponoviti ta uspeh v tej sezoni. Gostujo\u010da oprema Tottenham Hotspur 2024\/25 vklju\u010duje eleganten, sodoben dizajn z globoko mornarsko osnovo, ki jo poudarjajo drzni, \u017eivahni modro rjavi detajli. Majica predstavlja osupljiv vzorec diagonalnih \u010drt, ki doda dinami\u010den in sodoben pe\u010dat.<\/p>\n<p>Tips for socks: the T-shirt does not include socks by default. If you want socks, select the sock options to pay for them.<\/p>\n<p>Printing tip: If the name and number in the image are exactly what you want, you don't need to enter it again. If it is not, then enter the name and number you want.<\/p>\n<p>Washing tip: It is recommended to hand wash football jerseys. If you want to use a washing machine, remember to turn the jersey over and then wash it. And fill the machine with cold water and use a gentle wash cycle to protect the colours more.<\/p>","protected":false},"excerpt":{"rendered":"<p>Ta je vrnitev v 80. leta. Ta Nogometni dresi Tottenham Hotspur Gostujo\u010di 2024-2025, ki posnema nekatere izmed najbolj\u0161ih in najbolj ironi\u010dnih kompletov iz zgodnjih 80-ih, je takoj\u0161en zmagovalec z barvno paleto in oblikovno predlogo, ki ujame slogovni bli\u0161\u010d, hkrati pa ga ohranja nizko. Zgodnja 80. leta je obdobje, ko je Tottenham sprejel svetlo modro kot [&hellip;]<\/p>","protected":false},"featured_media":14478,"comment_status":"open","ping_status":"closed","template":"","meta":[],"product_brand":[],"product_cat":[73,42],"product_tag":[220,591,159,148,590,147],"class_list":{"0":"post-14476","1":"product","2":"type-product","3":"status-publish","4":"has-post-thumbnail","6":"product_cat-otroski","7":"product_cat-nogometni-dresi-tottenham-hotspur","8":"product_tag-nogometni-dresi-za-otroke","9":"product_tag-otroski-dresi-tottenham-hotspur-z-lastnim-imenom","10":"product_tag-otroski-nogometni-dresi","11":"product_tag-poceni-nogometni-dresi","12":"product_tag-poceni-nogometni-dresi-tottenham-hotspurz-lastnim-imenom-online","13":"product_tag-slovenski-nogometni-dresi","15":"first","16":"instock","17":"shipping-taxable","18":"purchasable","19":"product-type-variable"},"_links":{"self":[{"href":"https:\/\/www.nogometnizaotroke.com\/en\/wp-json\/wp\/v2\/product\/14476","targetHints":{"allow":["GET"]}}],"collection":[{"href":"https:\/\/www.nogometnizaotroke.com\/en\/wp-json\/wp\/v2\/product"}],"about":[{"href":"https:\/\/www.nogometnizaotroke.com\/en\/wp-json\/wp\/v2\/types\/product"}],"replies":[{"embeddable":true,"href":"https:\/\/www.nogometnizaotroke.com\/en\/wp-json\/wp\/v2\/comments?post=14476"}],"wp:featuredmedia":[{"embeddable":true,"href":"https:\/\/www.nogometnizaotroke.com\/en\/wp-json\/wp\/v2\/media\/14478"}],"wp:attachment":[{"href":"https:\/\/www.nogometnizaotroke.com\/en\/wp-json\/wp\/v2\/media?parent=14476"}],"wp:term":[{"taxonomy":"product_brand","embeddable":true,"href":"https:\/\/www.nogometnizaotroke.com\/en\/wp-json\/wp\/v2\/product_brand?post=14476"},{"taxonomy":"product_cat","embeddable":true,"href":"https:\/\/www.nogometnizaotroke.com\/en\/wp-json\/wp\/v2\/product_cat?post=14476"},{"taxonomy":"product_tag","embeddable":true,"href":"https:\/\/www.nogometnizaotroke.com\/en\/wp-json\/wp\/v2\/product_tag?post=14476"}],"curies":[{"name":"wp","href":"https:\/\/api.w.org\/{rel}","templated":true}]}}