{"id":14305,"date":"2024-07-09T09:32:10","date_gmt":"2024-07-09T09:32:10","guid":{"rendered":"https:\/\/www.nogometnionline.com\/?post_type=product&#038;p=14305"},"modified":"2024-11-11T13:57:29","modified_gmt":"2024-11-11T13:57:29","slug":"otroski-nogometni-dresi-za-otroke-manchester-city-domaci-2024-25-phil-foden-47","status":"publish","type":"product","link":"https:\/\/www.nogometnizaotroke.com\/en\/product\/otroski-nogometni-dresi-za-otroke-manchester-city-domaci-2024-25-phil-foden-47\/","title":{"rendered":"Kids Soccer Jerseys For Kids Manchester City Home 2024-25 Phil Foden 47"},"content":{"rendered":"<p><strong>Kids Soccer Jerseys For Kids Manchester City Home 2024-25 Phil Foden 47<\/strong><\/p>\n<p>Designed in sky blue, ironically based on Man City's home colour scheme, this shirt features a new design inspired by the '0161' call sign that covers Manchester City city centre. The sky blue jersey is accented with navy inserts and a unique graffiti-style camouflage graphic that uses the numbers '0161' around the collar and cuffs on the sleeves. The Manchester City badge and Puma logo are embroidered on the front of the jersey, and the sponsor's logo is also printed.<\/p>\n<p>Perfect for all young Man City fans, this home shirt is ideal for showing your loyalty to the team. It features short sleeves, a ribbed collar and a standard fit for optimum comfort. In the youth of Dean the footballer, this shirt is made from at least 95 % recycled polyester, has mesh ventilation channels and a distinctive Duracell sweat management agent to keep young players cool and dry.<\/p>","protected":false},"excerpt":{"rendered":"<p>Otro\u0161ki Nogometni dresi za otroke Manchester City Doma\u010di 2024-25 Phil Foden 47 Ta majica, oblikovana v nebesno modri barvi po ironi\u010dni doma\u010di barvni shemi Man City, ima nov dizajn, ki ga je navdihnila klicna koda \u20180161\u2019, ki pokriva sredi\u0161\u010de Manchester City. Nebe\u0161ko moder dres je poudarjen z mornarskimi vstavki in edinstveno maskirno grafiko v slogu [&hellip;]<\/p>","protected":false},"featured_media":14307,"comment_status":"open","ping_status":"closed","template":"","meta":[],"product_brand":[],"product_cat":[73,44],"product_tag":[821,883,938,153,159,898,148,147],"class_list":{"0":"post-14305","1":"product","2":"type-product","3":"status-publish","4":"has-post-thumbnail","6":"product_cat-otroski","7":"product_cat-nogometni-dresi-manchester-city","8":"product_tag-manchester-city-dres","9":"product_tag-manchester-city-dresi-2024","10":"product_tag-manchester-city-z-lastnim-imenom-online","11":"product_tag-nogometni-dresi","12":"product_tag-otroski-nogometni-dresi","13":"product_tag-phil-foden-dresi","14":"product_tag-poceni-nogometni-dresi","15":"product_tag-slovenski-nogometni-dresi","17":"first","18":"instock","19":"shipping-taxable","20":"purchasable","21":"product-type-variable"},"_links":{"self":[{"href":"https:\/\/www.nogometnizaotroke.com\/en\/wp-json\/wp\/v2\/product\/14305","targetHints":{"allow":["GET"]}}],"collection":[{"href":"https:\/\/www.nogometnizaotroke.com\/en\/wp-json\/wp\/v2\/product"}],"about":[{"href":"https:\/\/www.nogometnizaotroke.com\/en\/wp-json\/wp\/v2\/types\/product"}],"replies":[{"embeddable":true,"href":"https:\/\/www.nogometnizaotroke.com\/en\/wp-json\/wp\/v2\/comments?post=14305"}],"wp:featuredmedia":[{"embeddable":true,"href":"https:\/\/www.nogometnizaotroke.com\/en\/wp-json\/wp\/v2\/media\/14307"}],"wp:attachment":[{"href":"https:\/\/www.nogometnizaotroke.com\/en\/wp-json\/wp\/v2\/media?parent=14305"}],"wp:term":[{"taxonomy":"product_brand","embeddable":true,"href":"https:\/\/www.nogometnizaotroke.com\/en\/wp-json\/wp\/v2\/product_brand?post=14305"},{"taxonomy":"product_cat","embeddable":true,"href":"https:\/\/www.nogometnizaotroke.com\/en\/wp-json\/wp\/v2\/product_cat?post=14305"},{"taxonomy":"product_tag","embeddable":true,"href":"https:\/\/www.nogometnizaotroke.com\/en\/wp-json\/wp\/v2\/product_tag?post=14305"}],"curies":[{"name":"wp","href":"https:\/\/api.w.org\/{rel}","templated":true}]}}