{"id":13614,"date":"2024-06-20T09:00:23","date_gmt":"2024-06-20T09:00:23","guid":{"rendered":"https:\/\/www.nogometnionline.com\/?post_type=product&#038;p=13614"},"modified":"2024-06-20T09:00:27","modified_gmt":"2024-06-20T09:00:27","slug":"poceni-otroski-nogometni-dresi-kompleti-nemcija-gostujoci-em-2024-jamal-musiala-10","status":"publish","type":"product","link":"https:\/\/www.nogometnizaotroke.com\/en\/product\/poceni-otroski-nogometni-dresi-kompleti-nemcija-gostujoci-em-2024-jamal-musiala-10\/","title":{"rendered":"Poceni Otro\u0161ki Nogometni dresi kompleti Nem\u010dija Gostujo\u010di EM 2024 Jamal Musiala 10"},"content":{"rendered":"<p>Poceni Otro\u0161ki Nogometni dresi kompleti Nem\u010dija Gostujo\u010di EM 2024 Jamal Musiala 10<\/p>","protected":false},"excerpt":{"rendered":"<p>Poceni Otro\u0161ki Nogometni dresi kompleti Nem\u010dija Gostujo\u010di EM 2024 Jamal Musiala 10<\/p>","protected":false},"featured_media":13616,"comment_status":"open","ping_status":"closed","template":"","meta":[],"product_brand":[],"product_cat":[778,73,80],"product_tag":[849,779,153,159,148,850,147],"class_list":{"0":"post-13614","1":"product","2":"type-product","3":"status-publish","4":"has-post-thumbnail","6":"product_cat-euro-2024","7":"product_cat-otroski","8":"product_cat-dresi-nemcija-reprezentance","9":"product_tag-kupiti-otroski-dresi-nemcija-euro-2024","10":"product_tag-nemcija-euro-2024-dresi","11":"product_tag-nogometni-dresi","12":"product_tag-otroski-nogometni-dresi","13":"product_tag-poceni-nogometni-dresi","14":"product_tag-poceni-otroski-dresi-nemcija-euro-2024","15":"product_tag-slovenski-nogometni-dresi","17":"first","18":"instock","19":"shipping-taxable","20":"purchasable","21":"product-type-variable"},"_links":{"self":[{"href":"https:\/\/www.nogometnizaotroke.com\/en\/wp-json\/wp\/v2\/product\/13614","targetHints":{"allow":["GET"]}}],"collection":[{"href":"https:\/\/www.nogometnizaotroke.com\/en\/wp-json\/wp\/v2\/product"}],"about":[{"href":"https:\/\/www.nogometnizaotroke.com\/en\/wp-json\/wp\/v2\/types\/product"}],"replies":[{"embeddable":true,"href":"https:\/\/www.nogometnizaotroke.com\/en\/wp-json\/wp\/v2\/comments?post=13614"}],"wp:featuredmedia":[{"embeddable":true,"href":"https:\/\/www.nogometnizaotroke.com\/en\/wp-json\/wp\/v2\/media\/13616"}],"wp:attachment":[{"href":"https:\/\/www.nogometnizaotroke.com\/en\/wp-json\/wp\/v2\/media?parent=13614"}],"wp:term":[{"taxonomy":"product_brand","embeddable":true,"href":"https:\/\/www.nogometnizaotroke.com\/en\/wp-json\/wp\/v2\/product_brand?post=13614"},{"taxonomy":"product_cat","embeddable":true,"href":"https:\/\/www.nogometnizaotroke.com\/en\/wp-json\/wp\/v2\/product_cat?post=13614"},{"taxonomy":"product_tag","embeddable":true,"href":"https:\/\/www.nogometnizaotroke.com\/en\/wp-json\/wp\/v2\/product_tag?post=13614"}],"curies":[{"name":"wp","href":"https:\/\/api.w.org\/{rel}","templated":true}]}}