{"id":13290,"date":"2024-06-11T01:56:46","date_gmt":"2024-06-11T01:56:46","guid":{"rendered":"https:\/\/www.nogometnionline.com\/?post_type=product&#038;p=13290"},"modified":"2025-05-09T07:22:10","modified_gmt":"2025-05-09T07:22:10","slug":"otroski-nogometni-dresi-kompleti-real-madrid-domaci-2024-25-kylian-mbappe-9","status":"publish","type":"product","link":"https:\/\/www.nogometnizaotroke.com\/en\/product\/otroski-nogometni-dresi-kompleti-real-madrid-domaci-2024-25-kylian-mbappe-9\/","title":{"rendered":"Kids Soccer Jerseys Kits Real Madrid Home 2024-25 Kylian Mbappe 9"},"content":{"rendered":"<p>Kids Soccer Jerseys Kits Real Madrid Home 2024-25 Kylian Mbappe 9.Is your son or daughter a big fan of Kylian Mbapp\u00e9? The French superstar has beaten all opponents and always performed at the highest level! That's why we are now offering the Real Madrid 24\/25 home jersey with Kylian Mbappe's name and number on the back. The iconic Real Madrid jersey features the famous white and black details. The jersey is made of 100% polyester and is comfortable to wear during sport.<\/p>\n<p>Mbapp\u00e9 jersey features<\/p>\n<ul>\n<li>Distinctive design: the iconic Real Madrid logo is located on the left side of the shirt.<\/li>\n<li>Mbapp\u00e9 print: you will find the Mbapp\u00e9 - 9 print on your shirt!<\/li>\n<li>Complete football kit: this Real Madrid kit consists of a shirt and shorts ready for action!<\/li>\n<li>Comfortable: the Real Madrid jersey is made of 100% polyester. Easy to clean and comfortable to wear!<\/li>\n<li>Official club jersey: this kit is part of the official Real Madrid merchandise collection, guaranteeing quality.<\/li>\n<\/ul>","protected":false},"excerpt":{"rendered":"<p>Otro\u0161ki Nogometni dresi kompleti Real Madrid Doma\u010di 2024-25 Kylian Mbappe 9.Je va\u0161 sin ali h\u010di velik obo\u017eevalec Kylian Mbapp\u00e9? Francoski superzvezdnik je premagal vse nasprotnike in vedno nastopil na najvi\u0161ji ravni! Zato pri zdaj ponujamo doma\u010di dres Real Madrid 24\/25 z imenom Kyliana Mbappe in \u0161tevilko na zadnji strani. Ikoni\u010dni dres Real Madrid ima znamenite [&hellip;]<\/p>","protected":false},"featured_media":13292,"comment_status":"open","ping_status":"closed","template":"","meta":[],"product_brand":[],"product_cat":[73,33],"product_tag":[859,837,464,463,159,148,167,751,147],"class_list":{"0":"post-13290","1":"product","2":"type-product","3":"status-publish","4":"has-post-thumbnail","6":"product_cat-otroski","7":"product_cat-nogometni-dresi-real-madrid","8":"product_tag-dresi-kylian-mbappe","9":"product_tag-dresi-za-nogomet","10":"product_tag-nogometni-dresi-real-madrid-prodaja","11":"product_tag-nogometni-dresi-real-madrid-z-lastnim-tiskom","12":"product_tag-otroski-nogometni-dresi","13":"product_tag-poceni-nogometni-dresi","14":"product_tag-poceni-nogometni-dresi-real-madrid-z-lastnim-imenom-online","15":"product_tag-real-madrid-dresi-2024","16":"product_tag-slovenski-nogometni-dresi","18":"first","19":"instock","20":"featured","21":"shipping-taxable","22":"purchasable","23":"product-type-variable"},"_links":{"self":[{"href":"https:\/\/www.nogometnizaotroke.com\/en\/wp-json\/wp\/v2\/product\/13290","targetHints":{"allow":["GET"]}}],"collection":[{"href":"https:\/\/www.nogometnizaotroke.com\/en\/wp-json\/wp\/v2\/product"}],"about":[{"href":"https:\/\/www.nogometnizaotroke.com\/en\/wp-json\/wp\/v2\/types\/product"}],"replies":[{"embeddable":true,"href":"https:\/\/www.nogometnizaotroke.com\/en\/wp-json\/wp\/v2\/comments?post=13290"}],"wp:featuredmedia":[{"embeddable":true,"href":"https:\/\/www.nogometnizaotroke.com\/en\/wp-json\/wp\/v2\/media\/13292"}],"wp:attachment":[{"href":"https:\/\/www.nogometnizaotroke.com\/en\/wp-json\/wp\/v2\/media?parent=13290"}],"wp:term":[{"taxonomy":"product_brand","embeddable":true,"href":"https:\/\/www.nogometnizaotroke.com\/en\/wp-json\/wp\/v2\/product_brand?post=13290"},{"taxonomy":"product_cat","embeddable":true,"href":"https:\/\/www.nogometnizaotroke.com\/en\/wp-json\/wp\/v2\/product_cat?post=13290"},{"taxonomy":"product_tag","embeddable":true,"href":"https:\/\/www.nogometnizaotroke.com\/en\/wp-json\/wp\/v2\/product_tag?post=13290"}],"curies":[{"name":"wp","href":"https:\/\/api.w.org\/{rel}","templated":true}]}}