{"id":12944,"date":"2024-05-27T02:31:11","date_gmt":"2024-05-27T02:31:11","guid":{"rendered":"https:\/\/www.nogometnionline.com\/?post_type=product&#038;p=12944"},"modified":"2024-05-27T02:31:16","modified_gmt":"2024-05-27T02:31:16","slug":"moski-nogometni-dresi-zdruzene-drzave-gostujoci-copa-america-2024-z-lastnim-imenom-online","status":"publish","type":"product","link":"https:\/\/www.nogometnizaotroke.com\/en\/product\/moski-nogometni-dresi-zdruzene-drzave-gostujoci-copa-america-2024-z-lastnim-imenom-online\/","title":{"rendered":"Mo\u0161ki Nogometni dresi Zdru\u017eene dr\u017eave Gostujo\u010di Copa America 2024 z lastnim imenom online"},"content":{"rendered":"<p>Mo\u0161ki Nogometni dresi Zdru\u017eene dr\u017eave Gostujo\u010di Copa America 2024 z lastnim imenom online<\/p>","protected":false},"excerpt":{"rendered":"<p>Mo\u0161ki Nogometni dresi Zdru\u017eene dr\u017eave Gostujo\u010di Copa America 2024 z lastnim imenom online<\/p>","protected":false},"featured_media":12946,"comment_status":"open","ping_status":"closed","template":"","meta":[],"product_brand":[],"product_cat":[140,109],"product_tag":[847,150,153,148,147,813],"class_list":{"0":"post-12944","1":"product","2":"type-product","3":"status-publish","4":"has-post-thumbnail","6":"product_cat-moski","7":"product_cat-dresi-zdruzene-drzave-reprezentance","8":"product_tag-copa-america-2024","9":"product_tag-moski-nogometni-dresi","10":"product_tag-nogometni-dresi","11":"product_tag-poceni-nogometni-dresi","12":"product_tag-slovenski-nogometni-dresi","13":"product_tag-zdruzene-drzave-copa-america-2024-dresi","15":"first","16":"instock","17":"shipping-taxable","18":"purchasable","19":"product-type-variable"},"_links":{"self":[{"href":"https:\/\/www.nogometnizaotroke.com\/en\/wp-json\/wp\/v2\/product\/12944","targetHints":{"allow":["GET"]}}],"collection":[{"href":"https:\/\/www.nogometnizaotroke.com\/en\/wp-json\/wp\/v2\/product"}],"about":[{"href":"https:\/\/www.nogometnizaotroke.com\/en\/wp-json\/wp\/v2\/types\/product"}],"replies":[{"embeddable":true,"href":"https:\/\/www.nogometnizaotroke.com\/en\/wp-json\/wp\/v2\/comments?post=12944"}],"wp:featuredmedia":[{"embeddable":true,"href":"https:\/\/www.nogometnizaotroke.com\/en\/wp-json\/wp\/v2\/media\/12946"}],"wp:attachment":[{"href":"https:\/\/www.nogometnizaotroke.com\/en\/wp-json\/wp\/v2\/media?parent=12944"}],"wp:term":[{"taxonomy":"product_brand","embeddable":true,"href":"https:\/\/www.nogometnizaotroke.com\/en\/wp-json\/wp\/v2\/product_brand?post=12944"},{"taxonomy":"product_cat","embeddable":true,"href":"https:\/\/www.nogometnizaotroke.com\/en\/wp-json\/wp\/v2\/product_cat?post=12944"},{"taxonomy":"product_tag","embeddable":true,"href":"https:\/\/www.nogometnizaotroke.com\/en\/wp-json\/wp\/v2\/product_tag?post=12944"}],"curies":[{"name":"wp","href":"https:\/\/api.w.org\/{rel}","templated":true}]}}