{"id":12936,"date":"2024-05-27T02:19:09","date_gmt":"2024-05-27T02:19:09","guid":{"rendered":"https:\/\/www.nogometnionline.com\/?post_type=product&#038;p=12936"},"modified":"2024-05-27T02:19:14","modified_gmt":"2024-05-27T02:19:14","slug":"replike-moski-nogometni-dresi-kompleti-reprezentance-cile-domaci-copa-america-2024","status":"publish","type":"product","link":"https:\/\/www.nogometnizaotroke.com\/en\/product\/replike-moski-nogometni-dresi-kompleti-reprezentance-cile-domaci-copa-america-2024\/","title":{"rendered":"Men's Soccer Jerseys Chile National Team Kits Home Copa America 2024"},"content":{"rendered":"<p><strong>Men's Soccer Jerseys Chile National Team Kits Home Copa America 2024<\/strong>The Copa America Chile 2024 home shirt is mainly \"Active Red\", which is a bright red colour. It combines the kit with white and blue, the classic colours for the country.What makes the Copa America Chile 2024 home kit unique is the graphic pattern, which contains gradient squares of different sizes that are omitted in the middle to create a star from the Chilean flag (while also making room for the front numbers).The panels of the Copa America Chile 2024 home kit are white. Meanwhile, the 3 stripes are blue.<\/p>","protected":false},"excerpt":{"rendered":"<p>Mo\u0161ki Nogometni dresi kompleti reprezentance \u010cile Doma\u010di Copa America 2024.Doma\u010da majica Copa America v \u010cilu 2024 je v glavnem &#8220;Active Red&#8221;, ki je svetlo rde\u010de barve. Kombinira komplet z belo in modro, klasi\u010dnimi barvami za dr\u017eavo.Zaradi \u010desar je doma\u010di komplet za Copa America v \u010cilu 2024 edinstven, je grafi\u010dni vzorec, ki vsebuje gradientne kvadratke razli\u010dnih [&hellip;]<\/p>","protected":false},"featured_media":12938,"comment_status":"open","ping_status":"closed","template":"","meta":[],"product_brand":[],"product_cat":[140,88],"product_tag":[846,847,150,153,148,147],"class_list":{"0":"post-12936","1":"product","2":"type-product","3":"status-publish","4":"has-post-thumbnail","6":"product_cat-moski","7":"product_cat-dresi-cile-reprezentance","8":"product_tag-cile-copa-america-2024-dresi","9":"product_tag-copa-america-2024","10":"product_tag-moski-nogometni-dresi","11":"product_tag-nogometni-dresi","12":"product_tag-poceni-nogometni-dresi","13":"product_tag-slovenski-nogometni-dresi","15":"first","16":"instock","17":"shipping-taxable","18":"purchasable","19":"product-type-variable"},"_links":{"self":[{"href":"https:\/\/www.nogometnizaotroke.com\/en\/wp-json\/wp\/v2\/product\/12936","targetHints":{"allow":["GET"]}}],"collection":[{"href":"https:\/\/www.nogometnizaotroke.com\/en\/wp-json\/wp\/v2\/product"}],"about":[{"href":"https:\/\/www.nogometnizaotroke.com\/en\/wp-json\/wp\/v2\/types\/product"}],"replies":[{"embeddable":true,"href":"https:\/\/www.nogometnizaotroke.com\/en\/wp-json\/wp\/v2\/comments?post=12936"}],"wp:featuredmedia":[{"embeddable":true,"href":"https:\/\/www.nogometnizaotroke.com\/en\/wp-json\/wp\/v2\/media\/12938"}],"wp:attachment":[{"href":"https:\/\/www.nogometnizaotroke.com\/en\/wp-json\/wp\/v2\/media?parent=12936"}],"wp:term":[{"taxonomy":"product_brand","embeddable":true,"href":"https:\/\/www.nogometnizaotroke.com\/en\/wp-json\/wp\/v2\/product_brand?post=12936"},{"taxonomy":"product_cat","embeddable":true,"href":"https:\/\/www.nogometnizaotroke.com\/en\/wp-json\/wp\/v2\/product_cat?post=12936"},{"taxonomy":"product_tag","embeddable":true,"href":"https:\/\/www.nogometnizaotroke.com\/en\/wp-json\/wp\/v2\/product_tag?post=12936"}],"curies":[{"name":"wp","href":"https:\/\/api.w.org\/{rel}","templated":true}]}}