{"id":27088,"date":"2025-12-27T13:50:18","date_gmt":"2025-12-27T13:50:18","guid":{"rendered":"https:\/\/www.nogometnizaotroke.com\/?post_type=product&#038;p=27088"},"modified":"2025-12-27T14:00:43","modified_gmt":"2025-12-27T14:00:43","slug":"otroski-nogometni-dres-argentina-2025-26-emiliano-martinez-23","status":"publish","type":"product","link":"https:\/\/www.nogometnizaotroke.com\/de\/product\/otroski-nogometni-dres-argentina-2025-26-emiliano-martinez-23\/","title":{"rendered":"Otro\u0161ki dresi Argentina 2025-26 Emiliano Martinez 23"},"content":{"rendered":"<p>Naj va\u0161 otrok stopi med vratnice kot legendarni svetovni prvak! <strong>Novi otro\u0161ki dresi Argentina<\/strong> <strong>2025-26<\/strong> prina\u0161a videz, ki ga nosi Emiliano Martinez. Ta komplet (majica in hla\u010dke) je popolna izbira za treninge, \u0161olske tekme ali navijanje za &#8220;Albiceleste&#8221;.<\/p>\n<p><strong>Klju\u010dne lastnosti izdelka:<\/strong><\/p>\n<ul>\n<li>Ime in \u0161tevilka: Na hrbtni strani sta natisnjena uradna pisava in \u0161tevilka 23 (Emiliano Martinez).<\/li>\n<li>Vrhunski materiali: Tehnologija hitrega su\u0161enja (Dri-FIT\/AEROREADY) zagotavlja udobje in zra\u010dnost med intenzivno igro.<\/li>\n<li>Komplet vsebuje: Zgornji del (dres) in spodnji del (hla\u010dke).<\/li>\n<li>Vzdr\u017eljivost: Odporen na pogosto pranje, barve pa ostanejo \u017eive tudi po dolgotrajni uporabi.<\/li>\n<li>Velikosti: Na voljo za otroke vseh starosti (od 4 do 14 let).<\/li>\n<\/ul>\n<h3>Zakaj izbrati Otro\u0161ki dresi Emiliano Martinez?<\/h3>\n<p><strong>Emiliano Martinez<\/strong> ni le vratar, je simbol borbenosti in zmagoslavja. Ta dres bo mladim nogometa\u0161em vlil samozavest, ki jo potrebujejo za obrambo vsake \u017eoge. Idealen je za darilo za rojstni dan ali za\u010detek nogometne sezone.<\/p>\n<p><strong>\u2728 Personalizacija \u2013 Tisk po meri (Ime in \u0160tevilka):<\/strong><\/p>\n<p>\u017delite, da bo dres \u0161e bolj poseben? Poleg standardnega dresa Martineza nudimo mo\u017enost unikatnega tiska po va\u0161i \u017eelji!<\/p>\n<p>Tipps f\u00fcr Socken: Das T-Shirt enth\u00e4lt standardm\u00e4\u00dfig keine Socken. Wenn Sie Socken w\u00fcnschen, w\u00e4hlen Sie die Sockenoptionen, um sie zu bezahlen.<\/p>\n<p>Tipp zum Drucken: Wenn der Name und die Nummer auf dem Bild genau Ihren Vorstellungen entsprechen, brauchen Sie sie nicht erneut einzugeben. Ist dies nicht der Fall, geben Sie den gew\u00fcnschten Namen und die Nummer ein.<\/p>\n<p>Waschtipp: Es wird empfohlen, Fu\u00dfballtrikots mit der Hand zu waschen. Wenn Sie eine Waschmaschine benutzen wollen, denken Sie daran, das Trikot umzudrehen und es dann zu waschen. F\u00fcllen Sie die Maschine mit kaltem Wasser und verwenden Sie einen Schonwaschgang, um die Farben besser zu sch\u00fctzen.<\/p>","protected":false},"excerpt":{"rendered":"<p>Naj va\u0161 otrok stopi med vratnice kot legendarni svetovni prvak! Novi otro\u0161ki dresi Argentina 2025-26 prina\u0161a videz, ki ga nosi Emiliano Martinez. Ta komplet (majica in hla\u010dke) je popolna izbira za treninge, \u0161olske tekme ali navijanje za &#8220;Albiceleste&#8221;. Klju\u010dne lastnosti izdelka: Ime in \u0161tevilka: Na hrbtni strani sta natisnjena uradna pisava in \u0161tevilka 23 (Emiliano [&hellip;]<\/p>","protected":false},"featured_media":27090,"comment_status":"open","ping_status":"closed","template":"","meta":[],"product_brand":[],"product_cat":[73,81],"product_tag":[1392,153,545,159,148,147],"class_list":{"0":"post-27088","1":"product","2":"type-product","3":"status-publish","4":"has-post-thumbnail","6":"product_cat-otroski","7":"product_cat-dresi-argentina-reprezentance","8":"product_tag-emiliano-martinez-dresi","9":"product_tag-nogometni-dresi","10":"product_tag-nogometni-dresi-slovenija","11":"product_tag-otroski-nogometni-dresi","12":"product_tag-poceni-nogometni-dresi","13":"product_tag-slovenski-nogometni-dresi","15":"first","16":"instock","17":"shipping-taxable","18":"purchasable","19":"product-type-variable"},"_links":{"self":[{"href":"https:\/\/www.nogometnizaotroke.com\/de\/wp-json\/wp\/v2\/product\/27088","targetHints":{"allow":["GET"]}}],"collection":[{"href":"https:\/\/www.nogometnizaotroke.com\/de\/wp-json\/wp\/v2\/product"}],"about":[{"href":"https:\/\/www.nogometnizaotroke.com\/de\/wp-json\/wp\/v2\/types\/product"}],"replies":[{"embeddable":true,"href":"https:\/\/www.nogometnizaotroke.com\/de\/wp-json\/wp\/v2\/comments?post=27088"}],"wp:featuredmedia":[{"embeddable":true,"href":"https:\/\/www.nogometnizaotroke.com\/de\/wp-json\/wp\/v2\/media\/27090"}],"wp:attachment":[{"href":"https:\/\/www.nogometnizaotroke.com\/de\/wp-json\/wp\/v2\/media?parent=27088"}],"wp:term":[{"taxonomy":"product_brand","embeddable":true,"href":"https:\/\/www.nogometnizaotroke.com\/de\/wp-json\/wp\/v2\/product_brand?post=27088"},{"taxonomy":"product_cat","embeddable":true,"href":"https:\/\/www.nogometnizaotroke.com\/de\/wp-json\/wp\/v2\/product_cat?post=27088"},{"taxonomy":"product_tag","embeddable":true,"href":"https:\/\/www.nogometnizaotroke.com\/de\/wp-json\/wp\/v2\/product_tag?post=27088"}],"curies":[{"name":"wp","href":"https:\/\/api.w.org\/{rel}","templated":true}]}}