{"id":26171,"date":"2025-07-19T09:04:37","date_gmt":"2025-07-19T09:04:37","guid":{"rendered":"https:\/\/www.nogometnizaotroke.com\/?post_type=product&#038;p=26171"},"modified":"2025-07-19T09:14:36","modified_gmt":"2025-07-19T09:14:36","slug":"moski-nogometni-dres-real-madrid-domaci-2025-26-jude-bellingham-5","status":"publish","type":"product","link":"https:\/\/www.nogometnizaotroke.com\/de\/product\/moski-nogometni-dres-real-madrid-domaci-2025-26-jude-bellingham-5\/","title":{"rendered":"Mo\u0161ki Nogometni dres Real Madrid Doma\u010di 2025-26 Jude Bellingham 5"},"content":{"rendered":"<h3>Mo\u0161ki Nogometni dres Real Madrid Doma\u010di 2025-26<\/h3>\n<p>Kolekcija Mo\u0161ki Nogometni dres Real Madrid 25\/26 je poklon enemu najbolj znanih stadionov v zgodovini nogometa, Santiago Bernab\u00e9uu. Doma\u010di dres je standardno bel s klasi\u010dnimi \u010drno-rumenimi poudarki, na prsih pa ga krasi subtilen ponavljajo\u010d se kro\u017eni vzorec. Vzorec spominja na videz Bernab\u00e9ua pred nedavno prenovo \u2013 vzorec na dresu naj bi navija\u010de spomnil na kro\u017eno stopni\u0161\u010de pred stadionom in stebre, ki obdajajo rob stadiona. Navsezadnje ni kraja, kot je dom.<\/p>\n<p>Tipps f\u00fcr Socken: Das T-Shirt enth\u00e4lt standardm\u00e4\u00dfig keine Socken. Wenn Sie Socken w\u00fcnschen, w\u00e4hlen Sie die Sockenoptionen, um sie zu bezahlen.<\/p>\n<p>Tipp zum Drucken: Wenn der Name und die Nummer auf dem Bild genau Ihren Vorstellungen entsprechen, brauchen Sie sie nicht erneut einzugeben. Ist dies nicht der Fall, geben Sie den gew\u00fcnschten Namen und die Nummer ein.<\/p>\n<p>Waschtipp: Es wird empfohlen, Fu\u00dfballtrikots mit der Hand zu waschen. Wenn Sie eine Waschmaschine benutzen wollen, denken Sie daran, das Trikot umzudrehen und es dann zu waschen. F\u00fcllen Sie die Maschine mit kaltem Wasser und verwenden Sie einen Schonwaschgang, um die Farben besser zu sch\u00fctzen.<\/p>","protected":false},"excerpt":{"rendered":"<p>Mo\u0161ki Nogometni dres Real Madrid Doma\u010di 2025-26 Kolekcija Mo\u0161ki Nogometni dres Real Madrid 25\/26 je poklon enemu najbolj znanih stadionov v zgodovini nogometa, Santiago Bernab\u00e9uu. Doma\u010di dres je standardno bel s klasi\u010dnimi \u010drno-rumenimi poudarki, na prsih pa ga krasi subtilen ponavljajo\u010d se kro\u017eni vzorec. Vzorec spominja na videz Bernab\u00e9ua pred nedavno prenovo \u2013 vzorec na [&hellip;]<\/p>","protected":false},"featured_media":26173,"comment_status":"open","ping_status":"closed","template":"","meta":[],"product_brand":[],"product_cat":[140,33],"product_tag":[290,837,983,150,148,1113,147],"class_list":{"0":"post-26171","1":"product","2":"type-product","3":"status-publish","4":"has-post-thumbnail","6":"product_cat-moski","7":"product_cat-nogometni-dresi-real-madrid","8":"product_tag-dresi-real-madrid-za-otroke","9":"product_tag-dresi-za-nogomet","10":"product_tag-jude-bellingham-dresi","11":"product_tag-moski-nogometni-dresi","12":"product_tag-poceni-nogometni-dresi","13":"product_tag-poceni-nogometni-dresi-real-madrid","14":"product_tag-slovenski-nogometni-dresi","16":"first","17":"instock","18":"shipping-taxable","19":"purchasable","20":"product-type-variable"},"_links":{"self":[{"href":"https:\/\/www.nogometnizaotroke.com\/de\/wp-json\/wp\/v2\/product\/26171","targetHints":{"allow":["GET"]}}],"collection":[{"href":"https:\/\/www.nogometnizaotroke.com\/de\/wp-json\/wp\/v2\/product"}],"about":[{"href":"https:\/\/www.nogometnizaotroke.com\/de\/wp-json\/wp\/v2\/types\/product"}],"replies":[{"embeddable":true,"href":"https:\/\/www.nogometnizaotroke.com\/de\/wp-json\/wp\/v2\/comments?post=26171"}],"wp:featuredmedia":[{"embeddable":true,"href":"https:\/\/www.nogometnizaotroke.com\/de\/wp-json\/wp\/v2\/media\/26173"}],"wp:attachment":[{"href":"https:\/\/www.nogometnizaotroke.com\/de\/wp-json\/wp\/v2\/media?parent=26171"}],"wp:term":[{"taxonomy":"product_brand","embeddable":true,"href":"https:\/\/www.nogometnizaotroke.com\/de\/wp-json\/wp\/v2\/product_brand?post=26171"},{"taxonomy":"product_cat","embeddable":true,"href":"https:\/\/www.nogometnizaotroke.com\/de\/wp-json\/wp\/v2\/product_cat?post=26171"},{"taxonomy":"product_tag","embeddable":true,"href":"https:\/\/www.nogometnizaotroke.com\/de\/wp-json\/wp\/v2\/product_tag?post=26171"}],"curies":[{"name":"wp","href":"https:\/\/api.w.org\/{rel}","templated":true}]}}