{"id":25558,"date":"2025-07-18T03:54:44","date_gmt":"2025-07-18T03:54:44","guid":{"rendered":"https:\/\/www.nogometnizaotroke.com\/?post_type=product&#038;p=25558"},"modified":"2025-07-18T04:01:22","modified_gmt":"2025-07-18T04:01:22","slug":"juventus-gostujoci-2025-26-otroski-nogometni-dres-kompleti-gleison-bremer-3","status":"publish","type":"product","link":"https:\/\/www.nogometnizaotroke.com\/de\/product\/juventus-gostujoci-2025-26-otroski-nogometni-dres-kompleti-gleison-bremer-3\/","title":{"rendered":"Juventus Gostujo\u010di dresi 2025-26 Otro\u0161ki Nogometni Dres kompleti Gleison Bremer 3"},"content":{"rendered":"<h3>Juventus Gostujo\u010di dresi 2025-26<\/h3>\n<p>Pred vami je najbolj divji Juventus Gostujo\u010di dresi 2025-26. Juventusov najnovej\u0161i gostujo\u010di dres je zasnovan tako, da prina\u0161a poletno vzdu\u0161je, z uporabo svetlih pastelnih barv v kombinaciji z valovitim vzorcem vode, ki poudarja italijansko obalo in ustvarja ob\u010dutek, kot da ste obdani s peskom in morskim vetri\u010dem.<\/p>\n<p>Ponavljajo\u010di se geometrijski vzorec, ki ga vidite tukaj, spominja na sen\u010dnike, razporejene vzdol\u017e obale, gledano od zgoraj, pripravljene za igro na soncu. To je popoln dizajn za Juventus Gostujo\u010di dresi 2025-26 \u2013 navsezadnje po\u010ditnice niso, dokler niste stran od doma.<\/p>\n<p>Tipps f\u00fcr Socken: Das T-Shirt enth\u00e4lt standardm\u00e4\u00dfig keine Socken. Wenn Sie Socken w\u00fcnschen, w\u00e4hlen Sie die Sockenoptionen, um sie zu bezahlen.<\/p>\n<p>Tipp zum Drucken: Wenn der Name und die Nummer auf dem Bild genau Ihren Vorstellungen entsprechen, brauchen Sie sie nicht erneut einzugeben. Ist dies nicht der Fall, geben Sie den gew\u00fcnschten Namen und die Nummer ein.<\/p>\n<p>Waschtipp: Es wird empfohlen, Fu\u00dfballtrikots mit der Hand zu waschen. Wenn Sie eine Waschmaschine benutzen wollen, denken Sie daran, das Trikot umzudrehen und es dann zu waschen. F\u00fcllen Sie die Maschine mit kaltem Wasser und verwenden Sie einen Schonwaschgang, um die Farben besser zu sch\u00fctzen.<\/p>","protected":false},"excerpt":{"rendered":"<p>Juventus Gostujo\u010di dresi 2025-26 Pred vami je najbolj divji Juventus Gostujo\u010di dresi 2025-26. Juventusov najnovej\u0161i gostujo\u010di dres je zasnovan tako, da prina\u0161a poletno vzdu\u0161je, z uporabo svetlih pastelnih barv v kombinaciji z valovitim vzorcem vode, ki poudarja italijansko obalo in ustvarja ob\u010dutek, kot da ste obdani s peskom in morskim vetri\u010dem. Ponavljajo\u010di se geometrijski vzorec, [&hellip;]<\/p>","protected":false},"featured_media":25560,"comment_status":"open","ping_status":"closed","template":"","meta":[],"product_brand":[],"product_cat":[73,36],"product_tag":[1179,153,1095,159,148,1094,147],"class_list":{"0":"post-25558","1":"product","2":"type-product","3":"status-publish","4":"has-post-thumbnail","6":"product_cat-otroski","7":"product_cat-nogometni-dresi-juventus","8":"product_tag-gleison-bremer-dresi","9":"product_tag-nogometni-dresi","10":"product_tag-nogometni-dresi-juventus-z-lastnim-imenom","11":"product_tag-otroski-nogometni-dresi","12":"product_tag-poceni-nogometni-dresi","13":"product_tag-poceni-nogometni-dresi-juventus","14":"product_tag-slovenski-nogometni-dresi","16":"first","17":"instock","18":"shipping-taxable","19":"purchasable","20":"product-type-variable"},"_links":{"self":[{"href":"https:\/\/www.nogometnizaotroke.com\/de\/wp-json\/wp\/v2\/product\/25558","targetHints":{"allow":["GET"]}}],"collection":[{"href":"https:\/\/www.nogometnizaotroke.com\/de\/wp-json\/wp\/v2\/product"}],"about":[{"href":"https:\/\/www.nogometnizaotroke.com\/de\/wp-json\/wp\/v2\/types\/product"}],"replies":[{"embeddable":true,"href":"https:\/\/www.nogometnizaotroke.com\/de\/wp-json\/wp\/v2\/comments?post=25558"}],"wp:featuredmedia":[{"embeddable":true,"href":"https:\/\/www.nogometnizaotroke.com\/de\/wp-json\/wp\/v2\/media\/25560"}],"wp:attachment":[{"href":"https:\/\/www.nogometnizaotroke.com\/de\/wp-json\/wp\/v2\/media?parent=25558"}],"wp:term":[{"taxonomy":"product_brand","embeddable":true,"href":"https:\/\/www.nogometnizaotroke.com\/de\/wp-json\/wp\/v2\/product_brand?post=25558"},{"taxonomy":"product_cat","embeddable":true,"href":"https:\/\/www.nogometnizaotroke.com\/de\/wp-json\/wp\/v2\/product_cat?post=25558"},{"taxonomy":"product_tag","embeddable":true,"href":"https:\/\/www.nogometnizaotroke.com\/de\/wp-json\/wp\/v2\/product_tag?post=25558"}],"curies":[{"name":"wp","href":"https:\/\/api.w.org\/{rel}","templated":true}]}}