{"id":25455,"date":"2025-06-27T08:38:11","date_gmt":"2025-06-27T08:38:11","guid":{"rendered":"https:\/\/www.nogometnizaotroke.com\/?post_type=product&#038;p=25455"},"modified":"2025-07-04T03:55:37","modified_gmt":"2025-07-04T03:55:37","slug":"otroske-nogometnih-dresov-manchester-city-gostujoci-klubsko-svetovno-prvenstvo-clubs-2025","status":"publish","type":"product","link":"https:\/\/www.nogometnizaotroke.com\/de\/product\/otroske-nogometnih-dresov-manchester-city-gostujoci-klubsko-svetovno-prvenstvo-clubs-2025\/","title":{"rendered":"Otro\u0161ke Nogometnih dresov Manchester City Gostujo\u010di Klubsko svetovno prvenstvo Clubs 2025"},"content":{"rendered":"<h3>Otro\u0161ke Nogometnih dresov Manchester City Gostujo\u010di Klubsko svetovno prvenstvo Clubs 2025<\/h3>\n<p>Klasika se vra\u010da \u2013 na novo narisana, prebarvana in pripravljena za uporabo. V kolekcijo PUMA x KIDSUPER se vra\u010da ikoni\u010dni pas, na novo interpretiran z ro\u010dno poslikano grafiko, akvarelnimi toni in, kot vedno, osebnostjo Manchester Cityja. Ta edinstvena ekskluzivna oblika je narejena izklju\u010dno za svetovno klubsko prvenstvo FIFA\u2122 in je na voljo omejen \u010das, do razprodaje zalog.<\/p>\n<p>Tipps f\u00fcr Socken: Das T-Shirt enth\u00e4lt standardm\u00e4\u00dfig keine Socken. Wenn Sie Socken w\u00fcnschen, w\u00e4hlen Sie die Sockenoptionen, um sie zu bezahlen.<\/p>\n<p>Tipp zum Drucken: Wenn der Name und die Nummer auf dem Bild genau Ihren Vorstellungen entsprechen, brauchen Sie sie nicht erneut einzugeben. Ist dies nicht der Fall, geben Sie den gew\u00fcnschten Namen und die Nummer ein.<\/p>\n<p>Waschtipp: Es wird empfohlen, Fu\u00dfballtrikots mit der Hand zu waschen. Wenn Sie eine Waschmaschine benutzen wollen, denken Sie daran, das Trikot umzudrehen und es dann zu waschen. F\u00fcllen Sie die Maschine mit kaltem Wasser und verwenden Sie einen Schonwaschgang, um die Farben besser zu sch\u00fctzen.<\/p>","protected":false},"excerpt":{"rendered":"<p>Otro\u0161ke Nogometnih dresov Manchester City Gostujo\u010di Klubsko svetovno prvenstvo Clubs 2025 Klasika se vra\u010da \u2013 na novo narisana, prebarvana in pripravljena za uporabo. V kolekcijo PUMA x KIDSUPER se vra\u010da ikoni\u010dni pas, na novo interpretiran z ro\u010dno poslikano grafiko, akvarelnimi toni in, kot vedno, osebnostjo Manchester Cityja. Ta edinstvena ekskluzivna oblika je narejena izklju\u010dno za [&hellip;]<\/p>","protected":false},"featured_media":25457,"comment_status":"open","ping_status":"closed","template":"","meta":[],"product_brand":[],"product_cat":[73,44],"product_tag":[483,837,490,220,159,148,147],"class_list":{"0":"post-25455","1":"product","2":"type-product","3":"status-publish","4":"has-post-thumbnail","6":"product_cat-otroski","7":"product_cat-nogometni-dresi-manchester-city","8":"product_tag-dresi-manchester-city-za-otroke","9":"product_tag-dresi-za-nogomet","10":"product_tag-nogometni-dresi-manchester-city-prodaja","11":"product_tag-nogometni-dresi-za-otroke","12":"product_tag-otroski-nogometni-dresi","13":"product_tag-poceni-nogometni-dresi","14":"product_tag-slovenski-nogometni-dresi","16":"first","17":"instock","18":"shipping-taxable","19":"purchasable","20":"product-type-variable"},"_links":{"self":[{"href":"https:\/\/www.nogometnizaotroke.com\/de\/wp-json\/wp\/v2\/product\/25455","targetHints":{"allow":["GET"]}}],"collection":[{"href":"https:\/\/www.nogometnizaotroke.com\/de\/wp-json\/wp\/v2\/product"}],"about":[{"href":"https:\/\/www.nogometnizaotroke.com\/de\/wp-json\/wp\/v2\/types\/product"}],"replies":[{"embeddable":true,"href":"https:\/\/www.nogometnizaotroke.com\/de\/wp-json\/wp\/v2\/comments?post=25455"}],"wp:featuredmedia":[{"embeddable":true,"href":"https:\/\/www.nogometnizaotroke.com\/de\/wp-json\/wp\/v2\/media\/25457"}],"wp:attachment":[{"href":"https:\/\/www.nogometnizaotroke.com\/de\/wp-json\/wp\/v2\/media?parent=25455"}],"wp:term":[{"taxonomy":"product_brand","embeddable":true,"href":"https:\/\/www.nogometnizaotroke.com\/de\/wp-json\/wp\/v2\/product_brand?post=25455"},{"taxonomy":"product_cat","embeddable":true,"href":"https:\/\/www.nogometnizaotroke.com\/de\/wp-json\/wp\/v2\/product_cat?post=25455"},{"taxonomy":"product_tag","embeddable":true,"href":"https:\/\/www.nogometnizaotroke.com\/de\/wp-json\/wp\/v2\/product_tag?post=25455"}],"curies":[{"name":"wp","href":"https:\/\/api.w.org\/{rel}","templated":true}]}}