{"id":25443,"date":"2025-06-28T06:00:01","date_gmt":"2025-06-28T06:00:01","guid":{"rendered":"https:\/\/www.nogometnizaotroke.com\/?post_type=product&#038;p=25443"},"modified":"2025-07-30T10:09:17","modified_gmt":"2025-07-30T10:09:17","slug":"manchester-united-dresi-2025-26-domaci-zenski-rdeca","status":"publish","type":"product","link":"https:\/\/www.nogometnizaotroke.com\/de\/product\/manchester-united-dresi-2025-26-domaci-zenski-rdeca\/","title":{"rendered":"Manchester United Dresi 2025-26 Doma\u010di \u017denski rde\u010da"},"content":{"rendered":"<h3>Nakup Manchester United Doma\u010di 2025-26 \u017denski Nogometni Dresi<\/h3>\n<p>Dizajn najnovej\u0161ega doma\u010dega dresa Manchester United Dresi 2025-26 ostaja dokaj standarden, vendar je na rokavih nekaj subtilnih detajlov, ki so navdihnjeni z grafiko Old Trafforda. To v kombinaciji z logotipom &#8220;Threatre of Dreams&#8221; na zadnjem ovratniku naredi ta novi doma\u010di dres Manchester Uniteda popoln poklon samemu Old Traffordu. Poleg tega, kdo ne mara \u010drnih robov na dresu Manchester Uniteda?<\/p>\n<p>Tipps f\u00fcr Socken: Das T-Shirt enth\u00e4lt standardm\u00e4\u00dfig keine Socken. Wenn Sie Socken w\u00fcnschen, w\u00e4hlen Sie die Sockenoptionen, um sie zu bezahlen.<\/p>\n<p>Tipp zum Drucken: Wenn der Name und die Nummer auf dem Bild genau Ihren Vorstellungen entsprechen, brauchen Sie sie nicht erneut einzugeben. Ist dies nicht der Fall, geben Sie den gew\u00fcnschten Namen und die Nummer ein.<\/p>\n<p>Waschtipp: Es wird empfohlen, Fu\u00dfballtrikots mit der Hand zu waschen. Wenn Sie eine Waschmaschine benutzen wollen, denken Sie daran, das Trikot umzudrehen und es dann zu waschen. F\u00fcllen Sie die Maschine mit kaltem Wasser und verwenden Sie einen Schonwaschgang, um die Farben besser zu sch\u00fctzen.<\/p>","protected":false},"excerpt":{"rendered":"<p>Nakup Manchester United Doma\u010di 2025-26 \u017denski Nogometni Dresi Dizajn najnovej\u0161ega doma\u010dega dresa Manchester United Dresi 2025-26 ostaja dokaj standarden, vendar je na rokavih nekaj subtilnih detajlov, ki so navdihnjeni z grafiko Old Trafforda. To v kombinaciji z logotipom &#8220;Threatre of Dreams&#8221; na zadnjem ovratniku naredi ta novi doma\u010di dres Manchester Uniteda popoln poklon samemu Old [&hellip;]<\/p>","protected":false},"featured_media":25445,"comment_status":"open","ping_status":"closed","template":"","meta":[],"product_brand":[],"product_cat":[74,35],"product_tag":[1838,837,148,147,320],"class_list":{"0":"post-25443","1":"product","2":"type-product","3":"status-publish","4":"has-post-thumbnail","6":"product_cat-zenski","7":"product_cat-nogometni-dresi-manchester-united","8":"product_tag-dresi-manchester-united-za-otroski","9":"product_tag-dresi-za-nogomet","10":"product_tag-poceni-nogometni-dresi","11":"product_tag-slovenski-nogometni-dresi","12":"product_tag-zenski-nogometni-dresi","14":"first","15":"instock","16":"shipping-taxable","17":"purchasable","18":"product-type-variable"},"_links":{"self":[{"href":"https:\/\/www.nogometnizaotroke.com\/de\/wp-json\/wp\/v2\/product\/25443","targetHints":{"allow":["GET"]}}],"collection":[{"href":"https:\/\/www.nogometnizaotroke.com\/de\/wp-json\/wp\/v2\/product"}],"about":[{"href":"https:\/\/www.nogometnizaotroke.com\/de\/wp-json\/wp\/v2\/types\/product"}],"replies":[{"embeddable":true,"href":"https:\/\/www.nogometnizaotroke.com\/de\/wp-json\/wp\/v2\/comments?post=25443"}],"wp:featuredmedia":[{"embeddable":true,"href":"https:\/\/www.nogometnizaotroke.com\/de\/wp-json\/wp\/v2\/media\/25445"}],"wp:attachment":[{"href":"https:\/\/www.nogometnizaotroke.com\/de\/wp-json\/wp\/v2\/media?parent=25443"}],"wp:term":[{"taxonomy":"product_brand","embeddable":true,"href":"https:\/\/www.nogometnizaotroke.com\/de\/wp-json\/wp\/v2\/product_brand?post=25443"},{"taxonomy":"product_cat","embeddable":true,"href":"https:\/\/www.nogometnizaotroke.com\/de\/wp-json\/wp\/v2\/product_cat?post=25443"},{"taxonomy":"product_tag","embeddable":true,"href":"https:\/\/www.nogometnizaotroke.com\/de\/wp-json\/wp\/v2\/product_tag?post=25443"}],"curies":[{"name":"wp","href":"https:\/\/api.w.org\/{rel}","templated":true}]}}