{"id":25361,"date":"2025-06-24T09:12:02","date_gmt":"2025-06-24T09:12:02","guid":{"rendered":"https:\/\/www.nogometnizaotroke.com\/?post_type=product&#038;p=25361"},"modified":"2025-06-28T04:05:41","modified_gmt":"2025-06-28T04:05:41","slug":"moske-nogometnih-dresov-real-madrid-gostujoci-2025-26-rodrygo-goes-11","status":"publish","type":"product","link":"https:\/\/www.nogometnizaotroke.com\/de\/product\/moske-nogometnih-dresov-real-madrid-gostujoci-2025-26-rodrygo-goes-11\/","title":{"rendered":"Mo\u0161ke Nogometnih dresov Real Madrid Gostujo\u010di 2025-26 Rodrygo Goes 11"},"content":{"rendered":"<h3>Mo\u0161ke Nogometnih dresov Real Madrid Gostujo\u010di 2025-26<\/h3>\n<p>Ko svetovno znani stadion Real Madrida vstopa v novo dobo, ta gostujo\u010di dres izkazuje poklon \u010darobnim ve\u010derom na Santiago Bernab\u00e9uu. Njegov valoviti vzorec dopolnjujejo srebrni kovinski detajli, ki odra\u017eajo ble\u0161\u010de\u010do zunanjost prenovljenega stadiona.<\/p>\n<p>Tipps f\u00fcr Socken: Das T-Shirt enth\u00e4lt standardm\u00e4\u00dfig keine Socken. Wenn Sie Socken w\u00fcnschen, w\u00e4hlen Sie die Sockenoptionen, um sie zu bezahlen.<\/p>\n<p>Tipp zum Drucken: Wenn der Name und die Nummer auf dem Bild genau Ihren Vorstellungen entsprechen, brauchen Sie sie nicht erneut einzugeben. Ist dies nicht der Fall, geben Sie den gew\u00fcnschten Namen und die Nummer ein.<\/p>\n<p>Waschtipp: Es wird empfohlen, Fu\u00dfballtrikots mit der Hand zu waschen. Wenn Sie eine Waschmaschine benutzen wollen, denken Sie daran, das Trikot umzudrehen und es dann zu waschen. F\u00fcllen Sie die Maschine mit kaltem Wasser und verwenden Sie einen Schonwaschgang, um die Farben besser zu sch\u00fctzen.<\/p>","protected":false},"excerpt":{"rendered":"<p>Mo\u0161ke Nogometnih dresov Real Madrid Gostujo\u010di 2025-26 Ko svetovno znani stadion Real Madrida vstopa v novo dobo, ta gostujo\u010di dres izkazuje poklon \u010darobnim ve\u010derom na Santiago Bernab\u00e9uu. Njegov valoviti vzorec dopolnjujejo srebrni kovinski detajli, ki odra\u017eajo ble\u0161\u010de\u010do zunanjost prenovljenega stadiona. Nasveti za nogavice: Majica ne vsebuje nogavic privzeto. \u010ce \u017eelite nogavice, izberite mo\u017enosti nogavic, da [&hellip;]<\/p>","protected":false},"featured_media":25363,"comment_status":"open","ping_status":"closed","template":"","meta":[],"product_brand":[],"product_cat":[140,33],"product_tag":[290,837,150,148,1113,1125,147],"class_list":{"0":"post-25361","1":"product","2":"type-product","3":"status-publish","4":"has-post-thumbnail","6":"product_cat-moski","7":"product_cat-nogometni-dresi-real-madrid","8":"product_tag-dresi-real-madrid-za-otroke","9":"product_tag-dresi-za-nogomet","10":"product_tag-moski-nogometni-dresi","11":"product_tag-poceni-nogometni-dresi","12":"product_tag-poceni-nogometni-dresi-real-madrid","13":"product_tag-rodrygo-goes-dresi","14":"product_tag-slovenski-nogometni-dresi","16":"first","17":"instock","18":"shipping-taxable","19":"purchasable","20":"product-type-variable"},"_links":{"self":[{"href":"https:\/\/www.nogometnizaotroke.com\/de\/wp-json\/wp\/v2\/product\/25361","targetHints":{"allow":["GET"]}}],"collection":[{"href":"https:\/\/www.nogometnizaotroke.com\/de\/wp-json\/wp\/v2\/product"}],"about":[{"href":"https:\/\/www.nogometnizaotroke.com\/de\/wp-json\/wp\/v2\/types\/product"}],"replies":[{"embeddable":true,"href":"https:\/\/www.nogometnizaotroke.com\/de\/wp-json\/wp\/v2\/comments?post=25361"}],"wp:featuredmedia":[{"embeddable":true,"href":"https:\/\/www.nogometnizaotroke.com\/de\/wp-json\/wp\/v2\/media\/25363"}],"wp:attachment":[{"href":"https:\/\/www.nogometnizaotroke.com\/de\/wp-json\/wp\/v2\/media?parent=25361"}],"wp:term":[{"taxonomy":"product_brand","embeddable":true,"href":"https:\/\/www.nogometnizaotroke.com\/de\/wp-json\/wp\/v2\/product_brand?post=25361"},{"taxonomy":"product_cat","embeddable":true,"href":"https:\/\/www.nogometnizaotroke.com\/de\/wp-json\/wp\/v2\/product_cat?post=25361"},{"taxonomy":"product_tag","embeddable":true,"href":"https:\/\/www.nogometnizaotroke.com\/de\/wp-json\/wp\/v2\/product_tag?post=25361"}],"curies":[{"name":"wp","href":"https:\/\/api.w.org\/{rel}","templated":true}]}}