{"id":24094,"date":"2025-04-16T09:25:27","date_gmt":"2025-04-16T09:25:27","guid":{"rendered":"https:\/\/www.nogometnizaotroke.com\/?post_type=product&#038;p=24094"},"modified":"2025-04-16T09:25:29","modified_gmt":"2025-04-16T09:25:29","slug":"real-madrid-cristiano-ronaldo-dres-moske-nogometnih-dresov-komplet-25-26","status":"publish","type":"product","link":"https:\/\/www.nogometnizaotroke.com\/de\/product\/real-madrid-cristiano-ronaldo-dres-moske-nogometnih-dresov-komplet-25-26\/","title":{"rendered":"Mo\u0161ke Nogometnih dresov komplet Real Madrid Doma\u010di 2025-26 Cristiano Ronaldo 7"},"content":{"rendered":"<p>Za sezono <strong>Real Madrid Cristiano Ronaldo dres<\/strong> Club de F\u00fatbol 2025\u201326 zdru\u017euje belo osnovo z rumenimi pasovi, svetlo sivimi aplikacijami in \u010drnimi logotipi. Na obeh straneh te\u010de rumena \u010drta. Man\u0161ete na rokavih in ovratnik so opremljene z majhnimi sivimi \u010drtami. Svetlo siva se uporablja tudi za pod pazduho\/stransko plo\u0161\u010do.<\/p>\n<p>Tipps f\u00fcr Socken: Das T-Shirt enth\u00e4lt standardm\u00e4\u00dfig keine Socken. Wenn Sie Socken w\u00fcnschen, w\u00e4hlen Sie die Sockenoptionen, um sie zu bezahlen.<\/p>\n<p>Tipp zum Drucken: Wenn der Name und die Nummer auf dem Bild genau Ihren Vorstellungen entsprechen, brauchen Sie sie nicht erneut einzugeben. Ist dies nicht der Fall, geben Sie den gew\u00fcnschten Namen und die Nummer ein.<\/p>\n<p>Waschtipp: Es wird empfohlen, Fu\u00dfballtrikots mit der Hand zu waschen. Wenn Sie eine Waschmaschine benutzen wollen, denken Sie daran, das Trikot umzudrehen und es dann zu waschen. F\u00fcllen Sie die Maschine mit kaltem Wasser und verwenden Sie einen Schonwaschgang, um die Farben besser zu sch\u00fctzen.<\/p>","protected":false},"excerpt":{"rendered":"<p>Za sezono Real Madrid Cristiano Ronaldo dres Club de F\u00fatbol 2025\u201326 zdru\u017euje belo osnovo z rumenimi pasovi, svetlo sivimi aplikacijami in \u010drnimi logotipi. Na obeh straneh te\u010de rumena \u010drta. Man\u0161ete na rokavih in ovratnik so opremljene z majhnimi sivimi \u010drtami. Svetlo siva se uporablja tudi za pod pazduho\/stransko plo\u0161\u010do. Nasveti za nogavice: Majica ne vsebuje [&hellip;]<\/p>","protected":false},"featured_media":24096,"comment_status":"open","ping_status":"closed","template":"","meta":[],"product_brand":[],"product_cat":[140,33],"product_tag":[1763,290,291,159,1110,148,147],"class_list":{"0":"post-24094","1":"product","2":"type-product","3":"status-publish","4":"has-post-thumbnail","6":"product_cat-moski","7":"product_cat-nogometni-dresi-real-madrid","8":"product_tag-cristiano-ronaldo-dres","9":"product_tag-dresi-real-madrid-za-otroke","10":"product_tag-otroski-dresi-real-madrid-z-lastnim-imenom","11":"product_tag-otroski-nogometni-dresi","12":"product_tag-otroski-nogometni-dresi-real-madrid","13":"product_tag-poceni-nogometni-dresi","14":"product_tag-slovenski-nogometni-dresi","16":"first","17":"instock","18":"shipping-taxable","19":"purchasable","20":"product-type-variable"},"_links":{"self":[{"href":"https:\/\/www.nogometnizaotroke.com\/de\/wp-json\/wp\/v2\/product\/24094","targetHints":{"allow":["GET"]}}],"collection":[{"href":"https:\/\/www.nogometnizaotroke.com\/de\/wp-json\/wp\/v2\/product"}],"about":[{"href":"https:\/\/www.nogometnizaotroke.com\/de\/wp-json\/wp\/v2\/types\/product"}],"replies":[{"embeddable":true,"href":"https:\/\/www.nogometnizaotroke.com\/de\/wp-json\/wp\/v2\/comments?post=24094"}],"wp:featuredmedia":[{"embeddable":true,"href":"https:\/\/www.nogometnizaotroke.com\/de\/wp-json\/wp\/v2\/media\/24096"}],"wp:attachment":[{"href":"https:\/\/www.nogometnizaotroke.com\/de\/wp-json\/wp\/v2\/media?parent=24094"}],"wp:term":[{"taxonomy":"product_brand","embeddable":true,"href":"https:\/\/www.nogometnizaotroke.com\/de\/wp-json\/wp\/v2\/product_brand?post=24094"},{"taxonomy":"product_cat","embeddable":true,"href":"https:\/\/www.nogometnizaotroke.com\/de\/wp-json\/wp\/v2\/product_cat?post=24094"},{"taxonomy":"product_tag","embeddable":true,"href":"https:\/\/www.nogometnizaotroke.com\/de\/wp-json\/wp\/v2\/product_tag?post=24094"}],"curies":[{"name":"wp","href":"https:\/\/api.w.org\/{rel}","templated":true}]}}