{"id":24022,"date":"2025-03-26T13:26:12","date_gmt":"2025-03-26T13:26:12","guid":{"rendered":"https:\/\/www.nogometnizaotroke.com\/?post_type=product&#038;p=24022"},"modified":"2025-05-21T07:29:28","modified_gmt":"2025-05-21T07:29:28","slug":"moske-nogometnih-dresov-komplet-inter-miami-cf-domaci-2025-26-lionel-messi-10","status":"publish","type":"product","link":"https:\/\/www.nogometnizaotroke.com\/de\/product\/moske-nogometnih-dresov-komplet-inter-miami-cf-domaci-2025-26-lionel-messi-10\/","title":{"rendered":"Mo\u0161ke Nogometnih dresov Komplet Inter Miami CF Doma\u010di 2025-26 Lionel Messi 10"},"content":{"rendered":"<p>Klasi\u010dne nogometne \u010drte, zaklju\u010dene v takoj prepoznavnih barvah <strong>Inter Miami CF dres<\/strong>. Ta dres, ki izstopa v dveh odtenkih roza, ne pu\u0161\u010da dvomov o va\u0161em najljub\u0161em klubu. Ustvarjen za navija\u010de, ima AEROREADY za uravnavanje vlage za celodnevno udobje in vrhunsko tkano zna\u010dko za popoln ponos ekipe. Ta izdelek je narejen iz 100 % recikliranih materialov. S ponovno uporabo materialov, ki so \u017ee bili ustvarjeni, pomagamo zmanj\u0161ati odpadke in na\u0161o odvisnost od omejenih virov ter zmanj\u0161ati odtis izdelkov, ki jih izdelujemo.<\/p>\n<h3>Lastnosti izdelka<\/h3>\n<ul>\n<li>Crewneck dizajn<\/li>\n<li>AEROREADY tech odvaja vlago<\/li>\n<li>Stranski mre\u017easti vlo\u017eki za zra\u010dnost<\/li>\n<li>Na\u0161it grb Inter Miami CF<\/li>\n<li>Messi ime in \u0161tevilka na zadnji strani<\/li>\n<li>100% poliester<\/li>\n<li>Strojno pranje<\/li>\n<\/ul>\n<p>Tipps f\u00fcr Socken: Das T-Shirt enth\u00e4lt standardm\u00e4\u00dfig keine Socken. Wenn Sie Socken w\u00fcnschen, w\u00e4hlen Sie die Sockenoptionen, um sie zu bezahlen.<\/p>\n<p>Tipp zum Drucken: Wenn der Name und die Nummer auf dem Bild genau Ihren Vorstellungen entsprechen, brauchen Sie sie nicht erneut einzugeben. Ist dies nicht der Fall, geben Sie den gew\u00fcnschten Namen und die Nummer ein.<\/p>\n<p>Waschtipp: Es wird empfohlen, Fu\u00dfballtrikots mit der Hand zu waschen. Wenn Sie eine Waschmaschine benutzen wollen, denken Sie daran, das Trikot umzudrehen und es dann zu waschen. F\u00fcllen Sie die Maschine mit kaltem Wasser und verwenden Sie einen Schonwaschgang, um die Farben besser zu sch\u00fctzen.<\/p>\n<p><img fetchpriority=\"high\" decoding=\"async\" class=\"size-full wp-image-24023\" src=\"https:\/\/www.nogometnizaotroke.com\/wp-content\/uploads\/2025\/03\/Inter-Miami-CF-dres.jpg\" alt=\"Inter Miami CF dres\" width=\"1280\" height=\"720\" srcset=\"https:\/\/www.nogometnizaotroke.com\/wp-content\/uploads\/2025\/03\/Inter-Miami-CF-dres.jpg 1280w, https:\/\/www.nogometnizaotroke.com\/wp-content\/uploads\/2025\/03\/Inter-Miami-CF-dres-300x169.jpg 300w, https:\/\/www.nogometnizaotroke.com\/wp-content\/uploads\/2025\/03\/Inter-Miami-CF-dres-1024x576.jpg 1024w, https:\/\/www.nogometnizaotroke.com\/wp-content\/uploads\/2025\/03\/Inter-Miami-CF-dres-768x432.jpg 768w, https:\/\/www.nogometnizaotroke.com\/wp-content\/uploads\/2025\/03\/Inter-Miami-CF-dres-18x10.jpg 18w, https:\/\/www.nogometnizaotroke.com\/wp-content\/uploads\/2025\/03\/Inter-Miami-CF-dres-600x338.jpg 600w\" sizes=\"(max-width: 1280px) 100vw, 1280px\" \/><\/p>","protected":false},"excerpt":{"rendered":"<p>Klasi\u010dne nogometne \u010drte, zaklju\u010dene v takoj prepoznavnih barvah Inter Miami CF dres. Ta dres, ki izstopa v dveh odtenkih roza, ne pu\u0161\u010da dvomov o va\u0161em najljub\u0161em klubu. Ustvarjen za navija\u010de, ima AEROREADY za uravnavanje vlage za celodnevno udobje in vrhunsko tkano zna\u010dko za popoln ponos ekipe. Ta izdelek je narejen iz 100 % recikliranih materialov. [&hellip;]<\/p>","protected":false},"featured_media":24026,"comment_status":"open","ping_status":"closed","template":"","meta":[],"product_brand":[],"product_cat":[140,353],"product_tag":[1383,346,1087,153,1382,148,1084,147],"class_list":{"0":"post-24022","1":"product","2":"type-product","3":"status-publish","4":"has-post-thumbnail","6":"product_cat-moski","7":"product_cat-nogometni-dresi-inter-miami","8":"product_tag-dresi-inter-miami-za-otroke","9":"product_tag-inter-miami-dres","10":"product_tag-lionel-messi-dresi","11":"product_tag-nogometni-dresi","12":"product_tag-otroski-nogometni-dresi-inter-miami","13":"product_tag-poceni-nogometni-dresi","14":"product_tag-poceni-nogometni-dresi-inter-miami","15":"product_tag-slovenski-nogometni-dresi","17":"first","18":"instock","19":"shipping-taxable","20":"purchasable","21":"product-type-variable"},"_links":{"self":[{"href":"https:\/\/www.nogometnizaotroke.com\/de\/wp-json\/wp\/v2\/product\/24022","targetHints":{"allow":["GET"]}}],"collection":[{"href":"https:\/\/www.nogometnizaotroke.com\/de\/wp-json\/wp\/v2\/product"}],"about":[{"href":"https:\/\/www.nogometnizaotroke.com\/de\/wp-json\/wp\/v2\/types\/product"}],"replies":[{"embeddable":true,"href":"https:\/\/www.nogometnizaotroke.com\/de\/wp-json\/wp\/v2\/comments?post=24022"}],"wp:featuredmedia":[{"embeddable":true,"href":"https:\/\/www.nogometnizaotroke.com\/de\/wp-json\/wp\/v2\/media\/24026"}],"wp:attachment":[{"href":"https:\/\/www.nogometnizaotroke.com\/de\/wp-json\/wp\/v2\/media?parent=24022"}],"wp:term":[{"taxonomy":"product_brand","embeddable":true,"href":"https:\/\/www.nogometnizaotroke.com\/de\/wp-json\/wp\/v2\/product_brand?post=24022"},{"taxonomy":"product_cat","embeddable":true,"href":"https:\/\/www.nogometnizaotroke.com\/de\/wp-json\/wp\/v2\/product_cat?post=24022"},{"taxonomy":"product_tag","embeddable":true,"href":"https:\/\/www.nogometnizaotroke.com\/de\/wp-json\/wp\/v2\/product_tag?post=24022"}],"curies":[{"name":"wp","href":"https:\/\/api.w.org\/{rel}","templated":true}]}}