{"id":23988,"date":"2025-03-24T02:26:01","date_gmt":"2025-03-24T02:26:01","guid":{"rendered":"https:\/\/www.nogometnizaotroke.com\/product\/moski-nogometni-dresi-kompleti-portugalska-reprezentance-domaci-2025-26-z-lastnim-tiskom\/"},"modified":"2025-04-08T08:19:21","modified_gmt":"2025-04-08T08:19:21","slug":"moski-nogometni-dresi-kompleti-portugalska-reprezentance-domaci-2025-26-z-lastnim-tiskom","status":"publish","type":"product","link":"https:\/\/www.nogometnizaotroke.com\/de\/product\/moski-nogometni-dresi-kompleti-portugalska-reprezentance-domaci-2025-26-z-lastnim-tiskom\/","title":{"rendered":"Mo\u0161ke Nogometnih dresov za nogomet Portugalska Reprezentance Doma\u010di 2025-26 z lastnim tiskom"},"content":{"rendered":"<p>Mo\u0161ke Nogometnih dresov za nogomet Portugalska so zna\u010dilni za Portugalsko. Mo\u0161ka doma\u010da dresi Portugalska 2025 srajca ima klasi\u010dno rde\u010do podlago, obogateno z zlatimi in zelenimi elementi ter obliko z okroglim ovratnikom. Zasnovana za zmogljivost, ima vrhunsko tehnologijo blaga, lahke materiale in elegantno konstrukcijo.<\/p>\n<ul>\n<li>Tehnologija UltraWeave \u2013 najla\u017eja tehnologija jersey tkanine doslej, izdelana s strukturirano, 4-smerno raztegljivo tkanino, ki zmanj\u0161uje te\u017eo in trenje<\/li>\n<li>Izdelano iz 100 % recikliranih materialov, razen oblog in okraskov kot korak k bolj\u0161i prihodnosti<\/li>\n<li>Razli\u010dica: Navija\u0161ki nogometni dresi<\/li>\n<li>Vrsta logotipa znamke: Vezen<\/li>\n<li>Vrsta ekipne zna\u010dke: vezena<\/li>\n<li>100% poliester in ohranja ob\u010dutek suhega.<\/li>\n<li>Barva izdelka: rde\u010da<\/li>\n<\/ul>\n<p>Nasveti: \u010ce sta ime in \u0161tevilka na sliki nogometni dresi to\u010dno to, kar \u017eelite, vam ju ni treba znova vna\u0161ati. \u010ce ne, potem morate vnesti \u017eeleno ime in \u0161tevilko.<\/p>","protected":false},"excerpt":{"rendered":"<p>Mo\u0161ke Nogometnih dresov za nogomet Portugalska so zna\u010dilni za Portugalsko. Mo\u0161ka doma\u010da dresi Portugalska 2025 srajca ima klasi\u010dno rde\u010do podlago, obogateno z zlatimi in zelenimi elementi ter obliko z okroglim ovratnikom. Zasnovana za zmogljivost, ima vrhunsko tehnologijo blaga, lahke materiale in elegantno konstrukcijo. Tehnologija UltraWeave \u2013 najla\u017eja tehnologija jersey tkanine doslej, izdelana s strukturirano, 4-smerno [&hellip;]<\/p>","protected":false},"featured_media":23994,"comment_status":"open","ping_status":"closed","template":"","meta":[],"product_brand":[],"product_cat":[140,84],"product_tag":[1756,153,768,1758,1759,147],"class_list":{"0":"post-23988","1":"product","2":"type-product","3":"status-publish","4":"has-post-thumbnail","6":"product_cat-moski","7":"product_cat-dresi-portugalska-reprezentance","8":"product_tag-moski-dresi-za-nogomet","9":"product_tag-nogometni-dresi","10":"product_tag-poceni-moski-nogometni-dresi","11":"product_tag-poceni-portugalski-dresi","12":"product_tag-portugalska-z-lastnim-imenom","13":"product_tag-slovenski-nogometni-dresi","15":"first","16":"instock","17":"shipping-taxable","18":"purchasable","19":"product-type-variable"},"_links":{"self":[{"href":"https:\/\/www.nogometnizaotroke.com\/de\/wp-json\/wp\/v2\/product\/23988","targetHints":{"allow":["GET"]}}],"collection":[{"href":"https:\/\/www.nogometnizaotroke.com\/de\/wp-json\/wp\/v2\/product"}],"about":[{"href":"https:\/\/www.nogometnizaotroke.com\/de\/wp-json\/wp\/v2\/types\/product"}],"replies":[{"embeddable":true,"href":"https:\/\/www.nogometnizaotroke.com\/de\/wp-json\/wp\/v2\/comments?post=23988"}],"wp:featuredmedia":[{"embeddable":true,"href":"https:\/\/www.nogometnizaotroke.com\/de\/wp-json\/wp\/v2\/media\/23994"}],"wp:attachment":[{"href":"https:\/\/www.nogometnizaotroke.com\/de\/wp-json\/wp\/v2\/media?parent=23988"}],"wp:term":[{"taxonomy":"product_brand","embeddable":true,"href":"https:\/\/www.nogometnizaotroke.com\/de\/wp-json\/wp\/v2\/product_brand?post=23988"},{"taxonomy":"product_cat","embeddable":true,"href":"https:\/\/www.nogometnizaotroke.com\/de\/wp-json\/wp\/v2\/product_cat?post=23988"},{"taxonomy":"product_tag","embeddable":true,"href":"https:\/\/www.nogometnizaotroke.com\/de\/wp-json\/wp\/v2\/product_tag?post=23988"}],"curies":[{"name":"wp","href":"https:\/\/api.w.org\/{rel}","templated":true}]}}