{"id":23913,"date":"2025-03-20T02:34:02","date_gmt":"2025-03-20T02:34:02","guid":{"rendered":"https:\/\/www.nogometnizaotroke.com\/?post_type=product&#038;p=23913"},"modified":"2025-03-20T02:47:53","modified_gmt":"2025-03-20T02:47:53","slug":"zenske-nogometnih-dresov-manchester-united-tretji-2024-25-bela","status":"publish","type":"product","link":"https:\/\/www.nogometnizaotroke.com\/de\/product\/zenske-nogometnih-dresov-manchester-united-tretji-2024-25-bela\/","title":{"rendered":"\u017denske Nogometnih dresov Manchester United Tretji 2024-25 bela"},"content":{"rendered":"<h3>Poka\u017eite svojo strast z \u017denske nogometni dresi Manchester United<\/h3>\n<p>Podprite svojo ekipo v stilu z najnovej\u0161imi \u017eenskimi nogometnimi dresi Manchester United. Ta tretji dres, zasnovan za vrhunsko zmogljivost in udobje, \u010drpa navdih iz zastav, ki spremljajo klub po vsem svetu. Drzna \u010drta na prsih prikazuje ponos dedi\u0161\u010dine, medtem ko ikoni\u010dna zna\u010dka Trefoil in rde\u010dega hudi\u010da dodaja klasi\u010den pridih. Ta dres, izdelan s tehnologijo HEAT.RDY, vas ohladi tudi v najbolj intenzivnih trenutkih na igri\u0161\u010du in izven njega.<\/p>\n<p>Ta dres, narejen iz 100 % recikliranih materialov, pomaga zmanj\u0161ati koli\u010dino odpadkov in vpliva na okolje \u2013 kajti podpora va\u0161emu klubu mora pomeniti tudi podporo planetu. Poleg tega lahko z mo\u017enostjo prilagoditve \u017denske dresi Manchester United z lastnim imenom, resni\u010dno naredite svoje.<br \/>\nPodrobnosti izdelka:<\/p>\n<h4>Tanek kroj za eleganten videz<\/h4>\n<ul>\n<li>100% visokokakovosten recikliran poliester<\/li>\n<li>Toplotno obdelan grb Manchester Uniteda<\/li>\n<li>Udoben dizajn z okroglim izrezom<\/li>\n<li>Zra\u010dna tehnologija HEAT.RDY za vrhunsko prezra\u010devanje<\/li>\n<li>Na voljo v razli\u010dnih velikostih za popolno prileganje<\/li>\n<li>Poka\u017eite svoj ponos Red Devils z dresi Manchester United za \u017denske, ne glede na to, ali navijate s tribun ali predstavljate svoj klub, kamor koli greste.<\/li>\n<\/ul>","protected":false},"excerpt":{"rendered":"<p>Poka\u017eite svojo strast z \u017denske nogometni dresi Manchester United Podprite svojo ekipo v stilu z najnovej\u0161imi \u017eenskimi nogometnimi dresi Manchester United. Ta tretji dres, zasnovan za vrhunsko zmogljivost in udobje, \u010drpa navdih iz zastav, ki spremljajo klub po vsem svetu. Drzna \u010drta na prsih prikazuje ponos dedi\u0161\u010dine, medtem ko ikoni\u010dna zna\u010dka Trefoil in rde\u010dega hudi\u010da [&hellip;]<\/p>","protected":false},"featured_media":23914,"comment_status":"open","ping_status":"closed","template":"","meta":[],"product_brand":[],"product_cat":[74,35],"product_tag":[1749,1750,1748,1628],"class_list":{"0":"post-23913","1":"product","2":"type-product","3":"status-publish","4":"has-post-thumbnail","6":"product_cat-zenski","7":"product_cat-nogometni-dresi-manchester-united","8":"product_tag-dresi-manchester-united-za-zenske","9":"product_tag-zenske-dresi-manchester-united-z-lastnim-imenom","10":"product_tag-zenske-nogometni-dresi-manchester-united","11":"product_tag-zenske-nogometnih-dresov","13":"first","14":"instock","15":"shipping-taxable","16":"purchasable","17":"product-type-variable"},"_links":{"self":[{"href":"https:\/\/www.nogometnizaotroke.com\/de\/wp-json\/wp\/v2\/product\/23913","targetHints":{"allow":["GET"]}}],"collection":[{"href":"https:\/\/www.nogometnizaotroke.com\/de\/wp-json\/wp\/v2\/product"}],"about":[{"href":"https:\/\/www.nogometnizaotroke.com\/de\/wp-json\/wp\/v2\/types\/product"}],"replies":[{"embeddable":true,"href":"https:\/\/www.nogometnizaotroke.com\/de\/wp-json\/wp\/v2\/comments?post=23913"}],"wp:featuredmedia":[{"embeddable":true,"href":"https:\/\/www.nogometnizaotroke.com\/de\/wp-json\/wp\/v2\/media\/23914"}],"wp:attachment":[{"href":"https:\/\/www.nogometnizaotroke.com\/de\/wp-json\/wp\/v2\/media?parent=23913"}],"wp:term":[{"taxonomy":"product_brand","embeddable":true,"href":"https:\/\/www.nogometnizaotroke.com\/de\/wp-json\/wp\/v2\/product_brand?post=23913"},{"taxonomy":"product_cat","embeddable":true,"href":"https:\/\/www.nogometnizaotroke.com\/de\/wp-json\/wp\/v2\/product_cat?post=23913"},{"taxonomy":"product_tag","embeddable":true,"href":"https:\/\/www.nogometnizaotroke.com\/de\/wp-json\/wp\/v2\/product_tag?post=23913"}],"curies":[{"name":"wp","href":"https:\/\/api.w.org\/{rel}","templated":true}]}}