{"id":23846,"date":"2025-03-11T08:51:47","date_gmt":"2025-03-11T08:51:47","guid":{"rendered":"https:\/\/www.nogometnizaotroke.com\/product\/moski-nogometnih-dresov-manchester-united-vratar-tretji-2024-25-kratki-rokavi\/"},"modified":"2025-03-11T09:06:35","modified_gmt":"2025-03-11T09:06:35","slug":"moske-nogometnih-dresov-manchester-united-vratar-tretji-2024-25-kratki-rokavi","status":"publish","type":"product","link":"https:\/\/www.nogometnizaotroke.com\/de\/product\/moske-nogometnih-dresov-manchester-united-vratar-tretji-2024-25-kratki-rokavi\/","title":{"rendered":"M\u00e4nner Fu\u00dfball-Trikots Manchester United Torwart dritten 2024-25 kurze \u00c4rmel"},"content":{"rendered":"<p>Nasveti za nogavice: Majica ne vsebuje nogavic privzeto. e elite nogavice. izberite monosti nogavic. da jih plaate.<\/p>\n<p>Nasveti za tiskom: e sta ime in tevilka na sliki natanko to. kar elite. vam tega ni treba ve vnaati. e ni. potem vnesite eleno ime in tevilko.<\/p>\n<p>Nasveti za pranje: Priporoljivo je. da Nogometnih dresov operete rono. e elite uporabiti pralni stroj. ne pozabite obrniti majice in jo nato oprati. In napolnite stroj s hladno vodo in uporabite neen cikel pranja. da boste bolj zaitili barve.<\/p>","protected":false},"excerpt":{"rendered":"<p>Nasveti za nogavice: Majica ne vsebuje nogavic privzeto. e elite nogavice. izberite monosti nogavic. da jih plaate. Nasveti za tiskom: e sta ime in tevilka na sliki natanko to. kar elite. vam tega ni treba ve vnaati. e ni. potem vnesite eleno ime in tevilko. Nasveti za pranje: Priporoljivo je. da Nogometnih dresov operete rono. [&hellip;]<\/p>","protected":false},"featured_media":23845,"comment_status":"open","ping_status":"closed","template":"","meta":[],"product_brand":[],"product_cat":[140,35],"product_tag":[1083,835,148,1082,147],"class_list":{"0":"post-23846","1":"product","2":"type-product","3":"status-publish","4":"has-post-thumbnail","6":"product_cat-moski","7":"product_cat-nogometni-dresi-manchester-united","8":"product_tag-nogometni-dresi-manchester-united-z-lastnim-imenom","9":"product_tag-poceni-moski-nogometni-dresi-manchester-united-z-lastnim-imenom","10":"product_tag-poceni-nogometni-dresi","11":"product_tag-poceni-nogometni-dresi-manchester-united","12":"product_tag-slovenski-nogometni-dresi","14":"first","15":"instock","16":"shipping-taxable","17":"purchasable","18":"product-type-variable"},"_links":{"self":[{"href":"https:\/\/www.nogometnizaotroke.com\/de\/wp-json\/wp\/v2\/product\/23846","targetHints":{"allow":["GET"]}}],"collection":[{"href":"https:\/\/www.nogometnizaotroke.com\/de\/wp-json\/wp\/v2\/product"}],"about":[{"href":"https:\/\/www.nogometnizaotroke.com\/de\/wp-json\/wp\/v2\/types\/product"}],"replies":[{"embeddable":true,"href":"https:\/\/www.nogometnizaotroke.com\/de\/wp-json\/wp\/v2\/comments?post=23846"}],"wp:featuredmedia":[{"embeddable":true,"href":"https:\/\/www.nogometnizaotroke.com\/de\/wp-json\/wp\/v2\/media\/23845"}],"wp:attachment":[{"href":"https:\/\/www.nogometnizaotroke.com\/de\/wp-json\/wp\/v2\/media?parent=23846"}],"wp:term":[{"taxonomy":"product_brand","embeddable":true,"href":"https:\/\/www.nogometnizaotroke.com\/de\/wp-json\/wp\/v2\/product_brand?post=23846"},{"taxonomy":"product_cat","embeddable":true,"href":"https:\/\/www.nogometnizaotroke.com\/de\/wp-json\/wp\/v2\/product_cat?post=23846"},{"taxonomy":"product_tag","embeddable":true,"href":"https:\/\/www.nogometnizaotroke.com\/de\/wp-json\/wp\/v2\/product_tag?post=23846"}],"curies":[{"name":"wp","href":"https:\/\/api.w.org\/{rel}","templated":true}]}}