{"id":23493,"date":"2025-02-19T13:16:52","date_gmt":"2025-02-19T13:16:52","guid":{"rendered":"https:\/\/www.nogometnizaotroke.com\/?post_type=product&#038;p=23493"},"modified":"2025-05-30T11:04:49","modified_gmt":"2025-05-30T11:04:49","slug":"zenske-nogometnih-dresov-barcelona-tretji-2024-25-z-lastnim-imenom","status":"publish","type":"product","link":"https:\/\/www.nogometnizaotroke.com\/de\/product\/zenske-nogometnih-dresov-barcelona-tretji-2024-25-z-lastnim-imenom\/","title":{"rendered":"Frauen Barcelona Dritte Fu\u00dfball Trikots 2024-25 mit Ihrem eigenen Namen"},"content":{"rendered":"<p>Ta \u017denske Barcelona Tretji 2024-25 dres, ki ga nosita tako mo\u0161ka kot \u017eenska ekipa FC Barcelona, je namenjen razvoju igre, ki jo imamo radi. Dvojni Swoosh dizajn ozna\u010duje enotnost med obema ekipama in ka\u017ee navzgor, da proslavi vzpon \u017eenskega nogometa. Skupaj lahko navdihnemo naslednjo generacijo \u0161portnikov. Skupaj se dvignemo. Together We Rise Tretja kolekcija 2024\/25 slavi \u0161portnice, umetnice in kulturna gibanja, ki so pustila pe\u010dat klubu in mestu. Tehnologija Stay Dry Dri-FIT odvaja znoj stran od va\u0161e ko\u017ee za hitrej\u0161e izhlapevanje, kar vam pomaga, da ostanete suhi in vam je udobno.<\/p>\n<p>Tipps f\u00fcr Socken: Das T-Shirt enth\u00e4lt standardm\u00e4\u00dfig keine Socken. Wenn Sie Socken w\u00fcnschen, w\u00e4hlen Sie die Sockenoptionen, um sie zu bezahlen.<\/p>\n<p>Tipp zum Drucken: Wenn der Name und die Nummer auf dem Bild genau Ihren Vorstellungen entsprechen, brauchen Sie sie nicht erneut einzugeben. Ist dies nicht der Fall, geben Sie den gew\u00fcnschten Namen und die Nummer ein.<\/p>\n<p>Waschtipp: Es wird empfohlen, Fu\u00dfballtrikots mit der Hand zu waschen. Wenn Sie eine Waschmaschine benutzen wollen, denken Sie daran, das Trikot umzudrehen und es dann zu waschen. F\u00fcllen Sie die Maschine mit kaltem Wasser und verwenden Sie einen Schonwaschgang, um die Farben besser zu sch\u00fctzen.<\/p>","protected":false},"excerpt":{"rendered":"<p>Ta \u017denske Barcelona Tretji 2024-25 dres, ki ga nosita tako mo\u0161ka kot \u017eenska ekipa FC Barcelona, je namenjen razvoju igre, ki jo imamo radi. Dvojni Swoosh dizajn ozna\u010duje enotnost med obema ekipama in ka\u017ee navzgor, da proslavi vzpon \u017eenskega nogometa. Skupaj lahko navdihnemo naslednjo generacijo \u0161portnikov. Skupaj se dvignemo. Together We Rise Tretja kolekcija 2024\/25 [&hellip;]<\/p>","protected":false},"featured_media":23489,"comment_status":"open","ping_status":"closed","template":"","meta":[],"product_brand":[],"product_cat":[74,34],"product_tag":[1071,1072,1070,1628],"class_list":{"0":"post-23493","1":"product","2":"type-product","3":"status-publish","4":"has-post-thumbnail","6":"product_cat-zenski","7":"product_cat-nogometni-dresi-barcelona","8":"product_tag-dresi-barcelona-za-zenske","9":"product_tag-zenske-dresi-barcelona-z-lastnim-imenom","10":"product_tag-zenske-nogometni-dresi-barcelona","11":"product_tag-zenske-nogometnih-dresov","13":"first","14":"instock","15":"shipping-taxable","16":"purchasable","17":"product-type-variable"},"_links":{"self":[{"href":"https:\/\/www.nogometnizaotroke.com\/de\/wp-json\/wp\/v2\/product\/23493","targetHints":{"allow":["GET"]}}],"collection":[{"href":"https:\/\/www.nogometnizaotroke.com\/de\/wp-json\/wp\/v2\/product"}],"about":[{"href":"https:\/\/www.nogometnizaotroke.com\/de\/wp-json\/wp\/v2\/types\/product"}],"replies":[{"embeddable":true,"href":"https:\/\/www.nogometnizaotroke.com\/de\/wp-json\/wp\/v2\/comments?post=23493"}],"wp:featuredmedia":[{"embeddable":true,"href":"https:\/\/www.nogometnizaotroke.com\/de\/wp-json\/wp\/v2\/media\/23489"}],"wp:attachment":[{"href":"https:\/\/www.nogometnizaotroke.com\/de\/wp-json\/wp\/v2\/media?parent=23493"}],"wp:term":[{"taxonomy":"product_brand","embeddable":true,"href":"https:\/\/www.nogometnizaotroke.com\/de\/wp-json\/wp\/v2\/product_brand?post=23493"},{"taxonomy":"product_cat","embeddable":true,"href":"https:\/\/www.nogometnizaotroke.com\/de\/wp-json\/wp\/v2\/product_cat?post=23493"},{"taxonomy":"product_tag","embeddable":true,"href":"https:\/\/www.nogometnizaotroke.com\/de\/wp-json\/wp\/v2\/product_tag?post=23493"}],"curies":[{"name":"wp","href":"https:\/\/api.w.org\/{rel}","templated":true}]}}