{"id":23449,"date":"2025-02-09T04:21:32","date_gmt":"2025-02-09T04:21:32","guid":{"rendered":"https:\/\/www.nogometnizaotroke.com\/?post_type=product&#038;p=23449"},"modified":"2025-03-03T09:13:31","modified_gmt":"2025-03-03T09:13:31","slug":"nakup-zenske-nogometnih-dresov-real-madrid-domaci-2024-25-kratek-rokav","status":"publish","type":"product","link":"https:\/\/www.nogometnizaotroke.com\/de\/product\/nakup-zenske-nogometnih-dresov-real-madrid-domaci-2024-25-kratek-rokav\/","title":{"rendered":"Kaufen Frauen Real Madrid Home Fu\u00dfball Trikots 2024-25 Kurzarm"},"content":{"rendered":"<p>Das Heimtrikot 2024\/25 von Real Madrid besteht aus einem \u00fcberwiegend wei\u00dfen Grundton mit dezenten Details und stellt das reinste Heimtrikotdesign dar, das das Santiago Bernab\u00e9u-Stadion in j\u00fcngster Zeit ziert. Das strahlend wei\u00dfe Trikot ist seit jeher ein Markenzeichen des Vereins, ein Stil, der von den Madrider Anh\u00e4ngern verehrt und von einigen der gr\u00f6\u00dften Spieler getragen wird, die jemals auf dem Fu\u00dfballplatz standen. Nun, da Real Madrid eine neue \u00c4ra mit aufregenden Talenten begr\u00fc\u00dft, kehrt das Design f\u00fcr 2024\/25 zu den Wurzeln des Vereins zur\u00fcck, mit einer minimalistischen \u00c4sthetik, die das anhaltende Erbe und die Zuneigung all derer, die mit dem Verein verbunden sind, w\u00fcrdigt.<\/p>\n<p>Tipps f\u00fcr Socken: Das T-Shirt enth\u00e4lt standardm\u00e4\u00dfig keine Socken. Wenn Sie Socken w\u00fcnschen, w\u00e4hlen Sie die Sockenoptionen, um sie zu bezahlen.<\/p>\n<p>Tipp zum Drucken: Wenn der Name und die Nummer auf dem Bild genau Ihren Vorstellungen entsprechen, brauchen Sie sie nicht erneut einzugeben. Ist dies nicht der Fall, geben Sie den gew\u00fcnschten Namen und die Nummer ein.<\/p>\n<p>Waschtipp: Es wird empfohlen, Fu\u00dfballtrikots mit der Hand zu waschen. Wenn Sie eine Waschmaschine benutzen wollen, denken Sie daran, das Trikot umzudrehen und es dann zu waschen. F\u00fcllen Sie die Maschine mit kaltem Wasser und verwenden Sie einen Schonwaschgang, um die Farben besser zu sch\u00fctzen.<\/p>","protected":false},"excerpt":{"rendered":"<p>Dres Real Madrid 2024\/25 Doma\u010di Kit se pona\u0161a s prete\u017eno belo osnovo s subtilnimi detajli, ki predstavlja naj\u010distej\u0161i dizajn doma\u010de opreme, ki je krasil stadion Santiago Bernab\u00e9u v zadnjem \u010dasu.Jasno bela majica je bila za\u0161\u010ditni znak kluba skozi celotno okra\u0161eno zgodovino, stil, ki ga obo\u017eujejo verniki Madrid in ga nosijo nekateri najve\u010dji igralci, ki so [&hellip;]<\/p>","protected":false},"featured_media":23451,"comment_status":"open","ping_status":"closed","template":"","meta":[],"product_brand":[],"product_cat":[74,33],"product_tag":[1625,1626,1624,1628],"class_list":{"0":"post-23449","1":"product","2":"type-product","3":"status-publish","4":"has-post-thumbnail","6":"product_cat-zenski","7":"product_cat-nogometni-dresi-real-madrid","8":"product_tag-dresi-real-madrid-za-zenske","9":"product_tag-zenske-dresi-real-madrid-z-lastnim-imenom","10":"product_tag-zenske-nogometni-dresi-real-madrid","11":"product_tag-zenske-nogometnih-dresov","13":"first","14":"instock","15":"shipping-taxable","16":"purchasable","17":"product-type-variable"},"_links":{"self":[{"href":"https:\/\/www.nogometnizaotroke.com\/de\/wp-json\/wp\/v2\/product\/23449","targetHints":{"allow":["GET"]}}],"collection":[{"href":"https:\/\/www.nogometnizaotroke.com\/de\/wp-json\/wp\/v2\/product"}],"about":[{"href":"https:\/\/www.nogometnizaotroke.com\/de\/wp-json\/wp\/v2\/types\/product"}],"replies":[{"embeddable":true,"href":"https:\/\/www.nogometnizaotroke.com\/de\/wp-json\/wp\/v2\/comments?post=23449"}],"wp:featuredmedia":[{"embeddable":true,"href":"https:\/\/www.nogometnizaotroke.com\/de\/wp-json\/wp\/v2\/media\/23451"}],"wp:attachment":[{"href":"https:\/\/www.nogometnizaotroke.com\/de\/wp-json\/wp\/v2\/media?parent=23449"}],"wp:term":[{"taxonomy":"product_brand","embeddable":true,"href":"https:\/\/www.nogometnizaotroke.com\/de\/wp-json\/wp\/v2\/product_brand?post=23449"},{"taxonomy":"product_cat","embeddable":true,"href":"https:\/\/www.nogometnizaotroke.com\/de\/wp-json\/wp\/v2\/product_cat?post=23449"},{"taxonomy":"product_tag","embeddable":true,"href":"https:\/\/www.nogometnizaotroke.com\/de\/wp-json\/wp\/v2\/product_tag?post=23449"}],"curies":[{"name":"wp","href":"https:\/\/api.w.org\/{rel}","templated":true}]}}