{"id":23357,"date":"2025-01-23T07:29:30","date_gmt":"2025-01-23T07:29:30","guid":{"rendered":"https:\/\/www.nogometnizaotroke.com\/?post_type=product&#038;p=23357"},"modified":"2025-01-29T12:22:17","modified_gmt":"2025-01-29T12:22:17","slug":"otroske-nogometnih-dresov-komplet-inter-miami-gostujoci-2025-26-z-lastnim-imenom","status":"publish","type":"product","link":"https:\/\/www.nogometnizaotroke.com\/de\/product\/otroske-nogometnih-dresov-komplet-inter-miami-gostujoci-2025-26-z-lastnim-imenom\/","title":{"rendered":"Kinder Fu\u00dfballtrikots Trikot Inter Miami Away 2025-26 mit eigenem Namen"},"content":{"rendered":"<p>Predstavljamo otro\u0161ke razli\u010dico 2025 Gostujo\u010di dresov Inter Miami International Football Club, znanega tudi kot &#8220;Resilience Jersey&#8221;. Dres ima osupljivo poltonsko zasnovo v \u010drni in temno sivi barvi, ki simbolizira vzdr\u017eljivost in mo\u010d, s svetlo ro\u017enatimi poudarki, ki nagovarjajo ikoni\u010dne barve kluba. Dres ima uradni grb Inter Miami FC na prsih, medtem ko kratke hla\u010de in nogavice dopolnjujejo celoten dizajn, kar mladim navija\u010dem omogo\u010da, da lahko popolnoma posnemajo svoje najljub\u0161e igralce na igri\u0161\u010du.<\/p>\n<p>Majica je opremljena s tehnologijo AEROREADY, ki je zasnovana tako, da odvaja vlago stran od telesa, s \u010dimer ohranja mlade \u0161portnike hladne in udobne med igro. Lahka, zra\u010dna tkanina zagotavlja enostavnost gibanja in je primerna tako za fizi\u010dno aktivnost kot za prosti \u010das. Predvsem je komplet izdelan iz materialov, ki jih je mogo\u010de 100 % reciklirati, kar odra\u017ea zavezanost trajnosti in okoljski odgovornosti.<\/p>","protected":false},"excerpt":{"rendered":"<p>Predstavljamo otro\u0161ke razli\u010dico 2025 Gostujo\u010di dresov Inter Miami International Football Club, znanega tudi kot &#8220;Resilience Jersey&#8221;. Dres ima osupljivo poltonsko zasnovo v \u010drni in temno sivi barvi, ki simbolizira vzdr\u017eljivost in mo\u010d, s svetlo ro\u017enatimi poudarki, ki nagovarjajo ikoni\u010dne barve kluba. Dres ima uradni grb Inter Miami FC na prsih, medtem ko kratke hla\u010de in [&hellip;]<\/p>","protected":false},"featured_media":23359,"comment_status":"open","ping_status":"closed","template":"","meta":[],"product_brand":[],"product_cat":[73,353],"product_tag":[1383,346,153,1085,1384,1382,148,1084,348,147],"class_list":{"0":"post-23357","1":"product","2":"type-product","3":"status-publish","4":"has-post-thumbnail","6":"product_cat-otroski","7":"product_cat-nogometni-dresi-inter-miami","8":"product_tag-dresi-inter-miami-za-otroke","9":"product_tag-inter-miami-dres","10":"product_tag-nogometni-dresi","11":"product_tag-nogometni-dresi-inter-miami-z-lastnim-imenom","12":"product_tag-otroski-dresi-inter-miami-z-lastnim-imenom","13":"product_tag-otroski-nogometni-dresi-inter-miami","14":"product_tag-poceni-nogometni-dresi","15":"product_tag-poceni-nogometni-dresi-inter-miami","16":"product_tag-poceni-nogometni-dresi-inter-miami-z-lastnim-imenom-online","17":"product_tag-slovenski-nogometni-dresi","19":"first","20":"instock","21":"shipping-taxable","22":"purchasable","23":"product-type-variable"},"_links":{"self":[{"href":"https:\/\/www.nogometnizaotroke.com\/de\/wp-json\/wp\/v2\/product\/23357","targetHints":{"allow":["GET"]}}],"collection":[{"href":"https:\/\/www.nogometnizaotroke.com\/de\/wp-json\/wp\/v2\/product"}],"about":[{"href":"https:\/\/www.nogometnizaotroke.com\/de\/wp-json\/wp\/v2\/types\/product"}],"replies":[{"embeddable":true,"href":"https:\/\/www.nogometnizaotroke.com\/de\/wp-json\/wp\/v2\/comments?post=23357"}],"wp:featuredmedia":[{"embeddable":true,"href":"https:\/\/www.nogometnizaotroke.com\/de\/wp-json\/wp\/v2\/media\/23359"}],"wp:attachment":[{"href":"https:\/\/www.nogometnizaotroke.com\/de\/wp-json\/wp\/v2\/media?parent=23357"}],"wp:term":[{"taxonomy":"product_brand","embeddable":true,"href":"https:\/\/www.nogometnizaotroke.com\/de\/wp-json\/wp\/v2\/product_brand?post=23357"},{"taxonomy":"product_cat","embeddable":true,"href":"https:\/\/www.nogometnizaotroke.com\/de\/wp-json\/wp\/v2\/product_cat?post=23357"},{"taxonomy":"product_tag","embeddable":true,"href":"https:\/\/www.nogometnizaotroke.com\/de\/wp-json\/wp\/v2\/product_tag?post=23357"}],"curies":[{"name":"wp","href":"https:\/\/api.w.org\/{rel}","templated":true}]}}