{"id":23332,"date":"2025-01-15T06:14:19","date_gmt":"2025-01-15T06:14:19","guid":{"rendered":"https:\/\/www.nogometnizaotroke.com\/?post_type=product&#038;p=23332"},"modified":"2025-01-15T06:14:24","modified_gmt":"2025-01-15T06:14:24","slug":"otroske-nogometnih-dresov-kompleti-za-otroke-ajax-gostujoci-2024-25-steven-berghuis-23","status":"publish","type":"product","link":"https:\/\/www.nogometnizaotroke.com\/de\/product\/otroske-nogometnih-dresov-kompleti-za-otroke-ajax-gostujoci-2024-25-steven-berghuis-23\/","title":{"rendered":"Kinder Fu\u00dfballtrikots Trikots f\u00fcr Kinder Ajax Away 2024-25 Steven Berghuis 23"},"content":{"rendered":"<p>Vrhunec te modre nogometne majice iz svetlega jeansa je svetlo modra in rumena grafika, ki jo je navdihnila umetni\u0161ka scena v Amsterdamu. Obstajajo bencinsko modri vstavki in trdna zadnja plo\u0161\u010da. Grb poceni nogometni dresi Ajax je ponosno izvezen na sprednji strani majice, dres pa vklju\u010duje logotip in sponzorja s termalnim obli\u017eem. Ajax zgornji del za goste ima kratke rokave, rebrast ovratnik in ozek kroj, ki zagotavlja udobno prileganje in hkrati izkazuje zvestobo ekipi. \u010ce ste navdu\u0161en igralec nogometa, je ta majica zasnovana tudi za nogometno igri\u0161\u010de in vklju\u010duje mre\u017easte vlo\u017eke za ve\u010djo zra\u010dnost ter tehnologijo Aero-ready za aktivno odvajanje znoja.<\/p>\n<p>Tipps f\u00fcr Socken: Das T-Shirt enth\u00e4lt standardm\u00e4\u00dfig keine Socken. Wenn Sie Socken w\u00fcnschen, w\u00e4hlen Sie die Sockenoptionen, um sie zu bezahlen.<\/p>\n<p>Tipp zum Drucken: Wenn der Name und die Nummer auf dem Bild genau Ihren Vorstellungen entsprechen, brauchen Sie sie nicht erneut einzugeben. Ist dies nicht der Fall, geben Sie den gew\u00fcnschten Namen und die Nummer ein.<\/p>\n<p>Waschtipp: Es wird empfohlen, Fu\u00dfballtrikots mit der Hand zu waschen. Wenn Sie eine Waschmaschine benutzen wollen, denken Sie daran, das Trikot umzudrehen und es dann zu waschen. F\u00fcllen Sie die Maschine mit kaltem Wasser und verwenden Sie einen Schonwaschgang, um die Farben besser zu sch\u00fctzen.<\/p>","protected":false},"excerpt":{"rendered":"<p>Vrhunec te modre nogometne majice iz svetlega jeansa je svetlo modra in rumena grafika, ki jo je navdihnila umetni\u0161ka scena v Amsterdamu. Obstajajo bencinsko modri vstavki in trdna zadnja plo\u0161\u010da. Grb poceni nogometni dresi Ajax je ponosno izvezen na sprednji strani majice, dres pa vklju\u010duje logotip in sponzorja s termalnim obli\u017eem. Ajax zgornji del za [&hellip;]<\/p>","protected":false},"featured_media":23334,"comment_status":"open","ping_status":"closed","template":"","meta":[],"product_brand":[],"product_cat":[73,57],"product_tag":[1008,1009,1007,1606],"class_list":{"0":"post-23332","1":"product","2":"type-product","3":"status-publish","4":"has-post-thumbnail","6":"product_cat-otroski","7":"product_cat-nogometni-dresi-ajax","8":"product_tag-dresi-ajax-za-otroke","9":"product_tag-otroski-dresi-ajax-z-lastnim-imenom","10":"product_tag-otroski-nogometni-dresi-ajax","11":"product_tag-steven-berghuis-dresi","13":"first","14":"instock","15":"shipping-taxable","16":"purchasable","17":"product-type-variable"},"_links":{"self":[{"href":"https:\/\/www.nogometnizaotroke.com\/de\/wp-json\/wp\/v2\/product\/23332","targetHints":{"allow":["GET"]}}],"collection":[{"href":"https:\/\/www.nogometnizaotroke.com\/de\/wp-json\/wp\/v2\/product"}],"about":[{"href":"https:\/\/www.nogometnizaotroke.com\/de\/wp-json\/wp\/v2\/types\/product"}],"replies":[{"embeddable":true,"href":"https:\/\/www.nogometnizaotroke.com\/de\/wp-json\/wp\/v2\/comments?post=23332"}],"wp:featuredmedia":[{"embeddable":true,"href":"https:\/\/www.nogometnizaotroke.com\/de\/wp-json\/wp\/v2\/media\/23334"}],"wp:attachment":[{"href":"https:\/\/www.nogometnizaotroke.com\/de\/wp-json\/wp\/v2\/media?parent=23332"}],"wp:term":[{"taxonomy":"product_brand","embeddable":true,"href":"https:\/\/www.nogometnizaotroke.com\/de\/wp-json\/wp\/v2\/product_brand?post=23332"},{"taxonomy":"product_cat","embeddable":true,"href":"https:\/\/www.nogometnizaotroke.com\/de\/wp-json\/wp\/v2\/product_cat?post=23332"},{"taxonomy":"product_tag","embeddable":true,"href":"https:\/\/www.nogometnizaotroke.com\/de\/wp-json\/wp\/v2\/product_tag?post=23332"}],"curies":[{"name":"wp","href":"https:\/\/api.w.org\/{rel}","templated":true}]}}