{"id":23305,"date":"2025-01-12T07:53:10","date_gmt":"2025-01-12T07:53:10","guid":{"rendered":"https:\/\/www.nogometnizaotroke.com\/?post_type=product&#038;p=23305"},"modified":"2025-01-12T07:53:12","modified_gmt":"2025-01-12T07:53:12","slug":"prodaja-otroske-nogometnih-dresov-ajax-domaci-2024-25-josip-sutalo-37","status":"publish","type":"product","link":"https:\/\/www.nogometnizaotroke.com\/de\/product\/prodaja-otroske-nogometnih-dresov-ajax-domaci-2024-25-josip-sutalo-37\/","title":{"rendered":"Verkauf Kinder Fu\u00dfball Trikots Ajax Home 2024-25 Josip Sutalo 37"},"content":{"rendered":"<p>Das Ajax Heimtrikot 2024-25 zeigt die klassische Kombination aus Rot und Wei\u00df. Ein dicker roter Streifen bedeckt den gr\u00f6\u00dften Teil des Trikots von oben bis unten, w\u00e4hrend wei\u00dfe Seitenstreifen das Trikot abrunden. Das Trikot hat einen hohen Ballkragen mit einem d\u00fcnnen wei\u00dfen Rand dar\u00fcber.<\/p>\n<p>Tipps f\u00fcr Socken: Das T-Shirt enth\u00e4lt standardm\u00e4\u00dfig keine Socken. Wenn Sie Socken w\u00fcnschen, w\u00e4hlen Sie die Sockenoptionen, um sie zu bezahlen.<\/p>\n<p>Tipp zum Drucken: Wenn der Name und die Nummer auf dem Bild genau Ihren Vorstellungen entsprechen, brauchen Sie sie nicht erneut einzugeben. Ist dies nicht der Fall, geben Sie den gew\u00fcnschten Namen und die Nummer ein.<\/p>\n<p>Waschtipp: Es wird empfohlen, Fu\u00dfballtrikots mit der Hand zu waschen. Wenn Sie eine Waschmaschine benutzen wollen, denken Sie daran, das Trikot umzudrehen und es dann zu waschen. F\u00fcllen Sie die Maschine mit kaltem Wasser und verwenden Sie einen Schonwaschgang, um die Farben besser zu sch\u00fctzen.<\/p>","protected":false},"excerpt":{"rendered":"<p>Doma\u010di dres Ajax 2024-25 vklju\u010duje klasi\u010dno klubsko rde\u010de-belo kombinacijo. Debela rde\u010da \u010drta pokriva ve\u010dino roba dresa od vrha do dna, bele stranske plo\u0161\u010de pa dopolnjujejo komplet. Srajca ima visok krogli\u010dni ovratnik s tanko belo obrobo \u010dez. Nasveti za nogavice: Majica ne vsebuje nogavic privzeto. \u010ce \u017eelite nogavice, izberite mo\u017enosti nogavic, da jih pla\u010date. Nasveti za [&hellip;]<\/p>","protected":false},"featured_media":23307,"comment_status":"open","ping_status":"closed","template":"","meta":[],"product_brand":[],"product_cat":[73,57],"product_tag":[1008,1031,153,220,1009,159,1007,148,147],"class_list":{"0":"post-23305","1":"product","2":"type-product","3":"status-publish","4":"has-post-thumbnail","6":"product_cat-otroski","7":"product_cat-nogometni-dresi-ajax","8":"product_tag-dresi-ajax-za-otroke","9":"product_tag-josip-sutalo-dresi","10":"product_tag-nogometni-dresi","11":"product_tag-nogometni-dresi-za-otroke","12":"product_tag-otroski-dresi-ajax-z-lastnim-imenom","13":"product_tag-otroski-nogometni-dresi","14":"product_tag-otroski-nogometni-dresi-ajax","15":"product_tag-poceni-nogometni-dresi","16":"product_tag-slovenski-nogometni-dresi","18":"first","19":"instock","20":"shipping-taxable","21":"purchasable","22":"product-type-variable"},"_links":{"self":[{"href":"https:\/\/www.nogometnizaotroke.com\/de\/wp-json\/wp\/v2\/product\/23305","targetHints":{"allow":["GET"]}}],"collection":[{"href":"https:\/\/www.nogometnizaotroke.com\/de\/wp-json\/wp\/v2\/product"}],"about":[{"href":"https:\/\/www.nogometnizaotroke.com\/de\/wp-json\/wp\/v2\/types\/product"}],"replies":[{"embeddable":true,"href":"https:\/\/www.nogometnizaotroke.com\/de\/wp-json\/wp\/v2\/comments?post=23305"}],"wp:featuredmedia":[{"embeddable":true,"href":"https:\/\/www.nogometnizaotroke.com\/de\/wp-json\/wp\/v2\/media\/23307"}],"wp:attachment":[{"href":"https:\/\/www.nogometnizaotroke.com\/de\/wp-json\/wp\/v2\/media?parent=23305"}],"wp:term":[{"taxonomy":"product_brand","embeddable":true,"href":"https:\/\/www.nogometnizaotroke.com\/de\/wp-json\/wp\/v2\/product_brand?post=23305"},{"taxonomy":"product_cat","embeddable":true,"href":"https:\/\/www.nogometnizaotroke.com\/de\/wp-json\/wp\/v2\/product_cat?post=23305"},{"taxonomy":"product_tag","embeddable":true,"href":"https:\/\/www.nogometnizaotroke.com\/de\/wp-json\/wp\/v2\/product_tag?post=23305"}],"curies":[{"name":"wp","href":"https:\/\/api.w.org\/{rel}","templated":true}]}}