{"id":22833,"date":"2024-12-28T05:03:24","date_gmt":"2024-12-28T05:03:24","guid":{"rendered":"https:\/\/www.nogometnionline.com\/?post_type=product&#038;p=22833"},"modified":"2024-12-28T05:11:58","modified_gmt":"2024-12-28T05:11:58","slug":"poceni-moski-nogometni-dresi-kompleti-argentina-domaci-50th-anniversary-2024-25","status":"publish","type":"product","link":"https:\/\/www.nogometnizaotroke.com\/de\/product\/poceni-moski-nogometni-dresi-kompleti-argentina-domaci-50th-anniversary-2024-25\/","title":{"rendered":"Billig M\u00e4nner Fu\u00dfball Trikots Trikots Argentinien Home 50. Jahrestag 2024-25"},"content":{"rendered":"<p>Dieses Fu\u00dfballtrikot ist Teil eines speziellen Sets zum 50. Jahrestag der ersten Vereinigung der argentinischen Streitkr\u00e4fte. Es erinnert an vergangene Zeiten, mit einem ironischen dreibl\u00e4ttrigen Komma und einem von der Mitte der 1970er Jahre inspirierten Mannschaftswappen, das sich in Gold \u00fcber den ber\u00fchmten Streifen abhebt. Das feuchtigkeitsregulierende AEROREADY sorgt daf\u00fcr, dass du dich auf das Spiel konzentrieren kannst, w\u00e4hrend das unverwechselbare Branding das Gef\u00fchl vermittelt, Argentinien anzufeuern.<\/p>\n<p>Tipps f\u00fcr Socken: Das T-Shirt enth\u00e4lt standardm\u00e4\u00dfig keine Socken. Wenn Sie Socken w\u00fcnschen, w\u00e4hlen Sie die Sockenoptionen, um sie zu bezahlen.<\/p>\n<p>Tipp zum Drucken: Wenn der Name und die Nummer auf dem Bild genau Ihren Vorstellungen entsprechen, brauchen Sie sie nicht erneut einzugeben. Ist dies nicht der Fall, geben Sie den gew\u00fcnschten Namen und die Nummer ein.<\/p>\n<p>Waschtipp: Es wird empfohlen, Fu\u00dfballtrikots mit der Hand zu waschen. Wenn Sie eine Waschmaschine benutzen wollen, denken Sie daran, das Trikot umzudrehen und es dann zu waschen. F\u00fcllen Sie die Maschine mit kaltem Wasser und verwenden Sie einen Schonwaschgang, um die Farben besser zu sch\u00fctzen.<\/p>","protected":false},"excerpt":{"rendered":"<p>Ta nogometni dres je del posebnega kompleta, ki obele\u017euje 50. obletnico prve zdru\u017eitve argentinskih sil. Vra\u010da se v pretekla leta z ironi\u010dnim trilistni kom in grbom ekipe, ki je navdahnjen s sredino 70. let prej\u0161njega stoletja, ki izstopata v zlati barvi nad znamenitimi \u010drtami. AEROREADY za uravnavanje vlage vas bo osredoto\u010dil na dogajanje, medtem ko [&hellip;]<\/p>","protected":false},"featured_media":22835,"comment_status":"open","ping_status":"closed","template":"","meta":[],"product_brand":[],"product_cat":[140,81],"product_tag":[840,1592,150,153,545,148,147],"class_list":{"0":"post-22833","1":"product","2":"type-product","3":"status-publish","4":"has-post-thumbnail","6":"product_cat-moski","7":"product_cat-dresi-argentina-reprezentance","8":"product_tag-argentina-2024-25-dresi","9":"product_tag-argentina-50th-anniversary","10":"product_tag-moski-nogometni-dresi","11":"product_tag-nogometni-dresi","12":"product_tag-nogometni-dresi-slovenija","13":"product_tag-poceni-nogometni-dresi","14":"product_tag-slovenski-nogometni-dresi","16":"first","17":"instock","18":"featured","19":"shipping-taxable","20":"purchasable","21":"product-type-variable"},"_links":{"self":[{"href":"https:\/\/www.nogometnizaotroke.com\/de\/wp-json\/wp\/v2\/product\/22833","targetHints":{"allow":["GET"]}}],"collection":[{"href":"https:\/\/www.nogometnizaotroke.com\/de\/wp-json\/wp\/v2\/product"}],"about":[{"href":"https:\/\/www.nogometnizaotroke.com\/de\/wp-json\/wp\/v2\/types\/product"}],"replies":[{"embeddable":true,"href":"https:\/\/www.nogometnizaotroke.com\/de\/wp-json\/wp\/v2\/comments?post=22833"}],"wp:featuredmedia":[{"embeddable":true,"href":"https:\/\/www.nogometnizaotroke.com\/de\/wp-json\/wp\/v2\/media\/22835"}],"wp:attachment":[{"href":"https:\/\/www.nogometnizaotroke.com\/de\/wp-json\/wp\/v2\/media?parent=22833"}],"wp:term":[{"taxonomy":"product_brand","embeddable":true,"href":"https:\/\/www.nogometnizaotroke.com\/de\/wp-json\/wp\/v2\/product_brand?post=22833"},{"taxonomy":"product_cat","embeddable":true,"href":"https:\/\/www.nogometnizaotroke.com\/de\/wp-json\/wp\/v2\/product_cat?post=22833"},{"taxonomy":"product_tag","embeddable":true,"href":"https:\/\/www.nogometnizaotroke.com\/de\/wp-json\/wp\/v2\/product_tag?post=22833"}],"curies":[{"name":"wp","href":"https:\/\/api.w.org\/{rel}","templated":true}]}}