{"id":22058,"date":"2024-12-16T06:25:48","date_gmt":"2024-12-16T06:25:48","guid":{"rendered":"https:\/\/www.nogometnionline.com\/?post_type=product&#038;p=22058"},"modified":"2024-12-27T13:02:19","modified_gmt":"2024-12-27T13:02:19","slug":"otroski-nogometni-dresi-as-roma-gostujoci-2024-25-bela-mats-hummels-15","status":"publish","type":"product","link":"https:\/\/www.nogometnizaotroke.com\/de\/product\/otroski-nogometni-dresi-as-roma-gostujoci-2024-25-bela-mats-hummels-15\/","title":{"rendered":"Kinder Fu\u00dfball Trikots AS Roma Ausw\u00e4rts 2024-25 wei\u00df Mats Hummels 15"},"content":{"rendered":"<p>Gostujo\u010di dres AS Roma 24-25 je prete\u017eno umazano bel z izrazitimi rde\u010dimi in fluorescentno oran\u017enimi poudarki. Uradne barve so \u201csrebrno bela\/fluorescentno oran\u017ena\/podpe\u010dansko rde\u010da.\u201dNajbolj presenetljiva zna\u010dilnost Gostujo\u010di dresi AS Roma 2024-25 je ognjevita grafika, ki jo navdihujejo uli\u010dni grafiti.Uporabite zna\u010dko Lupetto namesto trenutne zna\u010dke. Slog grafitov se nadaljuje na logotipu.<\/p>\n<p>Tipps f\u00fcr Socken: Das T-Shirt enth\u00e4lt standardm\u00e4\u00dfig keine Socken. Wenn Sie Socken w\u00fcnschen, w\u00e4hlen Sie die Sockenoptionen, um sie zu bezahlen.<\/p>\n<p>Tipp zum Drucken: Wenn der Name und die Nummer auf dem Bild genau Ihren Vorstellungen entsprechen, brauchen Sie sie nicht erneut einzugeben. Ist dies nicht der Fall, geben Sie den gew\u00fcnschten Namen und die Nummer ein.<\/p>\n<p>Waschtipp: Es wird empfohlen, Fu\u00dfballtrikots mit der Hand zu waschen. Wenn Sie eine Waschmaschine benutzen wollen, denken Sie daran, das Trikot umzudrehen und es dann zu waschen. F\u00fcllen Sie die Maschine mit kaltem Wasser und verwenden Sie einen Schonwaschgang, um die Farben besser zu sch\u00fctzen.<\/p>","protected":false},"excerpt":{"rendered":"<p>Gostujo\u010di dres AS Roma 24-25 je prete\u017eno umazano bel z izrazitimi rde\u010dimi in fluorescentno oran\u017enimi poudarki. Uradne barve so \u201csrebrno bela\/fluorescentno oran\u017ena\/podpe\u010dansko rde\u010da.\u201dNajbolj presenetljiva zna\u010dilnost Gostujo\u010di dresi AS Roma 2024-25 je ognjevita grafika, ki jo navdihujejo uli\u010dni grafiti.Uporabite zna\u010dko Lupetto namesto trenutne zna\u010dke. Slog grafitov se nadaljuje na logotipu. Nasveti za nogavice: Majica ne vsebuje [&hellip;]<\/p>","protected":false},"featured_media":22060,"comment_status":"open","ping_status":"closed","template":"","meta":[],"product_brand":[],"product_cat":[73,48],"product_tag":[754,1564,1567,153,1231,220,1565,159,1563,148,1230,147],"class_list":{"0":"post-22058","1":"product","2":"type-product","3":"status-publish","4":"has-post-thumbnail","6":"product_cat-otroski","7":"product_cat-nogometni-dresi-as-roma","8":"product_tag-as-roma-dresi-2024","9":"product_tag-dresi-as-roma-za-otroke","10":"product_tag-mats-hummels-dresi","11":"product_tag-nogometni-dresi","12":"product_tag-nogometni-dresi-as-roma-z-lastnim-imenom","13":"product_tag-nogometni-dresi-za-otroke","14":"product_tag-otroski-dresi-as-roma-z-lastnim-imenom","15":"product_tag-otroski-nogometni-dresi","16":"product_tag-otroski-nogometni-dresi-as-roma","17":"product_tag-poceni-nogometni-dresi","18":"product_tag-poceni-nogometni-dresi-as-roma","19":"product_tag-slovenski-nogometni-dresi","21":"first","22":"instock","23":"shipping-taxable","24":"purchasable","25":"product-type-variable"},"_links":{"self":[{"href":"https:\/\/www.nogometnizaotroke.com\/de\/wp-json\/wp\/v2\/product\/22058","targetHints":{"allow":["GET"]}}],"collection":[{"href":"https:\/\/www.nogometnizaotroke.com\/de\/wp-json\/wp\/v2\/product"}],"about":[{"href":"https:\/\/www.nogometnizaotroke.com\/de\/wp-json\/wp\/v2\/types\/product"}],"replies":[{"embeddable":true,"href":"https:\/\/www.nogometnizaotroke.com\/de\/wp-json\/wp\/v2\/comments?post=22058"}],"wp:featuredmedia":[{"embeddable":true,"href":"https:\/\/www.nogometnizaotroke.com\/de\/wp-json\/wp\/v2\/media\/22060"}],"wp:attachment":[{"href":"https:\/\/www.nogometnizaotroke.com\/de\/wp-json\/wp\/v2\/media?parent=22058"}],"wp:term":[{"taxonomy":"product_brand","embeddable":true,"href":"https:\/\/www.nogometnizaotroke.com\/de\/wp-json\/wp\/v2\/product_brand?post=22058"},{"taxonomy":"product_cat","embeddable":true,"href":"https:\/\/www.nogometnizaotroke.com\/de\/wp-json\/wp\/v2\/product_cat?post=22058"},{"taxonomy":"product_tag","embeddable":true,"href":"https:\/\/www.nogometnizaotroke.com\/de\/wp-json\/wp\/v2\/product_tag?post=22058"}],"curies":[{"name":"wp","href":"https:\/\/api.w.org\/{rel}","templated":true}]}}