{"id":21772,"date":"2024-12-11T12:40:22","date_gmt":"2024-12-11T12:40:22","guid":{"rendered":"https:\/\/www.nogometnionline.com\/?post_type=product&#038;p=21772"},"modified":"2024-12-11T12:40:25","modified_gmt":"2024-12-11T12:40:25","slug":"otroski-nogometni-dresi-kompleti-za-otroke-bvb-borussia-dortmund-tretji-2024-25-felix-nmecha-8","status":"publish","type":"product","link":"https:\/\/www.nogometnizaotroke.com\/de\/product\/otroski-nogometni-dresi-kompleti-za-otroke-bvb-borussia-dortmund-tretji-2024-25-felix-nmecha-8\/","title":{"rendered":"Kinder Fu\u00dfballtrikots Trikots f\u00fcr Kinder BVB Borussia Dortmund Dritte 2024-25 Felix Nmecha 8"},"content":{"rendered":"<p>Novi tretji dres Dortmund 24-25 zdru\u017euje glavno belo barvo z znamenito \u010drno in rumeno barvo BVB.Grb BVB je v beli barvi, medtem ko sponzor 1&amp;1 izstopata v beli in \u010drni barvi \u2013 neposre\u010dena izbira, saj klub nikoli ne bi smel biti tako neviden kot sponzor.Kar nam je v\u0161e\u010d pri tretji dresi BVB 2024-25, so \u010drne in rumene man\u0161ete na rokavih. Velika ovratnica pa je popolnoma \u010drna. Verjetno bi bilo videti \u0161e bolje, \u010de bi se ujemala z man\u0161etami, na primer z rumeno \u010drto po sredini.<\/p>\n<p>Tipps f\u00fcr Socken: Das T-Shirt enth\u00e4lt standardm\u00e4\u00dfig keine Socken. Wenn Sie Socken w\u00fcnschen, w\u00e4hlen Sie die Sockenoptionen, um sie zu bezahlen.<\/p>\n<p>Tipp zum Drucken: Wenn der Name und die Nummer auf dem Bild genau Ihren Vorstellungen entsprechen, brauchen Sie sie nicht erneut einzugeben. Ist dies nicht der Fall, geben Sie den gew\u00fcnschten Namen und die Nummer ein.<\/p>\n<p>Waschtipp: Es wird empfohlen, Fu\u00dfballtrikots mit der Hand zu waschen. Wenn Sie eine Waschmaschine benutzen wollen, denken Sie daran, das Trikot umzudrehen und es dann zu waschen. F\u00fcllen Sie die Maschine mit kaltem Wasser und verwenden Sie einen Schonwaschgang, um die Farben besser zu sch\u00fctzen.<\/p>","protected":false},"excerpt":{"rendered":"<p>Novi tretji dres Dortmund 24-25 zdru\u017euje glavno belo barvo z znamenito \u010drno in rumeno barvo BVB.Grb BVB je v beli barvi, medtem ko sponzor 1&amp;1 izstopata v beli in \u010drni barvi \u2013 neposre\u010dena izbira, saj klub nikoli ne bi smel biti tako neviden kot sponzor.Kar nam je v\u0161e\u010d pri tretji dresi BVB 2024-25, so \u010drne [&hellip;]<\/p>","protected":false},"featured_media":21774,"comment_status":"open","ping_status":"closed","template":"","meta":[],"product_brand":[],"product_cat":[73,45],"product_tag":[1541,1550,153,1542,159,1540,148,195,147],"class_list":{"0":"post-21772","1":"product","2":"type-product","3":"status-publish","4":"has-post-thumbnail","6":"product_cat-otroski","7":"product_cat-nogometni-dresi-dortmund","8":"product_tag-dresi-borussia-dortmund-za-otroke","9":"product_tag-felix-nmecha-dresi","10":"product_tag-nogometni-dresi","11":"product_tag-otroski-dresi-borussia-dortmund-z-lastnim-imenom","12":"product_tag-otroski-nogometni-dresi","13":"product_tag-otroski-nogometni-dresi-borussia-dortmund","14":"product_tag-poceni-nogometni-dresi","15":"product_tag-poceni-otroski-nogometni-dresi-dortmund-z-lastnim-imenom","16":"product_tag-slovenski-nogometni-dresi","18":"first","19":"instock","20":"shipping-taxable","21":"purchasable","22":"product-type-variable"},"_links":{"self":[{"href":"https:\/\/www.nogometnizaotroke.com\/de\/wp-json\/wp\/v2\/product\/21772","targetHints":{"allow":["GET"]}}],"collection":[{"href":"https:\/\/www.nogometnizaotroke.com\/de\/wp-json\/wp\/v2\/product"}],"about":[{"href":"https:\/\/www.nogometnizaotroke.com\/de\/wp-json\/wp\/v2\/types\/product"}],"replies":[{"embeddable":true,"href":"https:\/\/www.nogometnizaotroke.com\/de\/wp-json\/wp\/v2\/comments?post=21772"}],"wp:featuredmedia":[{"embeddable":true,"href":"https:\/\/www.nogometnizaotroke.com\/de\/wp-json\/wp\/v2\/media\/21774"}],"wp:attachment":[{"href":"https:\/\/www.nogometnizaotroke.com\/de\/wp-json\/wp\/v2\/media?parent=21772"}],"wp:term":[{"taxonomy":"product_brand","embeddable":true,"href":"https:\/\/www.nogometnizaotroke.com\/de\/wp-json\/wp\/v2\/product_brand?post=21772"},{"taxonomy":"product_cat","embeddable":true,"href":"https:\/\/www.nogometnizaotroke.com\/de\/wp-json\/wp\/v2\/product_cat?post=21772"},{"taxonomy":"product_tag","embeddable":true,"href":"https:\/\/www.nogometnizaotroke.com\/de\/wp-json\/wp\/v2\/product_tag?post=21772"}],"curies":[{"name":"wp","href":"https:\/\/api.w.org\/{rel}","templated":true}]}}