{"id":21576,"date":"2024-12-09T06:51:19","date_gmt":"2024-12-09T06:51:19","guid":{"rendered":"https:\/\/www.nogometnionline.com\/?post_type=product&#038;p=21576"},"modified":"2024-12-09T06:51:22","modified_gmt":"2024-12-09T06:51:22","slug":"otroski-nogometni-dresi-kompleti-za-otroke-bvb-borussia-dortmund-domaci-2024-25-pascal-gross-13","status":"publish","type":"product","link":"https:\/\/www.nogometnizaotroke.com\/de\/product\/otroski-nogometni-dresi-kompleti-za-otroke-bvb-borussia-dortmund-domaci-2024-25-pascal-gross-13\/","title":{"rendered":"Kinder Fu\u00dfballtrikots Trikots f\u00fcr Kinder BVB Borussia Dortmund Home 2024-25 Pascal Gross 13"},"content":{"rendered":"<p>Borussia Dortmund Doma\u010di dresi 2024-25 nadaljuje ironi\u010den \u010crna in rumena dizajn, ki je sinonim za BVB. V skladu s klubsko dedi\u0161\u010dino je glavni del rumene barve s \u010drtastimi detajli, ki utele\u0161ajo bistvo Borussia Dortmund. \u010crni rokavi dopolnjujejo ovratnik z okroglim izrezom enake barve, kar daje majici \u010disti kroj.<\/p>\n<p>Tipps f\u00fcr Socken: Das T-Shirt enth\u00e4lt standardm\u00e4\u00dfig keine Socken. Wenn Sie Socken w\u00fcnschen, w\u00e4hlen Sie die Sockenoptionen, um sie zu bezahlen.<\/p>\n<p>Tipp zum Drucken: Wenn der Name und die Nummer auf dem Bild genau Ihren Vorstellungen entsprechen, brauchen Sie sie nicht erneut einzugeben. Ist dies nicht der Fall, geben Sie den gew\u00fcnschten Namen und die Nummer ein.<\/p>\n<p>Waschtipp: Es wird empfohlen, Fu\u00dfballtrikots mit der Hand zu waschen. Wenn Sie eine Waschmaschine benutzen wollen, denken Sie daran, das Trikot umzudrehen und es dann zu waschen. F\u00fcllen Sie die Maschine mit kaltem Wasser und verwenden Sie einen Schonwaschgang, um die Farben besser zu sch\u00fctzen.<\/p>","protected":false},"excerpt":{"rendered":"<p>Borussia Dortmund Doma\u010di dresi 2024-25 nadaljuje ironi\u010den \u010crna in rumena dizajn, ki je sinonim za BVB. V skladu s klubsko dedi\u0161\u010dino je glavni del rumene barve s \u010drtastimi detajli, ki utele\u0161ajo bistvo Borussia Dortmund. \u010crni rokavi dopolnjujejo ovratnik z okroglim izrezom enake barve, kar daje majici \u010disti kroj. Nasveti za nogavice: Majica ne vsebuje nogavic [&hellip;]<\/p>","protected":false},"featured_media":21578,"comment_status":"open","ping_status":"closed","template":"","meta":[],"product_brand":[],"product_cat":[73,45],"product_tag":[1541,153,1542,159,1540,1547,148,195,147],"class_list":{"0":"post-21576","1":"product","2":"type-product","3":"status-publish","4":"has-post-thumbnail","6":"product_cat-otroski","7":"product_cat-nogometni-dresi-dortmund","8":"product_tag-dresi-borussia-dortmund-za-otroke","9":"product_tag-nogometni-dresi","10":"product_tag-otroski-dresi-borussia-dortmund-z-lastnim-imenom","11":"product_tag-otroski-nogometni-dresi","12":"product_tag-otroski-nogometni-dresi-borussia-dortmund","13":"product_tag-pascal-gross-dresi","14":"product_tag-poceni-nogometni-dresi","15":"product_tag-poceni-otroski-nogometni-dresi-dortmund-z-lastnim-imenom","16":"product_tag-slovenski-nogometni-dresi","18":"first","19":"instock","20":"shipping-taxable","21":"purchasable","22":"product-type-variable"},"_links":{"self":[{"href":"https:\/\/www.nogometnizaotroke.com\/de\/wp-json\/wp\/v2\/product\/21576","targetHints":{"allow":["GET"]}}],"collection":[{"href":"https:\/\/www.nogometnizaotroke.com\/de\/wp-json\/wp\/v2\/product"}],"about":[{"href":"https:\/\/www.nogometnizaotroke.com\/de\/wp-json\/wp\/v2\/types\/product"}],"replies":[{"embeddable":true,"href":"https:\/\/www.nogometnizaotroke.com\/de\/wp-json\/wp\/v2\/comments?post=21576"}],"wp:featuredmedia":[{"embeddable":true,"href":"https:\/\/www.nogometnizaotroke.com\/de\/wp-json\/wp\/v2\/media\/21578"}],"wp:attachment":[{"href":"https:\/\/www.nogometnizaotroke.com\/de\/wp-json\/wp\/v2\/media?parent=21576"}],"wp:term":[{"taxonomy":"product_brand","embeddable":true,"href":"https:\/\/www.nogometnizaotroke.com\/de\/wp-json\/wp\/v2\/product_brand?post=21576"},{"taxonomy":"product_cat","embeddable":true,"href":"https:\/\/www.nogometnizaotroke.com\/de\/wp-json\/wp\/v2\/product_cat?post=21576"},{"taxonomy":"product_tag","embeddable":true,"href":"https:\/\/www.nogometnizaotroke.com\/de\/wp-json\/wp\/v2\/product_tag?post=21576"}],"curies":[{"name":"wp","href":"https:\/\/api.w.org\/{rel}","templated":true}]}}