{"id":21402,"date":"2024-12-06T07:48:50","date_gmt":"2024-12-06T07:48:50","guid":{"rendered":"https:\/\/www.nogometnionline.com\/?post_type=product&#038;p=21402"},"modified":"2024-12-06T07:48:52","modified_gmt":"2024-12-06T07:48:52","slug":"otroski-nogometni-dresi-za-otroke-tottenham-hotspur-domaci-2024-25-dejan-kulusevski-21","status":"publish","type":"product","link":"https:\/\/www.nogometnizaotroke.com\/de\/product\/otroski-nogometni-dresi-za-otroke-tottenham-hotspur-domaci-2024-25-dejan-kulusevski-21\/","title":{"rendered":"Kinder Fu\u00dfball Trikots f\u00fcr Kinder Tottenham Hotspur Home 2024-25 Dejan Kulusevski 21"},"content":{"rendered":"<p>Najcenej\u0161i dres Tottenham Hotspur 2024-2025 je izjemen \u2013 zdru\u017euje belo osnovo z veliko ve\u010d mornarice kot obi\u010dajno. Rokavi, stranski deli in ovratnik so mornarsko modri. Uradno so barve doma\u010dega dresa Tottenham Hotspur 24-25 \u201cbela\/dvojno modra\/dvojno modra\u201d. Man\u0161ete rokavov doma\u010de opreme Tottenham 24-25 so opremljene z mornarsko belimi robovi.<\/p>\n<p>Tipps f\u00fcr Socken: Das T-Shirt enth\u00e4lt standardm\u00e4\u00dfig keine Socken. Wenn Sie Socken w\u00fcnschen, w\u00e4hlen Sie die Sockenoptionen, um sie zu bezahlen.<\/p>\n<p>Tipp zum Drucken: Wenn der Name und die Nummer auf dem Bild genau Ihren Vorstellungen entsprechen, brauchen Sie sie nicht erneut einzugeben. Ist dies nicht der Fall, geben Sie den gew\u00fcnschten Namen und die Nummer ein.<\/p>\n<p>Waschtipp: Es wird empfohlen, Fu\u00dfballtrikots mit der Hand zu waschen. Wenn Sie eine Waschmaschine benutzen wollen, denken Sie daran, das Trikot umzudrehen und es dann zu waschen. F\u00fcllen Sie die Maschine mit kaltem Wasser und verwenden Sie einen Schonwaschgang, um die Farben besser zu sch\u00fctzen.<\/p>","protected":false},"excerpt":{"rendered":"<p>Najcenej\u0161i dres Tottenham Hotspur 2024-2025 je izjemen \u2013 zdru\u017euje belo osnovo z veliko ve\u010d mornarice kot obi\u010dajno. Rokavi, stranski deli in ovratnik so mornarsko modri. Uradno so barve doma\u010dega dresa Tottenham Hotspur 24-25 \u201cbela\/dvojno modra\/dvojno modra\u201d. Man\u0161ete rokavov doma\u010de opreme Tottenham 24-25 so opremljene z mornarsko belimi robovi. Nasveti za nogavice: Majica ne vsebuje nogavic [&hellip;]<\/p>","protected":false},"featured_media":21404,"comment_status":"open","ping_status":"closed","template":"","meta":[],"product_brand":[],"product_cat":[73,42],"product_tag":[1421,220,591,159,148,590,147],"class_list":{"0":"post-21402","1":"product","2":"type-product","3":"status-publish","4":"has-post-thumbnail","6":"product_cat-otroski","7":"product_cat-nogometni-dresi-tottenham-hotspur","8":"product_tag-dejan-kulusevski-dresi","9":"product_tag-nogometni-dresi-za-otroke","10":"product_tag-otroski-dresi-tottenham-hotspur-z-lastnim-imenom","11":"product_tag-otroski-nogometni-dresi","12":"product_tag-poceni-nogometni-dresi","13":"product_tag-poceni-nogometni-dresi-tottenham-hotspurz-lastnim-imenom-online","14":"product_tag-slovenski-nogometni-dresi","16":"first","17":"instock","18":"shipping-taxable","19":"purchasable","20":"product-type-variable"},"_links":{"self":[{"href":"https:\/\/www.nogometnizaotroke.com\/de\/wp-json\/wp\/v2\/product\/21402","targetHints":{"allow":["GET"]}}],"collection":[{"href":"https:\/\/www.nogometnizaotroke.com\/de\/wp-json\/wp\/v2\/product"}],"about":[{"href":"https:\/\/www.nogometnizaotroke.com\/de\/wp-json\/wp\/v2\/types\/product"}],"replies":[{"embeddable":true,"href":"https:\/\/www.nogometnizaotroke.com\/de\/wp-json\/wp\/v2\/comments?post=21402"}],"wp:featuredmedia":[{"embeddable":true,"href":"https:\/\/www.nogometnizaotroke.com\/de\/wp-json\/wp\/v2\/media\/21404"}],"wp:attachment":[{"href":"https:\/\/www.nogometnizaotroke.com\/de\/wp-json\/wp\/v2\/media?parent=21402"}],"wp:term":[{"taxonomy":"product_brand","embeddable":true,"href":"https:\/\/www.nogometnizaotroke.com\/de\/wp-json\/wp\/v2\/product_brand?post=21402"},{"taxonomy":"product_cat","embeddable":true,"href":"https:\/\/www.nogometnizaotroke.com\/de\/wp-json\/wp\/v2\/product_cat?post=21402"},{"taxonomy":"product_tag","embeddable":true,"href":"https:\/\/www.nogometnizaotroke.com\/de\/wp-json\/wp\/v2\/product_tag?post=21402"}],"curies":[{"name":"wp","href":"https:\/\/api.w.org\/{rel}","templated":true}]}}