{"id":21143,"date":"2024-12-02T07:25:18","date_gmt":"2024-12-02T07:25:18","guid":{"rendered":"https:\/\/www.nogometnionline.com\/?post_type=product&#038;p=21143"},"modified":"2024-12-02T07:25:20","modified_gmt":"2024-12-02T07:25:20","slug":"otroski-nogometni-dresi-kompleti-za-otroke-newcastle-united-gostujoci-2024-25-tino-livramento-21","status":"publish","type":"product","link":"https:\/\/www.nogometnizaotroke.com\/de\/product\/otroski-nogometni-dresi-kompleti-za-otroke-newcastle-united-gostujoci-2024-25-tino-livramento-21\/","title":{"rendered":"Kinder Fu\u00dfballtrikots Trikots f\u00fcr Kinder Newcastle United Away 2024-25 Tino Livramento 21"},"content":{"rendered":"<p>Gostujo\u010di dres Newcastle United 2024-2025 vra\u010da videz dresi za goste 1995-96. Ima kostanjeve in modre vodoravne \u010drte v kombinaciji z belimi logotipi.Uradno so barve gostujo\u010di dresi Newcastle 24-25 \u201cTeam College Burgundy\/Night Sky\/White\u201d. Team College Burgundy se uporablja tudi za komplet za trening Newcastle United 24-25, kar daje dober vtis barve.<\/p>\n<p>Tipps f\u00fcr Socken: Das T-Shirt enth\u00e4lt standardm\u00e4\u00dfig keine Socken. Wenn Sie Socken w\u00fcnschen, w\u00e4hlen Sie die Sockenoptionen, um sie zu bezahlen.<\/p>\n<p>Tipp zum Drucken: Wenn der Name und die Nummer auf dem Bild genau Ihren Vorstellungen entsprechen, brauchen Sie sie nicht erneut einzugeben. Ist dies nicht der Fall, geben Sie den gew\u00fcnschten Namen und die Nummer ein.<\/p>\n<p>Waschtipp: Es wird empfohlen, Fu\u00dfballtrikots mit der Hand zu waschen. Wenn Sie eine Waschmaschine benutzen wollen, denken Sie daran, das Trikot umzudrehen und es dann zu waschen. F\u00fcllen Sie die Maschine mit kaltem Wasser und verwenden Sie einen Schonwaschgang, um die Farben besser zu sch\u00fctzen.<\/p>","protected":false},"excerpt":{"rendered":"<p>Gostujo\u010di dres Newcastle United 2024-2025 vra\u010da videz dresi za goste 1995-96. Ima kostanjeve in modre vodoravne \u010drte v kombinaciji z belimi logotipi.Uradno so barve gostujo\u010di dresi Newcastle 24-25 \u201cTeam College Burgundy\/Night Sky\/White\u201d. Team College Burgundy se uporablja tudi za komplet za trening Newcastle United 24-25, kar daje dober vtis barve. Nasveti za nogavice: Majica ne [&hellip;]<\/p>","protected":false},"featured_media":21145,"comment_status":"open","ping_status":"closed","template":"","meta":[],"product_brand":[],"product_cat":[73,68],"product_tag":[1005,153,220,1006,159,1004,148,147,1527],"class_list":{"0":"post-21143","1":"product","2":"type-product","3":"status-publish","4":"has-post-thumbnail","6":"product_cat-otroski","7":"product_cat-nogometni-dresi-newcastle-united","8":"product_tag-dresi-newcastle-united-za-otroke","9":"product_tag-nogometni-dresi","10":"product_tag-nogometni-dresi-za-otroke","11":"product_tag-otroski-dresi-newcastle-united-z-lastnim-imenom","12":"product_tag-otroski-nogometni-dresi","13":"product_tag-otroski-nogometni-dresi-newcastle-united","14":"product_tag-poceni-nogometni-dresi","15":"product_tag-slovenski-nogometni-dresi","16":"product_tag-tino-livramento-dresi","18":"first","19":"instock","20":"shipping-taxable","21":"purchasable","22":"product-type-variable"},"_links":{"self":[{"href":"https:\/\/www.nogometnizaotroke.com\/de\/wp-json\/wp\/v2\/product\/21143","targetHints":{"allow":["GET"]}}],"collection":[{"href":"https:\/\/www.nogometnizaotroke.com\/de\/wp-json\/wp\/v2\/product"}],"about":[{"href":"https:\/\/www.nogometnizaotroke.com\/de\/wp-json\/wp\/v2\/types\/product"}],"replies":[{"embeddable":true,"href":"https:\/\/www.nogometnizaotroke.com\/de\/wp-json\/wp\/v2\/comments?post=21143"}],"wp:featuredmedia":[{"embeddable":true,"href":"https:\/\/www.nogometnizaotroke.com\/de\/wp-json\/wp\/v2\/media\/21145"}],"wp:attachment":[{"href":"https:\/\/www.nogometnizaotroke.com\/de\/wp-json\/wp\/v2\/media?parent=21143"}],"wp:term":[{"taxonomy":"product_brand","embeddable":true,"href":"https:\/\/www.nogometnizaotroke.com\/de\/wp-json\/wp\/v2\/product_brand?post=21143"},{"taxonomy":"product_cat","embeddable":true,"href":"https:\/\/www.nogometnizaotroke.com\/de\/wp-json\/wp\/v2\/product_cat?post=21143"},{"taxonomy":"product_tag","embeddable":true,"href":"https:\/\/www.nogometnizaotroke.com\/de\/wp-json\/wp\/v2\/product_tag?post=21143"}],"curies":[{"name":"wp","href":"https:\/\/api.w.org\/{rel}","templated":true}]}}