{"id":20916,"date":"2024-11-27T07:00:06","date_gmt":"2024-11-27T07:00:06","guid":{"rendered":"https:\/\/www.nogometnionline.com\/?post_type=product&#038;p=20916"},"modified":"2025-03-11T02:29:14","modified_gmt":"2025-03-11T02:29:14","slug":"poceni-nogometni-dresi-kompleti-francija-domaci-ep-2024-antoine-griezmann-7","status":"publish","type":"product","link":"https:\/\/www.nogometnizaotroke.com\/de\/product\/poceni-nogometni-dresi-kompleti-francija-domaci-ep-2024-antoine-griezmann-7\/","title":{"rendered":"Kinder Fu\u00dfballtrikots Trikots f\u00fcr Kinder Wolves Home 2024-25 Jean-Ricner Bellegarde 27"},"content":{"rendered":"<p>Frankreichs Nationalmannschaft Das Heimtrikot der EM 2024 hat ein klassisches, aber elegantes Design. Es ist haupts\u00e4chlich in \"Hellblau\" gehalten, was eine Abkehr von der Farbgebung der EM 2022 in Marineblau darstellt. Kombiniert mit diesem Blauton sind \"Universit\u00e4tsrot\" und Wei\u00df.<br \/>\nDas Auff\u00e4lligste am Frankreich 2024-Trikot ist das Wappen. Der Swoosh hat das ber\u00fchmte FFF-Logo in einer neuen, klassischen Farbgebung auf den Markt gebracht, und auch das Wappen ist von gigantischer Gr\u00f6\u00dfe. Der Kragen hat eine Trompete und eine einzigartige versetzte V-Konstruktion.<\/p>\n<p>Tipps f\u00fcr Socken: Das T-Shirt enth\u00e4lt standardm\u00e4\u00dfig keine Socken. Wenn Sie Socken w\u00fcnschen, w\u00e4hlen Sie die Sockenoptionen, um sie zu bezahlen.<\/p>\n<p>Tipp zum Drucken: Wenn der Name und die Nummer auf dem Bild genau Ihren Vorstellungen entsprechen, brauchen Sie sie nicht erneut einzugeben. Ist dies nicht der Fall, geben Sie den gew\u00fcnschten Namen und die Nummer ein.<\/p>\n<p>Waschtipp: Es wird empfohlen, Fu\u00dfballtrikots mit der Hand zu waschen. Wenn Sie eine Waschmaschine benutzen wollen, denken Sie daran, das Trikot umzudrehen und es dann zu waschen. F\u00fcllen Sie die Maschine mit kaltem Wasser und verwenden Sie einen Schonwaschgang, um die Farben besser zu sch\u00fctzen.<\/p>","protected":false},"excerpt":{"rendered":"<p>Francija Reprezentance Doma\u010di EM 2024 dresi ima klasi\u010den, a eleganten dizajn. V glavnem je \u201csvetlo modra\u201d, ki se odmika od mornarske barvne sheme leta 2022. V kombinaciji s tem modrim odtenkom sta \u201cuniverzitetna rde\u010da\u201d in bela. Kar je najbolj presenetljivo pri dresu Francije 2024, je grb. Swoosh se je za\u010del novo klasi\u010dno barvno shemo slavnega [&hellip;]<\/p>","protected":false},"featured_media":23829,"comment_status":"open","ping_status":"closed","template":"","meta":[],"product_brand":[],"product_cat":[778,140,76],"product_tag":[1116,1736,153,1682,1732,1117,685,1680,1683,147],"class_list":{"0":"post-20916","1":"product","2":"type-product","3":"status-publish","4":"has-post-thumbnail","6":"product_cat-euro-2024","7":"product_cat-moski","8":"product_cat-dresi-francija-reprezentance","9":"product_tag-dresi-wolves-za-otroke","10":"product_tag-jean-ricner-bellegarde-dresi","11":"product_tag-nogometni-dresi","12":"product_tag-nogometni-dresi-trgovina","13":"product_tag-nogometni-dresi-wolves-za-otroke","14":"product_tag-otroski-dresi-wolves-z-lastnim-imenom","15":"product_tag-otroski-nogometni-dresi-wolves","16":"product_tag-poceni-nogometni-dresi-kompleti","17":"product_tag-poceni-nogometni-dresi-za-otroke","18":"product_tag-slovenski-nogometni-dresi","20":"first","21":"instock","22":"shipping-taxable","23":"purchasable","24":"product-type-variable"},"_links":{"self":[{"href":"https:\/\/www.nogometnizaotroke.com\/de\/wp-json\/wp\/v2\/product\/20916","targetHints":{"allow":["GET"]}}],"collection":[{"href":"https:\/\/www.nogometnizaotroke.com\/de\/wp-json\/wp\/v2\/product"}],"about":[{"href":"https:\/\/www.nogometnizaotroke.com\/de\/wp-json\/wp\/v2\/types\/product"}],"replies":[{"embeddable":true,"href":"https:\/\/www.nogometnizaotroke.com\/de\/wp-json\/wp\/v2\/comments?post=20916"}],"wp:featuredmedia":[{"embeddable":true,"href":"https:\/\/www.nogometnizaotroke.com\/de\/wp-json\/wp\/v2\/media\/23829"}],"wp:attachment":[{"href":"https:\/\/www.nogometnizaotroke.com\/de\/wp-json\/wp\/v2\/media?parent=20916"}],"wp:term":[{"taxonomy":"product_brand","embeddable":true,"href":"https:\/\/www.nogometnizaotroke.com\/de\/wp-json\/wp\/v2\/product_brand?post=20916"},{"taxonomy":"product_cat","embeddable":true,"href":"https:\/\/www.nogometnizaotroke.com\/de\/wp-json\/wp\/v2\/product_cat?post=20916"},{"taxonomy":"product_tag","embeddable":true,"href":"https:\/\/www.nogometnizaotroke.com\/de\/wp-json\/wp\/v2\/product_tag?post=20916"}],"curies":[{"name":"wp","href":"https:\/\/api.w.org\/{rel}","templated":true}]}}