{"id":20774,"date":"2024-11-25T05:45:09","date_gmt":"2024-11-25T05:45:09","guid":{"rendered":"https:\/\/www.nogometnionline.com\/?post_type=product&#038;p=20774"},"modified":"2025-03-11T02:28:20","modified_gmt":"2025-03-11T02:28:20","slug":"otroski-nogometni-dresi-kompleti-fc-bayern-munich-tretji-2024-25-raphael-guerreiro-22","status":"publish","type":"product","link":"https:\/\/www.nogometnizaotroke.com\/de\/product\/otroski-nogometni-dresi-kompleti-fc-bayern-munich-tretji-2024-25-raphael-guerreiro-22\/","title":{"rendered":"Kaufen Sie Kinder Fu\u00dfballtrikots f\u00fcr Kinder Paris Saint-Germain PSG Torwart Third 2024-25 Gianluigi Donnarumma 1"},"content":{"rendered":"<p>Das FC Bayern M\u00fcnchen Dritte 2024-25 Trikot zeichnet sich durch einen unvergleichlichen Stil aus, der die ironischen roten und wei\u00dfen Vereinsfarben mit einer subtilen Rautengrafik kombiniert. Zus\u00e4tzlich zu dem ironischen Dreiblatt-Design zeigt das Trikot die R\u00fcckkehr des klassischen Vereinsabzeichens aus den 1970er Jahren und feiert damit die goldenen Jahre der Vereinsgeschichte. Das Trikot erh\u00e4lt einen letzten Schliff, einen flach gestrickten Polokragen mit dem FCB-Emblem im Nacken.<\/p>\n<p>Tipps f\u00fcr Socken: Das T-Shirt enth\u00e4lt standardm\u00e4\u00dfig keine Socken. Wenn Sie Socken w\u00fcnschen, w\u00e4hlen Sie die Sockenoptionen, um sie zu bezahlen.<\/p>\n<p>Tipp zum Drucken: Wenn der Name und die Nummer auf dem Bild genau Ihren Vorstellungen entsprechen, brauchen Sie sie nicht erneut einzugeben. Ist dies nicht der Fall, geben Sie den gew\u00fcnschten Namen und die Nummer ein.<\/p>\n<p>Waschtipp: Es wird empfohlen, Fu\u00dfballtrikots mit der Hand zu waschen. Wenn Sie eine Waschmaschine benutzen wollen, denken Sie daran, das Trikot umzudrehen und es dann zu waschen. F\u00fcllen Sie die Maschine mit kaltem Wasser und verwenden Sie einen Schonwaschgang, um die Farben besser zu sch\u00fctzen.<\/p>","protected":false},"excerpt":{"rendered":"<p>FC Bayern Munich Tretji 2024-25 dresi ima neprimerljiv slog, ki zdru\u017euje ironi\u010dne rde\u010de in bele barve kluba preko subtilne diamantne grafike. Poleg ironi\u010dnega trilistnima je na dresu vrnjena klasi\u010dna klubska zna\u010dka iz sedemdesetih let prej\u0161njega stoletja, ki slavi zlata leta v zgodovini kluba. Komplet dobi \u0161e zadnji dotik, ravno pleten polo ovratnik z oznako FCB [&hellip;]<\/p>","protected":false},"featured_media":23823,"comment_status":"open","ping_status":"closed","template":"","meta":[],"product_brand":[],"product_cat":[73,40],"product_tag":[153,1725,1682,1726,1727,1680,1683,147],"class_list":{"0":"post-20774","1":"product","2":"type-product","3":"status-publish","4":"has-post-thumbnail","6":"product_cat-otroski","7":"product_cat-nogometni-dresi-bayern-munich","8":"product_tag-nogometni-dresi","9":"product_tag-nogometni-dresi-psg-za-otroke","10":"product_tag-nogometni-dresi-trgovina","11":"product_tag-otroski-dresi-psg-z-lastnim-imenom","12":"product_tag-otroski-nogometni-dresi-psg","13":"product_tag-poceni-nogometni-dresi-kompleti","14":"product_tag-poceni-nogometni-dresi-za-otroke","15":"product_tag-slovenski-nogometni-dresi","17":"first","18":"instock","19":"shipping-taxable","20":"purchasable","21":"product-type-variable"},"_links":{"self":[{"href":"https:\/\/www.nogometnizaotroke.com\/de\/wp-json\/wp\/v2\/product\/20774","targetHints":{"allow":["GET"]}}],"collection":[{"href":"https:\/\/www.nogometnizaotroke.com\/de\/wp-json\/wp\/v2\/product"}],"about":[{"href":"https:\/\/www.nogometnizaotroke.com\/de\/wp-json\/wp\/v2\/types\/product"}],"replies":[{"embeddable":true,"href":"https:\/\/www.nogometnizaotroke.com\/de\/wp-json\/wp\/v2\/comments?post=20774"}],"wp:featuredmedia":[{"embeddable":true,"href":"https:\/\/www.nogometnizaotroke.com\/de\/wp-json\/wp\/v2\/media\/23823"}],"wp:attachment":[{"href":"https:\/\/www.nogometnizaotroke.com\/de\/wp-json\/wp\/v2\/media?parent=20774"}],"wp:term":[{"taxonomy":"product_brand","embeddable":true,"href":"https:\/\/www.nogometnizaotroke.com\/de\/wp-json\/wp\/v2\/product_brand?post=20774"},{"taxonomy":"product_cat","embeddable":true,"href":"https:\/\/www.nogometnizaotroke.com\/de\/wp-json\/wp\/v2\/product_cat?post=20774"},{"taxonomy":"product_tag","embeddable":true,"href":"https:\/\/www.nogometnizaotroke.com\/de\/wp-json\/wp\/v2\/product_tag?post=20774"}],"curies":[{"name":"wp","href":"https:\/\/api.w.org\/{rel}","templated":true}]}}